{"id":7710,"date":"2023-10-23T13:24:26","date_gmt":"2023-10-23T13:24:26","guid":{"rendered":"https:\/\/dev.jura-resort.ch\/sports-freizeit\/dojo\/"},"modified":"2025-09-24T12:42:12","modified_gmt":"2025-09-24T12:42:12","slug":"dojo","status":"publish","type":"page","link":"https:\/\/dev.jura-resort.ch\/de\/sports-freizeit\/dojo\/","title":{"rendered":"Dojo"},"content":{"rendered":"\t\t<div data-elementor-type=\"wp-page\" data-elementor-id=\"7710\" class=\"elementor elementor-7710 elementor-79\" data-elementor-post-type=\"page\">\n\t\t\t\t<div class=\"elementor-element elementor-element-65c7e2e e-flex e-con-boxed e-con e-parent\" data-id=\"65c7e2e\" data-element_type=\"container\">\n\t\t\t\t\t<div class=\"e-con-inner\">\n\t\t\t\t<div class=\"elementor-element elementor-element-1088f73 elementor-widget elementor-widget-text-editor\" data-id=\"1088f73\" data-element_type=\"widget\" data-widget_type=\"text-editor.default\">\n\t\t\t\t<div class=\"elementor-widget-container\">\n\t\t\t\t\t\t\t\t\t<p>Dieser Ort ist ideal f\u00fcr die Aus\u00fcbung von Kampfsportarten wie Judo, Karate und Ju-Jitsu.<\/p><p>Das Dojo kann gemietet werden, f\u00fcr weitere Informationen: info@jura-resort.ch<\/p>\t\t\t\t\t\t\t\t<\/div>\n\t\t\t\t<\/div>\n\t\t<div class=\"elementor-element elementor-element-4dc4d948 e-con-full e-flex e-con e-child\" data-id=\"4dc4d948\" data-element_type=\"container\">\n\t\t\t\t<div class=\"elementor-element elementor-element-efcfd14 elementor-widget elementor-widget-image\" data-id=\"efcfd14\" data-element_type=\"widget\" data-widget_type=\"image.default\">\n\t\t\t\t<div class=\"elementor-widget-container\">\n\t\t\t\t\t\t\t\t\t\t\t\t\t\t\t<img fetchpriority=\"high\" decoding=\"async\" width=\"659\" height=\"439\" src=\"https:\/\/dev.jura-resort.ch\/wp-content\/uploads\/2023\/10\/SPPJ0137.jpg\" class=\"attachment-large size-large wp-image-1400\" alt=\"\" srcset=\"https:\/\/dev.jura-resort.ch\/wp-content\/uploads\/2023\/10\/SPPJ0137.jpg 659w, https:\/\/dev.jura-resort.ch\/wp-content\/uploads\/2023\/10\/SPPJ0137-300x200.jpg 300w\" sizes=\"(max-width: 659px) 100vw, 659px\" \/>\t\t\t\t\t\t\t\t\t\t\t\t\t\t\t<\/div>\n\t\t\t\t<\/div>\n\t\t\t\t<div class=\"elementor-element elementor-element-694db99d elementor-widget elementor-widget-text-editor\" data-id=\"694db99d\" data-element_type=\"widget\" data-widget_type=\"text-editor.default\">\n\t\t\t\t<div class=\"elementor-widget-container\">\n\t\t\t\t\t\t\t\t\t<h2 class=\"customh2\">Infrastruktur<\/h2><p>- 2 Tatamis<\/p><h2 class=\"customh2\">Die Kurse<\/h2><p>- Aikido<\/p><p>- Judo<\/p><p>- Ju-jitsu<\/p><p>- Selbstverteidigung Frau<\/p><p>- Karate<\/p><p>- Kardio Tai Box<\/p><div class=\"nwVKo\"><div class=\"loJjTe\"> <\/div><\/div>\t\t\t\t\t\t\t\t<\/div>\n\t\t\t\t<\/div>\n\t\t\t\t<\/div>\n\t\t\t\t<div class=\"elementor-element elementor-element-3e09468 dataaccordion elementor-widget elementor-widget-accordion\" data-id=\"3e09468\" data-element_type=\"widget\" data-widget_type=\"accordion.default\">\n\t\t\t\t<div class=\"elementor-widget-container\">\n\t\t\t\t\t\t\t<div class=\"elementor-accordion\">\n\t\t\t\t\t\t\t<div class=\"elementor-accordion-item\">\n\t\t\t\t\t<div id=\"elementor-tab-title-6501\" class=\"elementor-tab-title\" data-tab=\"1\" role=\"button\" aria-controls=\"elementor-tab-content-6501\" aria-expanded=\"false\">\n\t\t\t\t\t\t\t\t\t\t\t\t\t<span class=\"elementor-accordion-icon elementor-accordion-icon-right\" aria-hidden=\"true\">\n\t\t\t\t\t\t\t\t\t\t\t\t\t\t\t<span class=\"elementor-accordion-icon-closed\"><i class=\"fas fa-chevron-down\"><\/i><\/span>\n\t\t\t\t\t\t\t\t<span class=\"elementor-accordion-icon-opened\"><i class=\"fas fa-chevron-up\"><\/i><\/span>\n\t\t\t\t\t\t\t\t\t\t\t\t\t\t<\/span>\n\t\t\t\t\t\t\t\t\t\t\t\t<a class=\"elementor-accordion-title\" tabindex=\"0\">Informationen und Ausk\u00fcnfte zu den Kursen<\/a>\n\t\t\t\t\t<\/div>\n\t\t\t\t\t<div id=\"elementor-tab-content-6501\" class=\"elementor-tab-content elementor-clearfix\" data-tab=\"1\" role=\"region\" aria-labelledby=\"elementor-tab-title-6501\"><p>- Site internet Judo Karate Ju-Jitsu Franches-Montagnes <a href=\"http:\/\/jcfm.ch\/\" target=\"_blank\" rel=\"noopener\">http:\/\/jcfm.ch\/<\/a><\/p>\n<\/div>\n\t\t\t\t<\/div>\n\t\t\t\t\t\t\t<div class=\"elementor-accordion-item\">\n\t\t\t\t\t<div id=\"elementor-tab-title-6502\" class=\"elementor-tab-title\" data-tab=\"2\" role=\"button\" aria-controls=\"elementor-tab-content-6502\" aria-expanded=\"false\">\n\t\t\t\t\t\t\t\t\t\t\t\t\t<span class=\"elementor-accordion-icon elementor-accordion-icon-right\" aria-hidden=\"true\">\n\t\t\t\t\t\t\t\t\t\t\t\t\t\t\t<span class=\"elementor-accordion-icon-closed\"><i class=\"fas fa-chevron-down\"><\/i><\/span>\n\t\t\t\t\t\t\t\t<span class=\"elementor-accordion-icon-opened\"><i class=\"fas fa-chevron-up\"><\/i><\/span>\n\t\t\t\t\t\t\t\t\t\t\t\t\t\t<\/span>\n\t\t\t\t\t\t\t\t\t\t\t\t<a class=\"elementor-accordion-title\" tabindex=\"0\">TARIFE<\/a>\n\t\t\t\t\t<\/div>\n\t\t\t\t\t<div id=\"elementor-tab-content-6502\" class=\"elementor-tab-content elementor-clearfix\" data-tab=\"2\" role=\"region\" aria-labelledby=\"elementor-tab-title-6502\"><p>Der Jahresbeitrag f\u00fcr Erwachsene betr\u00e4gt Fr. 360. Erster Monat kostenlos  <\/p>\n<p>Der Jahresbeitrag f\u00fcr Kinder betr\u00e4gt Fr. 240. Erster Monat kostenlos.  <\/p>\n<p>Eintrittsgeb\u00fchr von Fr. 25.  <\/p>\n<\/div>\n\t\t\t\t<\/div>\n\t\t\t\t\t\t\t\t<\/div>\n\t\t\t\t\t\t<\/div>\n\t\t\t\t<\/div>\n\t\t\t\t<div class=\"elementor-element elementor-element-846ba81 elementor-widget elementor-widget-template\" data-id=\"846ba81\" data-element_type=\"widget\" data-widget_type=\"template.default\">\n\t\t\t\t<div class=\"elementor-widget-container\">\n\t\t\t\t\t\t\t<div class=\"elementor-template\">\n\t\t\t\t\t<div data-elementor-type=\"container\" data-elementor-id=\"7688\" class=\"elementor elementor-7688 elementor-7374\" data-elementor-post-type=\"elementor_library\">\n\t\t\t\t<div class=\"elementor-element elementor-element-c81b731 e-con-full e-flex e-con e-child\" data-id=\"c81b731\" data-element_type=\"container\">\n\t\t\t\t<div class=\"elementor-element elementor-element-3e8399c elementor-widget-divider--view-line elementor-widget elementor-widget-divider\" data-id=\"3e8399c\" data-element_type=\"widget\" data-widget_type=\"divider.default\">\n\t\t\t\t<div class=\"elementor-widget-container\">\n\t\t\t\t\t\t\t<div class=\"elementor-divider\">\n\t\t\t<span class=\"elementor-divider-separator\">\n\t\t\t\t\t\t<\/span>\n\t\t<\/div>\n\t\t\t\t\t\t<\/div>\n\t\t\t\t<\/div>\n\t\t\t\t<div class=\"elementor-element elementor-element-c1355a6 elementor-widget elementor-widget-heading\" data-id=\"c1355a6\" data-element_type=\"widget\" data-widget_type=\"heading.default\">\n\t\t\t\t<div class=\"elementor-widget-container\">\n\t\t\t\t\t<h2 class=\"elementor-heading-title elementor-size-default\">Unsere Angebote<\/h2>\t\t\t\t<\/div>\n\t\t\t\t<\/div>\n\t\t<div class=\"elementor-element elementor-element-933640d e-grid e-con-boxed e-con e-child\" data-id=\"933640d\" data-element_type=\"container\">\n\t\t\t\t\t<div class=\"e-con-inner\">\n\t\t\t\t<div class=\"elementor-element elementor-element-430fa82 elementor-position-top elementor-widget elementor-widget-image-box\" data-id=\"430fa82\" data-element_type=\"widget\" data-widget_type=\"image-box.default\">\n\t\t\t\t<div class=\"elementor-widget-container\">\n\t\t\t\t\t<div class=\"elementor-image-box-wrapper\"><figure class=\"elementor-image-box-img\"><a href=\"https:\/\/dev.jura-resort.ch\/de\/geschenkgutscheine\/\" tabindex=\"-1\"><img decoding=\"async\" width=\"1024\" height=\"683\" src=\"https:\/\/dev.jura-resort.ch\/wp-content\/uploads\/2025\/12\/accueil-bons-cadeaux.jpg\" class=\"attachment-full size-full wp-image-8614\" alt=\"\" srcset=\"https:\/\/dev.jura-resort.ch\/wp-content\/uploads\/2025\/12\/accueil-bons-cadeaux.jpg 1024w, https:\/\/dev.jura-resort.ch\/wp-content\/uploads\/2025\/12\/accueil-bons-cadeaux-300x200.jpg 300w, https:\/\/dev.jura-resort.ch\/wp-content\/uploads\/2025\/12\/accueil-bons-cadeaux-768x512.jpg 768w\" sizes=\"(max-width: 1024px) 100vw, 1024px\" \/><\/a><\/figure><div class=\"elementor-image-box-content\"><p class=\"elementor-image-box-title\"><a href=\"https:\/\/dev.jura-resort.ch\/de\/geschenkgutscheine\/\">Geschenkgutscheine<\/a><\/p><\/div><\/div>\t\t\t\t<\/div>\n\t\t\t\t<\/div>\n\t\t\t\t<div class=\"elementor-element elementor-element-5850ef1 elementor-position-top elementor-widget elementor-widget-image-box\" data-id=\"5850ef1\" data-element_type=\"widget\" data-widget_type=\"image-box.default\">\n\t\t\t\t<div class=\"elementor-widget-container\">\n\t\t\t\t\t<div class=\"elementor-image-box-wrapper\"><figure class=\"elementor-image-box-img\"><a href=\"https:\/\/dev.jura-resort.ch\/reservation-entrees-wellness\" tabindex=\"-1\"><img decoding=\"async\" width=\"1000\" height=\"667\" src=\"https:\/\/dev.jura-resort.ch\/wp-content\/uploads\/2024\/12\/Forfait-Wellness-Confort-1-adulte.jpg\" class=\"attachment-full size-full wp-image-5949\" alt=\"\" srcset=\"https:\/\/dev.jura-resort.ch\/wp-content\/uploads\/2024\/12\/Forfait-Wellness-Confort-1-adulte.jpg 1000w, https:\/\/dev.jura-resort.ch\/wp-content\/uploads\/2024\/12\/Forfait-Wellness-Confort-1-adulte-300x200.jpg 300w, https:\/\/dev.jura-resort.ch\/wp-content\/uploads\/2024\/12\/Forfait-Wellness-Confort-1-adulte-768x512.jpg 768w, https:\/\/dev.jura-resort.ch\/wp-content\/uploads\/2024\/12\/Forfait-Wellness-Confort-1-adulte-600x400.jpg 600w\" sizes=\"(max-width: 1000px) 100vw, 1000px\" \/><\/a><\/figure><div class=\"elementor-image-box-content\"><p class=\"elementor-image-box-title\"><a href=\"https:\/\/dev.jura-resort.ch\/reservation-entrees-wellness\">Eintr\u00e4ge Wellness<\/a><\/p><\/div><\/div>\t\t\t\t<\/div>\n\t\t\t\t<\/div>\n\t\t\t\t<div class=\"elementor-element elementor-element-ebd281e elementor-position-top elementor-widget elementor-widget-image-box\" data-id=\"ebd281e\" data-element_type=\"widget\" data-widget_type=\"image-box.default\">\n\t\t\t\t<div class=\"elementor-widget-container\">\n\t\t\t\t\t<div class=\"elementor-image-box-wrapper\"><figure class=\"elementor-image-box-img\"><a href=\"https:\/\/dev.jura-resort.ch\/de\/hospitality\/3-hotel\/\" tabindex=\"-1\"><img loading=\"lazy\" decoding=\"async\" width=\"1024\" height=\"1280\" src=\"https:\/\/dev.jura-resort.ch\/wp-content\/uploads\/2025\/12\/accueil-hotel.jpg\" class=\"attachment-full size-full wp-image-8618\" alt=\"\" srcset=\"https:\/\/dev.jura-resort.ch\/wp-content\/uploads\/2025\/12\/accueil-hotel.jpg 1024w, https:\/\/dev.jura-resort.ch\/wp-content\/uploads\/2025\/12\/accueil-hotel-240x300.jpg 240w, https:\/\/dev.jura-resort.ch\/wp-content\/uploads\/2025\/12\/accueil-hotel-819x1024.jpg 819w, https:\/\/dev.jura-resort.ch\/wp-content\/uploads\/2025\/12\/accueil-hotel-768x960.jpg 768w\" sizes=\"(max-width: 1024px) 100vw, 1024px\" \/><\/a><\/figure><div class=\"elementor-image-box-content\"><p class=\"elementor-image-box-title\"><a href=\"https:\/\/dev.jura-resort.ch\/de\/hospitality\/3-hotel\/\">Buchen Sie ein Zimmer<\/a><\/p><\/div><\/div>\t\t\t\t<\/div>\n\t\t\t\t<\/div>\n\t\t\t\t\t<\/div>\n\t\t\t\t<\/div>\n\t\t<div class=\"elementor-element elementor-element-2a99413 e-flex e-con-boxed e-con e-child\" data-id=\"2a99413\" data-element_type=\"container\">\n\t\t\t\t\t<div class=\"e-con-inner\">\n\t\t\t\t<div class=\"elementor-element elementor-element-4484174 elementor-grid-5 elementor-grid-mobile-2 elementor-grid-tablet-5 elementor-widget elementor-widget-pp-logo-grid\" data-id=\"4484174\" data-element_type=\"widget\" data-settings=\"{&quot;columns&quot;:&quot;5&quot;,&quot;columns_mobile&quot;:&quot;2&quot;,&quot;columns_tablet&quot;:&quot;5&quot;}\" data-widget_type=\"pp-logo-grid.default\">\n\t\t\t\t<div class=\"elementor-widget-container\">\n\t\t\t\t\t\t\t<div class=\"pp-logo-grid elementor-grid\">\n\t\t\t\t\t\t\t\t<div class=\"pp-grid-item-wrap elementor-grid-item elementor-repeater-item-8d85b28\">\n\t\t\t\t\t\t<div class=\"pp-grid-item\">\n\t\t\t\t\t\t<img decoding=\"async\" src=\"https:\/\/dev.jura-resort.ch\/wp-content\/uploads\/2025\/12\/Bike-Hotel.jpg\" alt=\"Bike-Hotel.jpg\" \/>\t\t\t\t\t\t<\/div>\n\t\t\t\t\t\t\t\t\t\t\t<\/div>\n\t\t\t\t\t\t\t\t\t\t<div class=\"pp-grid-item-wrap elementor-grid-item elementor-repeater-item-c3e63b1\">\n\t\t\t\t\t\t<div class=\"pp-grid-item\">\n\t\t\t\t\t\t<img decoding=\"async\" src=\"https:\/\/dev.jura-resort.ch\/wp-content\/uploads\/2025\/12\/Wellness-Hotel-HotellerieSuisse.jpg\" alt=\"Wellness-Hotel-HotellerieSuisse.jpg\" \/>\t\t\t\t\t\t<\/div>\n\t\t\t\t\t\t\t\t\t\t\t<\/div>\n\t\t\t\t\t\t\t\t\t\t<div class=\"pp-grid-item-wrap elementor-grid-item elementor-repeater-item-2cc589f\">\n\t\t\t\t\t\t<div class=\"pp-grid-item\">\n\t\t\t\t\t\t<img decoding=\"async\" src=\"https:\/\/dev.jura-resort.ch\/wp-content\/uploads\/2025\/12\/logo-hotellerie-suisse.png\" alt=\"logo-hotellerie-suisse.png\" \/>\t\t\t\t\t\t<\/div>\n\t\t\t\t\t\t\t\t\t\t\t<\/div>\n\t\t\t\t\t\t\t\t\t\t<div class=\"pp-grid-item-wrap elementor-grid-item elementor-repeater-item-03669cd\">\n\t\t\t\t\t\t<div class=\"pp-grid-item\">\n\t\t\t\t\t\t<img decoding=\"async\" src=\"https:\/\/dev.jura-resort.ch\/wp-content\/uploads\/2025\/12\/logo-jura-pass.png\" alt=\"logo-jura-pass.png\" \/>\t\t\t\t\t\t<\/div>\n\t\t\t\t\t\t\t\t\t\t\t<\/div>\n\t\t\t\t\t\t\t\t\t\t<div class=\"pp-grid-item-wrap elementor-grid-item elementor-repeater-item-eb1ce5a\">\n\t\t\t\t\t\t<div class=\"pp-grid-item\">\n\t\t\t\t\t\t<img decoding=\"async\" src=\"https:\/\/dev.jura-resort.ch\/wp-content\/uploads\/2025\/07\/jura-cadeau.jpg\" alt=\"jura-cadeau\" \/>\t\t\t\t\t\t<\/div>\n\t\t\t\t\t\t\t\t\t\t\t<\/div>\n\t\t\t\t\t\t\t<\/div>\n\t\t\t\t\t\t<\/div>\n\t\t\t\t<\/div>\n\t\t\t\t\t<\/div>\n\t\t\t\t<\/div>\n\t\t\t\t<\/div>\n\t\t\t\t<\/div>\n\t\t\t\t<\/div>\n\t\t\t\t\t\t<\/div>\n\t\t\t\t<\/div>\n\t\t\t\t\t<\/div>\n\t\t\t\t<\/div>\n\t\t\t\t<\/div>\n\t\t","protected":false},"excerpt":{"rendered":"<p>Dieser Ort ist ideal f\u00fcr die Aus\u00fcbung von Kampfsportarten wie Judo, Karate und Ju-Jitsu. Das Dojo kann gemietet werden, f\u00fcr weitere Informationen: info@jura-resort.ch Infrastruktur - 2 Tatamis Die Kurse - Aikido - Judo - Ju-jitsu - Selbstverteidigung Frau - Karate - Kardio Tai Box Informationen und Ausk\u00fcnfte zu den Kursen &#8211; Site internet Judo Karate [&hellip;]<\/p>\n","protected":false},"author":5,"featured_media":0,"parent":1589,"menu_order":4,"comment_status":"closed","ping_status":"closed","template":"","meta":{"_acf_changed":false,"footnotes":""},"class_list":["post-7710","page","type-page","status-publish","hentry"],"acf":[],"yoast_head":"<!-- This site is optimized with the Yoast SEO plugin v26.9 - https:\/\/yoast.com\/product\/yoast-seo-wordpress\/ -->\n<title>Dojo Ideal f\u00fcr Kampfsportarten: Judo, Karate, Ju-Jitsu, etc. | Jura Resort%.<\/title>\n<meta name=\"description\" content=\"Unser Dojo verf\u00fcgt \u00fcber 2 Tatamis und bietet folgende Kurse an: Aikido, Judo, Ju-Jitsu, Selbstverteidigung, Karate und Cardio Tai Box.\" \/>\n<meta name=\"robots\" content=\"index, follow, max-snippet:-1, max-image-preview:large, max-video-preview:-1\" \/>\n<link rel=\"canonical\" href=\"https:\/\/dev.jura-resort.ch\/de\/sports-freizeit\/dojo\/\" \/>\n<meta property=\"og:locale\" content=\"de_DE\" \/>\n<meta property=\"og:type\" content=\"article\" \/>\n<meta property=\"og:title\" content=\"Dojo Ideal f\u00fcr Kampfsportarten: Judo, Karate, Ju-Jitsu, etc. | Jura Resort%.\" \/>\n<meta property=\"og:description\" content=\"Unser Dojo verf\u00fcgt \u00fcber 2 Tatamis und bietet folgende Kurse an: Aikido, Judo, Ju-Jitsu, Selbstverteidigung, Karate und Cardio Tai Box.\" \/>\n<meta property=\"og:url\" content=\"https:\/\/dev.jura-resort.ch\/de\/sports-freizeit\/dojo\/\" \/>\n<meta property=\"og:site_name\" content=\"Jura Resort\" \/>\n<meta property=\"article:publisher\" content=\"https:\/\/www.facebook.com\/clfm.centredeloisirsdesfranchesmontagnes\" \/>\n<meta property=\"article:modified_time\" content=\"2025-09-24T12:42:12+00:00\" \/>\n<meta property=\"og:image\" content=\"https:\/\/dev.jura-resort.ch\/wp-content\/uploads\/2023\/10\/SPPJ0137.jpg\" \/>\n\t<meta property=\"og:image:width\" content=\"659\" \/>\n\t<meta property=\"og:image:height\" content=\"439\" \/>\n\t<meta property=\"og:image:type\" content=\"image\/jpeg\" \/>\n<meta name=\"twitter:card\" content=\"summary_large_image\" \/>\n<script type=\"application\/ld+json\" class=\"yoast-schema-graph\">{\"@context\":\"https:\/\/schema.org\",\"@graph\":[{\"@type\":\"WebPage\",\"@id\":\"https:\/\/dev.jura-resort.ch\/de\/sports-freizeit\/dojo\/\",\"url\":\"https:\/\/dev.jura-resort.ch\/de\/sports-freizeit\/dojo\/\",\"name\":\"Dojo Ideal f\u00fcr Kampfsportarten: Judo, Karate, Ju-Jitsu, etc. | Jura Resort%.\",\"isPartOf\":{\"@id\":\"https:\/\/dev.jura-resort.ch\/de\/#website\"},\"primaryImageOfPage\":{\"@id\":\"https:\/\/dev.jura-resort.ch\/de\/sports-freizeit\/dojo\/#primaryimage\"},\"image\":{\"@id\":\"https:\/\/dev.jura-resort.ch\/de\/sports-freizeit\/dojo\/#primaryimage\"},\"thumbnailUrl\":\"https:\/\/dev.jura-resort.ch\/wp-content\/uploads\/2023\/10\/SPPJ0137.jpg\",\"datePublished\":\"2023-10-23T13:24:26+00:00\",\"dateModified\":\"2025-09-24T12:42:12+00:00\",\"description\":\"Unser Dojo verf\u00fcgt \u00fcber 2 Tatamis und bietet folgende Kurse an: Aikido, Judo, Ju-Jitsu, Selbstverteidigung, Karate und Cardio Tai Box.\",\"breadcrumb\":{\"@id\":\"https:\/\/dev.jura-resort.ch\/de\/sports-freizeit\/dojo\/#breadcrumb\"},\"inLanguage\":\"de\",\"potentialAction\":[{\"@type\":\"ReadAction\",\"target\":[\"https:\/\/dev.jura-resort.ch\/de\/sports-freizeit\/dojo\/\"]}]},{\"@type\":\"ImageObject\",\"inLanguage\":\"de\",\"@id\":\"https:\/\/dev.jura-resort.ch\/de\/sports-freizeit\/dojo\/#primaryimage\",\"url\":\"https:\/\/dev.jura-resort.ch\/wp-content\/uploads\/2023\/10\/SPPJ0137.jpg\",\"contentUrl\":\"https:\/\/dev.jura-resort.ch\/wp-content\/uploads\/2023\/10\/SPPJ0137.jpg\"},{\"@type\":\"BreadcrumbList\",\"@id\":\"https:\/\/dev.jura-resort.ch\/de\/sports-freizeit\/dojo\/#breadcrumb\",\"itemListElement\":[{\"@type\":\"ListItem\",\"position\":1,\"name\":\"Home\",\"item\":\"https:\/\/dev.jura-resort.ch\/de\/homepage\/\"},{\"@type\":\"ListItem\",\"position\":2,\"name\":\"Sport &amp; Freizeit\",\"item\":\"https:\/\/dev.jura-resort.ch\/de\/sports-freizeit\/\"},{\"@type\":\"ListItem\",\"position\":3,\"name\":\"Dojo\"}]},{\"@type\":\"WebSite\",\"@id\":\"https:\/\/dev.jura-resort.ch\/de\/#website\",\"url\":\"https:\/\/dev.jura-resort.ch\/de\/\",\"name\":\"Jura Resort\",\"description\":\"Jura Resort\",\"publisher\":{\"@id\":\"https:\/\/dev.jura-resort.ch\/de\/#organization\"},\"potentialAction\":[{\"@type\":\"SearchAction\",\"target\":{\"@type\":\"EntryPoint\",\"urlTemplate\":\"https:\/\/dev.jura-resort.ch\/de\/?s={search_term_string}\"},\"query-input\":{\"@type\":\"PropertyValueSpecification\",\"valueRequired\":true,\"valueName\":\"search_term_string\"}}],\"inLanguage\":\"de\"},{\"@type\":\"Organization\",\"@id\":\"https:\/\/dev.jura-resort.ch\/de\/#organization\",\"name\":\"Jura Resort\",\"alternateName\":\"Jura Resort - Centre de loisirs des Franches-Montagnes\",\"url\":\"https:\/\/dev.jura-resort.ch\/de\/\",\"logo\":{\"@type\":\"ImageObject\",\"inLanguage\":\"de\",\"@id\":\"https:\/\/dev.jura-resort.ch\/de\/#\/schema\/logo\/image\/\",\"url\":\"https:\/\/dev.jura-resort.ch\/wp-content\/uploads\/2023\/12\/logo.png\",\"contentUrl\":\"https:\/\/dev.jura-resort.ch\/wp-content\/uploads\/2023\/12\/logo.png\",\"width\":120,\"height\":135,\"caption\":\"Jura Resort\"},\"image\":{\"@id\":\"https:\/\/dev.jura-resort.ch\/de\/#\/schema\/logo\/image\/\"},\"sameAs\":[\"https:\/\/www.facebook.com\/clfm.centredeloisirsdesfranchesmontagnes\",\"https:\/\/www.instagram.com\/jura_resort\/\",\"https:\/\/www.linkedin.com\/company\/jura-sport-spa-resort\/\",\"https:\/\/fr.tripadvisor.ch\/Hotel_Review-g1068933-d2618195-Reviews-Hotel_Cristal-Saignelegier_Canton_of_Jura.html\"]}]}<\/script>\n<!-- \/ Yoast SEO plugin. -->","yoast_head_json":{"title":"Dojo Ideal f\u00fcr Kampfsportarten: Judo, Karate, Ju-Jitsu, etc. | Jura Resort%.","description":"Unser Dojo verf\u00fcgt \u00fcber 2 Tatamis und bietet folgende Kurse an: Aikido, Judo, Ju-Jitsu, Selbstverteidigung, Karate und Cardio Tai Box.","robots":{"index":"index","follow":"follow","max-snippet":"max-snippet:-1","max-image-preview":"max-image-preview:large","max-video-preview":"max-video-preview:-1"},"canonical":"https:\/\/dev.jura-resort.ch\/de\/sports-freizeit\/dojo\/","og_locale":"de_DE","og_type":"article","og_title":"Dojo Ideal f\u00fcr Kampfsportarten: Judo, Karate, Ju-Jitsu, etc. | Jura Resort%.","og_description":"Unser Dojo verf\u00fcgt \u00fcber 2 Tatamis und bietet folgende Kurse an: Aikido, Judo, Ju-Jitsu, Selbstverteidigung, Karate und Cardio Tai Box.","og_url":"https:\/\/dev.jura-resort.ch\/de\/sports-freizeit\/dojo\/","og_site_name":"Jura Resort","article_publisher":"https:\/\/www.facebook.com\/clfm.centredeloisirsdesfranchesmontagnes","article_modified_time":"2025-09-24T12:42:12+00:00","og_image":[{"width":659,"height":439,"url":"https:\/\/dev.jura-resort.ch\/wp-content\/uploads\/2023\/10\/SPPJ0137.jpg","type":"image\/jpeg"}],"twitter_card":"summary_large_image","schema":{"@context":"https:\/\/schema.org","@graph":[{"@type":"WebPage","@id":"https:\/\/dev.jura-resort.ch\/de\/sports-freizeit\/dojo\/","url":"https:\/\/dev.jura-resort.ch\/de\/sports-freizeit\/dojo\/","name":"Dojo Ideal f\u00fcr Kampfsportarten: Judo, Karate, Ju-Jitsu, etc. | Jura Resort%.","isPartOf":{"@id":"https:\/\/dev.jura-resort.ch\/de\/#website"},"primaryImageOfPage":{"@id":"https:\/\/dev.jura-resort.ch\/de\/sports-freizeit\/dojo\/#primaryimage"},"image":{"@id":"https:\/\/dev.jura-resort.ch\/de\/sports-freizeit\/dojo\/#primaryimage"},"thumbnailUrl":"https:\/\/dev.jura-resort.ch\/wp-content\/uploads\/2023\/10\/SPPJ0137.jpg","datePublished":"2023-10-23T13:24:26+00:00","dateModified":"2025-09-24T12:42:12+00:00","description":"Unser Dojo verf\u00fcgt \u00fcber 2 Tatamis und bietet folgende Kurse an: Aikido, Judo, Ju-Jitsu, Selbstverteidigung, Karate und Cardio Tai Box.","breadcrumb":{"@id":"https:\/\/dev.jura-resort.ch\/de\/sports-freizeit\/dojo\/#breadcrumb"},"inLanguage":"de","potentialAction":[{"@type":"ReadAction","target":["https:\/\/dev.jura-resort.ch\/de\/sports-freizeit\/dojo\/"]}]},{"@type":"ImageObject","inLanguage":"de","@id":"https:\/\/dev.jura-resort.ch\/de\/sports-freizeit\/dojo\/#primaryimage","url":"https:\/\/dev.jura-resort.ch\/wp-content\/uploads\/2023\/10\/SPPJ0137.jpg","contentUrl":"https:\/\/dev.jura-resort.ch\/wp-content\/uploads\/2023\/10\/SPPJ0137.jpg"},{"@type":"BreadcrumbList","@id":"https:\/\/dev.jura-resort.ch\/de\/sports-freizeit\/dojo\/#breadcrumb","itemListElement":[{"@type":"ListItem","position":1,"name":"Home","item":"https:\/\/dev.jura-resort.ch\/de\/homepage\/"},{"@type":"ListItem","position":2,"name":"Sport &amp; Freizeit","item":"https:\/\/dev.jura-resort.ch\/de\/sports-freizeit\/"},{"@type":"ListItem","position":3,"name":"Dojo"}]},{"@type":"WebSite","@id":"https:\/\/dev.jura-resort.ch\/de\/#website","url":"https:\/\/dev.jura-resort.ch\/de\/","name":"Jura Resort","description":"Jura Resort","publisher":{"@id":"https:\/\/dev.jura-resort.ch\/de\/#organization"},"potentialAction":[{"@type":"SearchAction","target":{"@type":"EntryPoint","urlTemplate":"https:\/\/dev.jura-resort.ch\/de\/?s={search_term_string}"},"query-input":{"@type":"PropertyValueSpecification","valueRequired":true,"valueName":"search_term_string"}}],"inLanguage":"de"},{"@type":"Organization","@id":"https:\/\/dev.jura-resort.ch\/de\/#organization","name":"Jura Resort","alternateName":"Jura Resort - Centre de loisirs des Franches-Montagnes","url":"https:\/\/dev.jura-resort.ch\/de\/","logo":{"@type":"ImageObject","inLanguage":"de","@id":"https:\/\/dev.jura-resort.ch\/de\/#\/schema\/logo\/image\/","url":"https:\/\/dev.jura-resort.ch\/wp-content\/uploads\/2023\/12\/logo.png","contentUrl":"https:\/\/dev.jura-resort.ch\/wp-content\/uploads\/2023\/12\/logo.png","width":120,"height":135,"caption":"Jura Resort"},"image":{"@id":"https:\/\/dev.jura-resort.ch\/de\/#\/schema\/logo\/image\/"},"sameAs":["https:\/\/www.facebook.com\/clfm.centredeloisirsdesfranchesmontagnes","https:\/\/www.instagram.com\/jura_resort\/","https:\/\/www.linkedin.com\/company\/jura-sport-spa-resort\/","https:\/\/fr.tripadvisor.ch\/Hotel_Review-g1068933-d2618195-Reviews-Hotel_Cristal-Saignelegier_Canton_of_Jura.html"]}]}},"_links":{"self":[{"href":"https:\/\/dev.jura-resort.ch\/de\/wp-json\/wp\/v2\/pages\/7710","targetHints":{"allow":["GET"]}}],"collection":[{"href":"https:\/\/dev.jura-resort.ch\/de\/wp-json\/wp\/v2\/pages"}],"about":[{"href":"https:\/\/dev.jura-resort.ch\/de\/wp-json\/wp\/v2\/types\/page"}],"author":[{"embeddable":true,"href":"https:\/\/dev.jura-resort.ch\/de\/wp-json\/wp\/v2\/users\/5"}],"replies":[{"embeddable":true,"href":"https:\/\/dev.jura-resort.ch\/de\/wp-json\/wp\/v2\/comments?post=7710"}],"version-history":[{"count":0,"href":"https:\/\/dev.jura-resort.ch\/de\/wp-json\/wp\/v2\/pages\/7710\/revisions"}],"up":[{"embeddable":true,"href":"https:\/\/dev.jura-resort.ch\/de\/wp-json\/wp\/v2\/pages\/1589"}],"wp:attachment":[{"href":"https:\/\/dev.jura-resort.ch\/de\/wp-json\/wp\/v2\/media?parent=7710"}],"curies":[{"name":"wp","href":"https:\/\/api.w.org\/{rel}","templated":true}]}}