{"id":7708,"date":"2023-10-23T13:24:26","date_gmt":"2023-10-23T13:24:26","guid":{"rendered":"https:\/\/dev.jura-resort.ch\/sports-freizeit\/fahrrad\/"},"modified":"2025-12-31T15:18:51","modified_gmt":"2025-12-31T15:18:51","slug":"fahrrad","status":"publish","type":"page","link":"https:\/\/dev.jura-resort.ch\/de\/sports-freizeit\/fahrrad\/","title":{"rendered":"Fahrrad"},"content":{"rendered":"<p>Entdecken Sie die sch\u00f6ne Region der Freiberge mit dem Fahrrad durch die bewaldeten Weiden, umgeben von Freiberger Pferden und majest\u00e4tischen Tannen.<\/p>\n<p>Mieten Sie unsere hochwertigen Elektro- oder Muskelfahrr\u00e4der und erleben Sie ein Abenteuer in idyllischen Landschaften. Malerische Wege erwarten Sie f\u00fcr ein unvergessliches Erlebnis in der Natur. <\/p>\n<p>Buchen Sie jetzt und radeln Sie ins Abenteuer!<\/p>\n<figure><img decoding=\"async\" src=\"https:\/\/dev.jura-resort.ch\/wp-content\/uploads\/2023\/10\/a-travers-les-franches-montagnes_2000.jpg\" alt=\"a-\u00fcber-die-Franzosen-Berge_2000\"><\/figure>\n<figure><img decoding=\"async\" src=\"https:\/\/dev.jura-resort.ch\/wp-content\/uploads\/2023\/10\/boucle-au-depart-de-saignelegier_480.jpg\" alt=\"Schleife-am-Teil-von-Saignelegier_480\"><\/figure>\n<h2><b>Partnerschaft mit :<\/b><\/h2>\n<p><a href=\"https:\/\/laforgeovelo.ch\/\" target=\"_blank\" rel=\"noopener\"><img decoding=\"async\" src=\"https:\/\/dev.jura-resort.ch\/wp-content\/uploads\/2023\/10\/Logo_FOV-150x150.png\" alt=\"\" width=\"150\" height=\"150\"><\/a><\/p>\n<\/p>\n<\/p>\n<\/p>\n<p>Fahrradgesch\u00e4ft in Saignel\u00e9gier<\/p>\n<p>\t\t\t\t\t\t\t\t\t\t\t\t<a tabindex=\"0\">TARIFE<\/a><\/p>\n<p>F\u00fcr Anfragen und Vermietungen kontaktieren Sie uns bitte per :<\/p>\n<ul>\n<li><strong>E-Mail<\/strong>: info@jura-resort.ch<\/li>\n<li><strong>Telefon<\/strong>: 032 951 24 74<\/li>\n<\/ul>\n<p><strong style=\"background-color: transparent;\">Bike Solo<\/strong><\/p>\n<table style=\"height: 172px;\" width=\"325\">\n<tbody>\n<tr>\n<td>Muscle VTT halber Tag<\/td>\n<td>CHF 40.<\/td>\n<\/tr>\n<tr>\n<td>Muscle VTT Ganzer Tag <\/td>\n<td>CHF 65.<\/td>\n<\/tr>\n<tr>\n<td>Elektro-Mountainbike Halber Tag<\/td>\n<td>CHF 60.00<\/td>\n<\/tr>\n<tr>\n<td>Elektrisches Mountainbike Ganzer Tag<\/td>\n<td>\n<p>CHF 80.<\/p>\n<\/p>\n<\/td>\n<\/tr>\n<\/tbody>\n<\/table>\n<p>Kopfh\u00f6rer: 5.-<\/p>\n<p>Anh\u00e4nger: 1\/2 Tag 15.-.<\/p>\n<p>  Tag 35.-<\/p>\n<\/p>\n<p><strong>Pauschalangebot &#8222;Bike &amp; Picknick&#8220;.<\/strong><\/p>\n<ul>\n<li>Fahrradverleih<\/li>\n<li>Picknick zum Mitnehmen (Sandwich, Snacks, Obst, Getr\u00e4nke)<\/li>\n<li>Dauer: 4,5 Stunden<\/li>\n<\/ul>\n<p><strong>CHF 80.<\/strong><\/p>\n<p>\t\t\t\t\t\t\t\t\t\t\t\t<a tabindex=\"0\">UNSERE PARCOURS<\/a><\/p>\n<p>Entdecken Sie eine Vielzahl von Strecken, die f\u00fcr alle Niveaus geeignet sind, vom Anf\u00e4nger bis zum erfahrenen Radfahrer. Ob Sie einen Familienausflug oder eine sportliche Herausforderung suchen, unsere Strecken bieten Ihnen ein unvergessliches Erlebnis inmitten der Natur. <\/p>\n<p>Klicken Sie hier, um alle unsere Routen zu erkunden: <a href=\"https:\/\/padlet.com\/michaeljoly\/jura-sport-spa-resort-les-circuits-v-lo-3u6a9p8rvdiqyntf\" rel=\"noreferrer\">Entdecken Sie unsere Routen<\/a><\/p>\n","protected":false},"excerpt":{"rendered":"<p>Entdecken Sie die sch\u00f6ne Region der Freiberge mit dem Fahrrad durch die bewaldeten Weiden, umgeben von Freiberger Pferden und majest\u00e4tischen Tannen. Mieten Sie unsere hochwertigen Elektro- oder Muskelfahrr\u00e4der und erleben Sie ein Abenteuer in idyllischen Landschaften. Malerische Wege erwarten Sie f\u00fcr ein unvergessliches Erlebnis in der Natur. Buchen Sie jetzt und radeln Sie ins Abenteuer! [&hellip;]<\/p>\n","protected":false},"author":5,"featured_media":0,"parent":1589,"menu_order":6,"comment_status":"closed","ping_status":"closed","template":"","meta":{"_acf_changed":false,"footnotes":""},"class_list":["post-7708","page","type-page","status-publish","hentry"],"acf":[],"yoast_head":"<!-- This site is optimized with the Yoast SEO plugin v26.9 - https:\/\/yoast.com\/product\/yoast-seo-wordpress\/ -->\n<title>Fahrradtouren und -routen f\u00fcr die ganze Familie | Jura Resort<\/title>\n<meta name=\"description\" content=\"Entdecken Sie den sch\u00f6nen Schweizer Jura mit dem Fahrrad durch bewaldete Weiden, umgeben von Freiberger Pferden und majest\u00e4tischen Tannen.\" \/>\n<meta name=\"robots\" content=\"index, follow, max-snippet:-1, max-image-preview:large, max-video-preview:-1\" \/>\n<link rel=\"canonical\" href=\"https:\/\/dev.jura-resort.ch\/de\/sports-freizeit\/fahrrad\/\" \/>\n<meta property=\"og:locale\" content=\"de_DE\" \/>\n<meta property=\"og:type\" content=\"article\" \/>\n<meta property=\"og:title\" content=\"Fahrradtouren und -routen f\u00fcr die ganze Familie | Jura Resort\" \/>\n<meta property=\"og:description\" content=\"Entdecken Sie den sch\u00f6nen Schweizer Jura mit dem Fahrrad durch bewaldete Weiden, umgeben von Freiberger Pferden und majest\u00e4tischen Tannen.\" \/>\n<meta property=\"og:url\" content=\"https:\/\/dev.jura-resort.ch\/de\/sports-freizeit\/fahrrad\/\" \/>\n<meta property=\"og:site_name\" content=\"Jura Resort\" \/>\n<meta property=\"article:publisher\" content=\"https:\/\/www.facebook.com\/clfm.centredeloisirsdesfranchesmontagnes\" \/>\n<meta property=\"article:modified_time\" content=\"2025-12-31T15:18:51+00:00\" \/>\n<meta property=\"og:image\" content=\"https:\/\/dev.jura-resort.ch\/wp-content\/uploads\/2023\/10\/a-travers-les-franches-montagnes_2000.jpg\" \/>\n<meta name=\"twitter:card\" content=\"summary_large_image\" \/>\n<script type=\"application\/ld+json\" class=\"yoast-schema-graph\">{\"@context\":\"https:\/\/schema.org\",\"@graph\":[{\"@type\":\"WebPage\",\"@id\":\"https:\/\/dev.jura-resort.ch\/de\/sports-freizeit\/fahrrad\/\",\"url\":\"https:\/\/dev.jura-resort.ch\/de\/sports-freizeit\/fahrrad\/\",\"name\":\"Fahrradtouren und -routen f\u00fcr die ganze Familie | Jura Resort\",\"isPartOf\":{\"@id\":\"https:\/\/dev.jura-resort.ch\/de\/#website\"},\"primaryImageOfPage\":{\"@id\":\"https:\/\/dev.jura-resort.ch\/de\/sports-freizeit\/fahrrad\/#primaryimage\"},\"image\":{\"@id\":\"https:\/\/dev.jura-resort.ch\/de\/sports-freizeit\/fahrrad\/#primaryimage\"},\"thumbnailUrl\":\"https:\/\/dev.jura-resort.ch\/wp-content\/uploads\/2023\/10\/a-travers-les-franches-montagnes_2000.jpg\",\"datePublished\":\"2023-10-23T13:24:26+00:00\",\"dateModified\":\"2025-12-31T15:18:51+00:00\",\"description\":\"Entdecken Sie den sch\u00f6nen Schweizer Jura mit dem Fahrrad durch bewaldete Weiden, umgeben von Freiberger Pferden und majest\u00e4tischen Tannen.\",\"breadcrumb\":{\"@id\":\"https:\/\/dev.jura-resort.ch\/de\/sports-freizeit\/fahrrad\/#breadcrumb\"},\"inLanguage\":\"de\",\"potentialAction\":[{\"@type\":\"ReadAction\",\"target\":[\"https:\/\/dev.jura-resort.ch\/de\/sports-freizeit\/fahrrad\/\"]}]},{\"@type\":\"ImageObject\",\"inLanguage\":\"de\",\"@id\":\"https:\/\/dev.jura-resort.ch\/de\/sports-freizeit\/fahrrad\/#primaryimage\",\"url\":\"https:\/\/dev.jura-resort.ch\/wp-content\/uploads\/2023\/10\/a-travers-les-franches-montagnes_2000.jpg\",\"contentUrl\":\"https:\/\/dev.jura-resort.ch\/wp-content\/uploads\/2023\/10\/a-travers-les-franches-montagnes_2000.jpg\"},{\"@type\":\"BreadcrumbList\",\"@id\":\"https:\/\/dev.jura-resort.ch\/de\/sports-freizeit\/fahrrad\/#breadcrumb\",\"itemListElement\":[{\"@type\":\"ListItem\",\"position\":1,\"name\":\"Home\",\"item\":\"https:\/\/dev.jura-resort.ch\/de\/homepage\/\"},{\"@type\":\"ListItem\",\"position\":2,\"name\":\"Sport &amp; Freizeit\",\"item\":\"https:\/\/dev.jura-resort.ch\/de\/sports-freizeit\/\"},{\"@type\":\"ListItem\",\"position\":3,\"name\":\"Fahrrad\"}]},{\"@type\":\"WebSite\",\"@id\":\"https:\/\/dev.jura-resort.ch\/de\/#website\",\"url\":\"https:\/\/dev.jura-resort.ch\/de\/\",\"name\":\"Jura Resort\",\"description\":\"Jura Resort\",\"publisher\":{\"@id\":\"https:\/\/dev.jura-resort.ch\/de\/#organization\"},\"potentialAction\":[{\"@type\":\"SearchAction\",\"target\":{\"@type\":\"EntryPoint\",\"urlTemplate\":\"https:\/\/dev.jura-resort.ch\/de\/?s={search_term_string}\"},\"query-input\":{\"@type\":\"PropertyValueSpecification\",\"valueRequired\":true,\"valueName\":\"search_term_string\"}}],\"inLanguage\":\"de\"},{\"@type\":\"Organization\",\"@id\":\"https:\/\/dev.jura-resort.ch\/de\/#organization\",\"name\":\"Jura Resort\",\"alternateName\":\"Jura Resort - Centre de loisirs des Franches-Montagnes\",\"url\":\"https:\/\/dev.jura-resort.ch\/de\/\",\"logo\":{\"@type\":\"ImageObject\",\"inLanguage\":\"de\",\"@id\":\"https:\/\/dev.jura-resort.ch\/de\/#\/schema\/logo\/image\/\",\"url\":\"https:\/\/dev.jura-resort.ch\/wp-content\/uploads\/2023\/12\/logo.png\",\"contentUrl\":\"https:\/\/dev.jura-resort.ch\/wp-content\/uploads\/2023\/12\/logo.png\",\"width\":120,\"height\":135,\"caption\":\"Jura Resort\"},\"image\":{\"@id\":\"https:\/\/dev.jura-resort.ch\/de\/#\/schema\/logo\/image\/\"},\"sameAs\":[\"https:\/\/www.facebook.com\/clfm.centredeloisirsdesfranchesmontagnes\",\"https:\/\/www.instagram.com\/jura_resort\/\",\"https:\/\/www.linkedin.com\/company\/jura-sport-spa-resort\/\",\"https:\/\/fr.tripadvisor.ch\/Hotel_Review-g1068933-d2618195-Reviews-Hotel_Cristal-Saignelegier_Canton_of_Jura.html\"]}]}<\/script>\n<!-- \/ Yoast SEO plugin. -->","yoast_head_json":{"title":"Fahrradtouren und -routen f\u00fcr die ganze Familie | Jura Resort","description":"Entdecken Sie den sch\u00f6nen Schweizer Jura mit dem Fahrrad durch bewaldete Weiden, umgeben von Freiberger Pferden und majest\u00e4tischen Tannen.","robots":{"index":"index","follow":"follow","max-snippet":"max-snippet:-1","max-image-preview":"max-image-preview:large","max-video-preview":"max-video-preview:-1"},"canonical":"https:\/\/dev.jura-resort.ch\/de\/sports-freizeit\/fahrrad\/","og_locale":"de_DE","og_type":"article","og_title":"Fahrradtouren und -routen f\u00fcr die ganze Familie | Jura Resort","og_description":"Entdecken Sie den sch\u00f6nen Schweizer Jura mit dem Fahrrad durch bewaldete Weiden, umgeben von Freiberger Pferden und majest\u00e4tischen Tannen.","og_url":"https:\/\/dev.jura-resort.ch\/de\/sports-freizeit\/fahrrad\/","og_site_name":"Jura Resort","article_publisher":"https:\/\/www.facebook.com\/clfm.centredeloisirsdesfranchesmontagnes","article_modified_time":"2025-12-31T15:18:51+00:00","og_image":[{"url":"https:\/\/dev.jura-resort.ch\/wp-content\/uploads\/2023\/10\/a-travers-les-franches-montagnes_2000.jpg","type":"","width":"","height":""}],"twitter_card":"summary_large_image","schema":{"@context":"https:\/\/schema.org","@graph":[{"@type":"WebPage","@id":"https:\/\/dev.jura-resort.ch\/de\/sports-freizeit\/fahrrad\/","url":"https:\/\/dev.jura-resort.ch\/de\/sports-freizeit\/fahrrad\/","name":"Fahrradtouren und -routen f\u00fcr die ganze Familie | Jura Resort","isPartOf":{"@id":"https:\/\/dev.jura-resort.ch\/de\/#website"},"primaryImageOfPage":{"@id":"https:\/\/dev.jura-resort.ch\/de\/sports-freizeit\/fahrrad\/#primaryimage"},"image":{"@id":"https:\/\/dev.jura-resort.ch\/de\/sports-freizeit\/fahrrad\/#primaryimage"},"thumbnailUrl":"https:\/\/dev.jura-resort.ch\/wp-content\/uploads\/2023\/10\/a-travers-les-franches-montagnes_2000.jpg","datePublished":"2023-10-23T13:24:26+00:00","dateModified":"2025-12-31T15:18:51+00:00","description":"Entdecken Sie den sch\u00f6nen Schweizer Jura mit dem Fahrrad durch bewaldete Weiden, umgeben von Freiberger Pferden und majest\u00e4tischen Tannen.","breadcrumb":{"@id":"https:\/\/dev.jura-resort.ch\/de\/sports-freizeit\/fahrrad\/#breadcrumb"},"inLanguage":"de","potentialAction":[{"@type":"ReadAction","target":["https:\/\/dev.jura-resort.ch\/de\/sports-freizeit\/fahrrad\/"]}]},{"@type":"ImageObject","inLanguage":"de","@id":"https:\/\/dev.jura-resort.ch\/de\/sports-freizeit\/fahrrad\/#primaryimage","url":"https:\/\/dev.jura-resort.ch\/wp-content\/uploads\/2023\/10\/a-travers-les-franches-montagnes_2000.jpg","contentUrl":"https:\/\/dev.jura-resort.ch\/wp-content\/uploads\/2023\/10\/a-travers-les-franches-montagnes_2000.jpg"},{"@type":"BreadcrumbList","@id":"https:\/\/dev.jura-resort.ch\/de\/sports-freizeit\/fahrrad\/#breadcrumb","itemListElement":[{"@type":"ListItem","position":1,"name":"Home","item":"https:\/\/dev.jura-resort.ch\/de\/homepage\/"},{"@type":"ListItem","position":2,"name":"Sport &amp; Freizeit","item":"https:\/\/dev.jura-resort.ch\/de\/sports-freizeit\/"},{"@type":"ListItem","position":3,"name":"Fahrrad"}]},{"@type":"WebSite","@id":"https:\/\/dev.jura-resort.ch\/de\/#website","url":"https:\/\/dev.jura-resort.ch\/de\/","name":"Jura Resort","description":"Jura Resort","publisher":{"@id":"https:\/\/dev.jura-resort.ch\/de\/#organization"},"potentialAction":[{"@type":"SearchAction","target":{"@type":"EntryPoint","urlTemplate":"https:\/\/dev.jura-resort.ch\/de\/?s={search_term_string}"},"query-input":{"@type":"PropertyValueSpecification","valueRequired":true,"valueName":"search_term_string"}}],"inLanguage":"de"},{"@type":"Organization","@id":"https:\/\/dev.jura-resort.ch\/de\/#organization","name":"Jura Resort","alternateName":"Jura Resort - Centre de loisirs des Franches-Montagnes","url":"https:\/\/dev.jura-resort.ch\/de\/","logo":{"@type":"ImageObject","inLanguage":"de","@id":"https:\/\/dev.jura-resort.ch\/de\/#\/schema\/logo\/image\/","url":"https:\/\/dev.jura-resort.ch\/wp-content\/uploads\/2023\/12\/logo.png","contentUrl":"https:\/\/dev.jura-resort.ch\/wp-content\/uploads\/2023\/12\/logo.png","width":120,"height":135,"caption":"Jura Resort"},"image":{"@id":"https:\/\/dev.jura-resort.ch\/de\/#\/schema\/logo\/image\/"},"sameAs":["https:\/\/www.facebook.com\/clfm.centredeloisirsdesfranchesmontagnes","https:\/\/www.instagram.com\/jura_resort\/","https:\/\/www.linkedin.com\/company\/jura-sport-spa-resort\/","https:\/\/fr.tripadvisor.ch\/Hotel_Review-g1068933-d2618195-Reviews-Hotel_Cristal-Saignelegier_Canton_of_Jura.html"]}]}},"_links":{"self":[{"href":"https:\/\/dev.jura-resort.ch\/de\/wp-json\/wp\/v2\/pages\/7708","targetHints":{"allow":["GET"]}}],"collection":[{"href":"https:\/\/dev.jura-resort.ch\/de\/wp-json\/wp\/v2\/pages"}],"about":[{"href":"https:\/\/dev.jura-resort.ch\/de\/wp-json\/wp\/v2\/types\/page"}],"author":[{"embeddable":true,"href":"https:\/\/dev.jura-resort.ch\/de\/wp-json\/wp\/v2\/users\/5"}],"replies":[{"embeddable":true,"href":"https:\/\/dev.jura-resort.ch\/de\/wp-json\/wp\/v2\/comments?post=7708"}],"version-history":[{"count":0,"href":"https:\/\/dev.jura-resort.ch\/de\/wp-json\/wp\/v2\/pages\/7708\/revisions"}],"up":[{"embeddable":true,"href":"https:\/\/dev.jura-resort.ch\/de\/wp-json\/wp\/v2\/pages\/1589"}],"wp:attachment":[{"href":"https:\/\/dev.jura-resort.ch\/de\/wp-json\/wp\/v2\/media?parent=7708"}],"curies":[{"name":"wp","href":"https:\/\/api.w.org\/{rel}","templated":true}]}}