{"id":7555,"date":"2023-10-26T15:15:56","date_gmt":"2023-10-26T15:15:56","guid":{"rendered":"https:\/\/dev.jura-resort.ch\/hospitality\/unsere-pauschale\/"},"modified":"2025-12-26T13:02:32","modified_gmt":"2025-12-26T13:02:32","slug":"unsere-pauschale","status":"publish","type":"page","link":"https:\/\/dev.jura-resort.ch\/de\/hospitality\/unsere-pauschale\/","title":{"rendered":"All-Inclusive-Pakete"},"content":{"rendered":"\n<h2 class=\"wp-block-heading\">Wellness-Paket Comfort<\/h2>\n\n<div class=\"wp-block-columns is-layout-flex wp-container-core-columns-is-layout-28f84493 wp-block-columns-is-layout-flex\">\n<div class=\"wp-block-column is-layout-flow wp-block-column-is-layout-flow\">\n<figure class=\"wp-block-image size-full\"><img fetchpriority=\"high\" decoding=\"async\" width=\"1000\" height=\"667\" src=\"https:\/\/dev.jura-resort.ch\/wp-content\/uploads\/2024\/12\/Wellness-Pauschale-1-Erwaschene.jpg\" alt=\"\" class=\"wp-image-5952\" srcset=\"https:\/\/dev.jura-resort.ch\/wp-content\/uploads\/2024\/12\/Wellness-Pauschale-1-Erwaschene.jpg 1000w, https:\/\/dev.jura-resort.ch\/wp-content\/uploads\/2024\/12\/Wellness-Pauschale-1-Erwaschene-300x200.jpg 300w, https:\/\/dev.jura-resort.ch\/wp-content\/uploads\/2024\/12\/Wellness-Pauschale-1-Erwaschene-768x512.jpg 768w, https:\/\/dev.jura-resort.ch\/wp-content\/uploads\/2024\/12\/Wellness-Pauschale-1-Erwaschene-600x400.jpg 600w\" sizes=\"(max-width: 1000px) 100vw, 1000px\" \/><\/figure>\n<\/div>\n\n\n\n<div class=\"wp-block-column is-layout-flow wp-block-column-is-layout-flow\">\n<p>G\u00f6nnen Sie sich einen Aufenthalt zu zweit, mit der Familie oder mit Freunden zu unseren besten Preisen. Genie\u00dfen Sie einen Moment der Zweisamkeit in unserem Wellnessbereich mit herrlichem Blick auf die Freiberge und einem Komfortzimmer in einer Oase der Ruhe.<\/p>\n\n\n\n<p>Unser Wellness-Paket umfasst die folgenden Leistungen:<\/p>\n\n\n\n<ul class=\"wp-block-list\">\n<li>\u00dcbernachtung im Komfortzimmer<\/li>\n\n\n\n<li>Fr\u00fchst\u00fccksbuffet<\/li>\n\n\n\n<li>Unbegrenzter Zugang zum Wellnessbereich<\/li>\n\n\n\n<li>Badem\u00e4ntel, Handt\u00fccher und Badeschuhe<\/li>\n\n\n\n<li>Jura-Pass<\/li>\n<\/ul>\n\n\n\n<p><strong>190.-<\/strong> f\u00fcr eine Person<br\/><strong>290.-<\/strong> f\u00fcr zwei Personen<\/p>\n<\/div>\n<\/div>\n\n<hr class=\"wp-block-separator has-alpha-channel-opacity\"\/>\n\n<h2 class=\"wp-block-heading\">Wellness-Paket<\/h2>\n\n<div class=\"wp-block-columns is-layout-flex wp-container-core-columns-is-layout-28f84493 wp-block-columns-is-layout-flex\">\n<div class=\"wp-block-column is-layout-flow wp-block-column-is-layout-flow\">\n<figure class=\"wp-block-image size-full\"><img decoding=\"async\" width=\"1280\" height=\"853\" src=\"https:\/\/dev.jura-resort.ch\/wp-content\/uploads\/2025\/08\/SPPJ0063-1280.jpeg\" alt=\"\" class=\"wp-image-7507\" srcset=\"https:\/\/dev.jura-resort.ch\/wp-content\/uploads\/2025\/08\/SPPJ0063-1280.jpeg 1280w, https:\/\/dev.jura-resort.ch\/wp-content\/uploads\/2025\/08\/SPPJ0063-1280-300x200.jpeg 300w, https:\/\/dev.jura-resort.ch\/wp-content\/uploads\/2025\/08\/SPPJ0063-1280-1024x682.jpeg 1024w, https:\/\/dev.jura-resort.ch\/wp-content\/uploads\/2025\/08\/SPPJ0063-1280-768x512.jpeg 768w\" sizes=\"(max-width: 1280px) 100vw, 1280px\" \/><\/figure>\n<\/div>\n\n\n\n<div class=\"wp-block-column is-layout-flow wp-block-column-is-layout-flow\">\n<p>G\u00f6nnen Sie sich einen Aufenthalt zu zweit, mit der Familie oder mit Freunden zu unseren besten Preisen. Genie\u00dfen Sie einen Moment der Zweisamkeit in unserem Wellnessbereich mit herrlichem Blick auf die Freiberge und einem Komfortzimmer in einer Oase der Ruhe.<\/p>\n\n\n\n<p>Unser &#8222;Wellness&#8220;-Paket beinhaltet die folgenden Leistungen:<\/p>\n\n\n\n<ul class=\"wp-block-list\">\n<li>\u00dcbernachtung im Komfortzimmer<\/li>\n\n\n\n<li>Unbegrenzter Zugang zum Wellnessbereich<\/li>\n\n\n\n<li>50-min\u00fctige Entspannungsmassage<\/li>\n\n\n\n<li>1 Gutschein im Wert von 50.- (100.- f\u00fcr zwei Personen) f\u00fcr das Restaurant des Sports<\/li>\n\n\n\n<li>Fr\u00fchst\u00fccksbuffet<\/li>\n\n\n\n<li>Badem\u00e4ntel, Handt\u00fccher und Badeschuhe<\/li>\n\n\n\n<li>Jura-Pass<\/li>\n<\/ul>\n\n\n\n<p><strong>389.-<\/strong> f\u00fcr eine Person<br\/> 610<strong>.-<\/strong> f\u00fcr zwei Personen<\/p>\n<\/div>\n<\/div>\n\n<hr class=\"wp-block-separator has-alpha-channel-opacity\"\/>\n\n<h2 class=\"wp-block-heading\">Pauschalangebot &#8222;Au Galop<\/h2>\n\n<div class=\"wp-block-columns is-layout-flex wp-container-core-columns-is-layout-28f84493 wp-block-columns-is-layout-flex\">\n<div class=\"wp-block-column is-layout-flow wp-block-column-is-layout-flow\">\n<figure class=\"wp-block-image size-full\"><img decoding=\"async\" width=\"1280\" height=\"854\" src=\"https:\/\/dev.jura-resort.ch\/wp-content\/uploads\/2025\/08\/Forfait-au-Galop-pour-2-personnes-2-1-Grande.jpeg\" alt=\"\" class=\"wp-image-7509\" srcset=\"https:\/\/dev.jura-resort.ch\/wp-content\/uploads\/2025\/08\/Forfait-au-Galop-pour-2-personnes-2-1-Grande.jpeg 1280w, https:\/\/dev.jura-resort.ch\/wp-content\/uploads\/2025\/08\/Forfait-au-Galop-pour-2-personnes-2-1-Grande-300x200.jpeg 300w, https:\/\/dev.jura-resort.ch\/wp-content\/uploads\/2025\/08\/Forfait-au-Galop-pour-2-personnes-2-1-Grande-1024x683.jpeg 1024w, https:\/\/dev.jura-resort.ch\/wp-content\/uploads\/2025\/08\/Forfait-au-Galop-pour-2-personnes-2-1-Grande-768x512.jpeg 768w\" sizes=\"(max-width: 1280px) 100vw, 1280px\" \/><figcaption class=\"wp-element-caption\">In Zusammenarbeit mit dem Man\u00e8ge des Franches-Montagnes (Freiberger Reitschule)<\/figcaption><\/figure>\n<\/div>\n\n\n\n<div class=\"wp-block-column is-layout-flow wp-block-column-is-layout-flow\">\n<p>G\u00f6nnen Sie Ihrem Pferd einen sportlichen Aufenthalt im Reitparadies, den Freibergen. Zu zweit machen Sie einen Spaziergang \u00fcber die Weiden und denken dabei an das Entspannungsprogramm am Abend.<\/p>\n\n\n\n<p>Unsere Pauschale &#8222;Au Galop&#8220; umfasst folgende Leistungen:<\/p>\n\n\n\n<ul class=\"wp-block-list\">\n<li>\u00dcbernachtung im Komfortzimmer f\u00fcr 2 Personen<\/li>\n\n\n\n<li>Fr\u00fchst\u00fccksbuffet<\/li>\n\n\n\n<li>Picknickkorb zum Mitnehmen f\u00fcr das Mittagessen am n\u00e4chsten Tag<\/li>\n\n\n\n<li>Nachtbox mit Futter f\u00fcr Ihr Pferd<\/li>\n\n\n\n<li>Vignette f\u00fcr Pferde<\/li>\n\n\n\n<li>AREF-Karte mit regionalen Reitrouten<\/li>\n\n\n\n<li>Unbegrenzter Zugang zu unserem Wellnessbereich<\/li>\n\n\n\n<li>Badem\u00e4ntel, Handt\u00fccher und Badeschuhe<\/li>\n\n\n\n<li>Jura-Pass<\/li>\n<\/ul>\n\n\n\n<p><strong>440.-<\/strong> f\u00fcr zwei Personen<\/p>\n<\/div>\n<\/div>\n\n<hr class=\"wp-block-separator has-alpha-channel-opacity\"\/>\n\n<h2 class=\"wp-block-heading\">Radfahren &amp; Entspannen<\/h2>\n\n<div class=\"wp-block-columns is-layout-flex wp-container-core-columns-is-layout-28f84493 wp-block-columns-is-layout-flex\">\n<div class=\"wp-block-column is-layout-flow wp-block-column-is-layout-flow\">\n<figure class=\"wp-block-image size-full\"><img loading=\"lazy\" decoding=\"async\" width=\"1920\" height=\"1280\" src=\"https:\/\/dev.jura-resort.ch\/wp-content\/uploads\/2024\/05\/F-M-Copyright-Christian-Perret.jpg\" alt=\"\" class=\"wp-image-4341\" srcset=\"https:\/\/dev.jura-resort.ch\/wp-content\/uploads\/2024\/05\/F-M-Copyright-Christian-Perret.jpg 1920w, https:\/\/dev.jura-resort.ch\/wp-content\/uploads\/2024\/05\/F-M-Copyright-Christian-Perret-300x200.jpg 300w, https:\/\/dev.jura-resort.ch\/wp-content\/uploads\/2024\/05\/F-M-Copyright-Christian-Perret-1024x683.jpg 1024w, https:\/\/dev.jura-resort.ch\/wp-content\/uploads\/2024\/05\/F-M-Copyright-Christian-Perret-768x512.jpg 768w, https:\/\/dev.jura-resort.ch\/wp-content\/uploads\/2024\/05\/F-M-Copyright-Christian-Perret-1536x1024.jpg 1536w\" sizes=\"(max-width: 1920px) 100vw, 1920px\" \/><\/figure>\n<\/div>\n\n\n\n<div class=\"wp-block-column is-layout-flow wp-block-column-is-layout-flow\">\n<p>Unser Paket &#8222;Radfahren &amp; Entspannen&#8220; umfasst folgende Leistungen:<\/p>\n\n\n\n<ul class=\"wp-block-list\">\n<li>\u00dcbernachtung im Komfortzimmer f\u00fcr 2 Personen<\/li>\n\n\n\n<li>Fr\u00fchst\u00fccksbuffet im Sportrestaurant<\/li>\n\n\n\n<li>Picknickkorb auf den Wanderwegen<\/li>\n\n\n\n<li>Leitfaden f\u00fcr Fahrradtouren, sicherer Fahrradunterstand<\/li>\n\n\n\n<li>Material f\u00fcr kleine Reparaturen und Reinigungsraum zur Verf\u00fcgung<\/li>\n\n\n\n<li>50-min\u00fctige Sportmassage<\/li>\n\n\n\n<li>Unbegrenzter Zugang zu unseren warmen B\u00e4dern, Dampfb\u00e4dern, Saunen, Ruheraum und Schwimmbad sowie Badem\u00e4ntel und Hausschuhe f\u00fcr die gesamte Dauer Ihres Aufenthalts.<\/li>\n\n\n\n<li>Jura-Pass (kostenlose \u00f6ffentliche Verkehrsmittel und zahlreiche Erm\u00e4\u00dfigungen f\u00fcr Aktivit\u00e4ten in der Region)<\/li>\n\n\n\n<li>M\u00f6glichkeit, Ihr E-Bike zu mieten<\/li>\n<\/ul>\n\n\n\n<p><strong>560.-<\/strong> f\u00fcr zwei Personen<\/p>\n<\/div>\n<\/div>\n\n<hr class=\"wp-block-separator has-alpha-channel-opacity\"\/>\n\n<div class=\"wp-block-columns is-layout-flex wp-container-core-columns-is-layout-2fd20a9e wp-block-columns-is-layout-flex\" style=\"margin-bottom:64px\">\n<div class=\"wp-block-column is-layout-flow wp-block-column-is-layout-flow\">\n<h2 class=\"wp-block-heading\">Pauschalangebot Gourmet-Blasen<\/h2>\n\n\n\n<figure class=\"wp-block-image size-full\"><img loading=\"lazy\" decoding=\"async\" width=\"1000\" height=\"670\" src=\"https:\/\/dev.jura-resort.ch\/wp-content\/uploads\/2025\/12\/forfait-bulles-gourmandes.jpg\" alt=\"\" class=\"wp-image-8701\" srcset=\"https:\/\/dev.jura-resort.ch\/wp-content\/uploads\/2025\/12\/forfait-bulles-gourmandes.jpg 1000w, https:\/\/dev.jura-resort.ch\/wp-content\/uploads\/2025\/12\/forfait-bulles-gourmandes-300x201.jpg 300w, https:\/\/dev.jura-resort.ch\/wp-content\/uploads\/2025\/12\/forfait-bulles-gourmandes-768x515.jpg 768w\" sizes=\"(max-width: 1000px) 100vw, 1000px\" \/><\/figure>\n\n\n\n<p>Unser Pauschalangebot &#8222;Gourmet-Blasen&#8220; umfasst die folgenden Leistungen:<\/p>\n\n\n\n<ul class=\"wp-block-list\">\n<li>1 3-st\u00fcndiger Zugang zu unseren warmen B\u00e4dern, Dampfb\u00e4dern, Saunen, Ruheraum und Swimmingpool<\/li>\n\n\n\n<li>1 Gesundheitsmen\u00fc (Vorspeise, Hauptgericht und Dessert) im Restaurant des Sports<\/li>\n\n\n\n<li>Alle Leistungen m\u00fcssen am selben Tag in Anspruch genommen werden<\/li>\n<\/ul>\n\n\n\n<p><strong>65.-<\/strong> f\u00fcr eine Person<\/p>\n<\/div>\n\n\n\n<div class=\"wp-block-column is-layout-flow wp-block-column-is-layout-flow\">\n<h2 class=\"wp-block-heading\">Escapade Gourmande-Paket<\/h2>\n\n\n\n<figure class=\"wp-block-image size-full\"><img loading=\"lazy\" decoding=\"async\" width=\"1000\" height=\"670\" src=\"https:\/\/dev.jura-resort.ch\/wp-content\/uploads\/2025\/12\/forfait-escapade-gourmande.jpg\" alt=\"\" class=\"wp-image-8703\" srcset=\"https:\/\/dev.jura-resort.ch\/wp-content\/uploads\/2025\/12\/forfait-escapade-gourmande.jpg 1000w, https:\/\/dev.jura-resort.ch\/wp-content\/uploads\/2025\/12\/forfait-escapade-gourmande-300x201.jpg 300w, https:\/\/dev.jura-resort.ch\/wp-content\/uploads\/2025\/12\/forfait-escapade-gourmande-768x515.jpg 768w\" sizes=\"(max-width: 1000px) 100vw, 1000px\" \/><\/figure>\n\n\n\n<p>Unser Pauschalangebot &#8222;Gourmet Escapade&#8220; beinhaltet folgende Leistungen:<\/p>\n\n\n\n<ul class=\"wp-block-list\">\n<li>1 4-st\u00fcndiger Zugang zu unseren warmen B\u00e4dern, Dampfb\u00e4dern, Saunen, Ruheraum und Schwimmbad<\/li>\n\n\n\n<li>Entspannungsmassage oder Gesichtsbehandlung 50 min<\/li>\n\n\n\n<li>1 Gesundheitsmen\u00fc (Vorspeise, Hauptgericht und Dessert) im Restaurant des Sports<\/li>\n\n\n\n<li>Alle Leistungen m\u00fcssen am selben Tag in Anspruch genommen werden<\/li>\n<\/ul>\n\n\n\n<p><strong>169.-<\/strong> f\u00fcr eine Person<\/p>\n<\/div>\n<\/div>\n\n<p><\/p>\n","protected":false},"excerpt":{"rendered":"<p>Wellness-Paket Comfort G\u00f6nnen Sie sich einen Aufenthalt zu zweit, mit der Familie oder mit Freunden zu unseren besten Preisen. Genie\u00dfen Sie einen Moment der Zweisamkeit in unserem Wellnessbereich mit herrlichem Blick auf die Freiberge und einem Komfortzimmer in einer Oase der Ruhe. Unser Wellness-Paket umfasst die folgenden Leistungen: 190.- f\u00fcr eine Person290.- f\u00fcr zwei Personen [&hellip;]<\/p>\n","protected":false},"author":5,"featured_media":0,"parent":1587,"menu_order":1,"comment_status":"closed","ping_status":"closed","template":"","meta":{"_acf_changed":false,"footnotes":""},"class_list":["post-7555","page","type-page","status-publish","hentry"],"acf":[],"yoast_head":"<!-- This site is optimized with the Yoast SEO plugin v26.9 - https:\/\/yoast.com\/product\/yoast-seo-wordpress\/ -->\n<title>All-Inclusive-Pakete | Jura Resort<\/title>\n<meta name=\"robots\" content=\"index, follow, max-snippet:-1, max-image-preview:large, max-video-preview:-1\" \/>\n<link rel=\"canonical\" href=\"https:\/\/dev.jura-resort.ch\/de\/hospitality\/unsere-pauschale\/\" \/>\n<meta property=\"og:locale\" content=\"de_DE\" \/>\n<meta property=\"og:type\" content=\"article\" \/>\n<meta property=\"og:title\" content=\"All-Inclusive-Pakete | Jura Resort\" \/>\n<meta property=\"og:description\" content=\"Wellness-Paket Comfort G\u00f6nnen Sie sich einen Aufenthalt zu zweit, mit der Familie oder mit Freunden zu unseren besten Preisen. Genie\u00dfen Sie einen Moment der Zweisamkeit in unserem Wellnessbereich mit herrlichem Blick auf die Freiberge und einem Komfortzimmer in einer Oase der Ruhe. Unser Wellness-Paket umfasst die folgenden Leistungen: 190.- f\u00fcr eine Person290.- f\u00fcr zwei Personen [&hellip;]\" \/>\n<meta property=\"og:url\" content=\"https:\/\/dev.jura-resort.ch\/de\/hospitality\/unsere-pauschale\/\" \/>\n<meta property=\"og:site_name\" content=\"Jura Resort\" \/>\n<meta property=\"article:publisher\" content=\"https:\/\/www.facebook.com\/clfm.centredeloisirsdesfranchesmontagnes\" \/>\n<meta property=\"article:modified_time\" content=\"2025-12-26T13:02:32+00:00\" \/>\n<meta property=\"og:image\" content=\"https:\/\/dev.jura-resort.ch\/wp-content\/uploads\/2024\/12\/Wellness-Pauschale-1-Erwaschene.jpg\" \/>\n\t<meta property=\"og:image:width\" content=\"1000\" \/>\n\t<meta property=\"og:image:height\" content=\"667\" \/>\n\t<meta property=\"og:image:type\" content=\"image\/jpeg\" \/>\n<meta name=\"twitter:card\" content=\"summary_large_image\" \/>\n<script type=\"application\/ld+json\" class=\"yoast-schema-graph\">{\"@context\":\"https:\/\/schema.org\",\"@graph\":[{\"@type\":\"WebPage\",\"@id\":\"https:\/\/dev.jura-resort.ch\/de\/hospitality\/unsere-pauschale\/\",\"url\":\"https:\/\/dev.jura-resort.ch\/de\/hospitality\/unsere-pauschale\/\",\"name\":\"All-Inclusive-Pakete | Jura Resort\",\"isPartOf\":{\"@id\":\"https:\/\/dev.jura-resort.ch\/de\/#website\"},\"primaryImageOfPage\":{\"@id\":\"https:\/\/dev.jura-resort.ch\/de\/hospitality\/unsere-pauschale\/#primaryimage\"},\"image\":{\"@id\":\"https:\/\/dev.jura-resort.ch\/de\/hospitality\/unsere-pauschale\/#primaryimage\"},\"thumbnailUrl\":\"https:\/\/dev.jura-resort.ch\/wp-content\/uploads\/2024\/12\/Wellness-Pauschale-1-Erwaschene.jpg\",\"datePublished\":\"2023-10-26T15:15:56+00:00\",\"dateModified\":\"2025-12-26T13:02:32+00:00\",\"breadcrumb\":{\"@id\":\"https:\/\/dev.jura-resort.ch\/de\/hospitality\/unsere-pauschale\/#breadcrumb\"},\"inLanguage\":\"de\",\"potentialAction\":[{\"@type\":\"ReadAction\",\"target\":[\"https:\/\/dev.jura-resort.ch\/de\/hospitality\/unsere-pauschale\/\"]}]},{\"@type\":\"ImageObject\",\"inLanguage\":\"de\",\"@id\":\"https:\/\/dev.jura-resort.ch\/de\/hospitality\/unsere-pauschale\/#primaryimage\",\"url\":\"https:\/\/dev.jura-resort.ch\/wp-content\/uploads\/2024\/12\/Wellness-Pauschale-1-Erwaschene.jpg\",\"contentUrl\":\"https:\/\/dev.jura-resort.ch\/wp-content\/uploads\/2024\/12\/Wellness-Pauschale-1-Erwaschene.jpg\"},{\"@type\":\"BreadcrumbList\",\"@id\":\"https:\/\/dev.jura-resort.ch\/de\/hospitality\/unsere-pauschale\/#breadcrumb\",\"itemListElement\":[{\"@type\":\"ListItem\",\"position\":1,\"name\":\"Home\",\"item\":\"https:\/\/dev.jura-resort.ch\/de\/homepage\/\"},{\"@type\":\"ListItem\",\"position\":2,\"name\":\"Hospitality\",\"item\":\"https:\/\/dev.jura-resort.ch\/de\/hospitality\/\"},{\"@type\":\"ListItem\",\"position\":3,\"name\":\"All-Inclusive-Pakete\"}]},{\"@type\":\"WebSite\",\"@id\":\"https:\/\/dev.jura-resort.ch\/de\/#website\",\"url\":\"https:\/\/dev.jura-resort.ch\/de\/\",\"name\":\"Jura Resort\",\"description\":\"Jura Resort\",\"publisher\":{\"@id\":\"https:\/\/dev.jura-resort.ch\/de\/#organization\"},\"potentialAction\":[{\"@type\":\"SearchAction\",\"target\":{\"@type\":\"EntryPoint\",\"urlTemplate\":\"https:\/\/dev.jura-resort.ch\/de\/?s={search_term_string}\"},\"query-input\":{\"@type\":\"PropertyValueSpecification\",\"valueRequired\":true,\"valueName\":\"search_term_string\"}}],\"inLanguage\":\"de\"},{\"@type\":\"Organization\",\"@id\":\"https:\/\/dev.jura-resort.ch\/de\/#organization\",\"name\":\"Jura Resort\",\"alternateName\":\"Jura Resort - Centre de loisirs des Franches-Montagnes\",\"url\":\"https:\/\/dev.jura-resort.ch\/de\/\",\"logo\":{\"@type\":\"ImageObject\",\"inLanguage\":\"de\",\"@id\":\"https:\/\/dev.jura-resort.ch\/de\/#\/schema\/logo\/image\/\",\"url\":\"https:\/\/dev.jura-resort.ch\/wp-content\/uploads\/2023\/12\/logo.png\",\"contentUrl\":\"https:\/\/dev.jura-resort.ch\/wp-content\/uploads\/2023\/12\/logo.png\",\"width\":120,\"height\":135,\"caption\":\"Jura Resort\"},\"image\":{\"@id\":\"https:\/\/dev.jura-resort.ch\/de\/#\/schema\/logo\/image\/\"},\"sameAs\":[\"https:\/\/www.facebook.com\/clfm.centredeloisirsdesfranchesmontagnes\",\"https:\/\/www.instagram.com\/jura_resort\/\",\"https:\/\/www.linkedin.com\/company\/jura-sport-spa-resort\/\",\"https:\/\/fr.tripadvisor.ch\/Hotel_Review-g1068933-d2618195-Reviews-Hotel_Cristal-Saignelegier_Canton_of_Jura.html\"]}]}<\/script>\n<!-- \/ Yoast SEO plugin. -->","yoast_head_json":{"title":"All-Inclusive-Pakete | Jura Resort","robots":{"index":"index","follow":"follow","max-snippet":"max-snippet:-1","max-image-preview":"max-image-preview:large","max-video-preview":"max-video-preview:-1"},"canonical":"https:\/\/dev.jura-resort.ch\/de\/hospitality\/unsere-pauschale\/","og_locale":"de_DE","og_type":"article","og_title":"All-Inclusive-Pakete | Jura Resort","og_description":"Wellness-Paket Comfort G\u00f6nnen Sie sich einen Aufenthalt zu zweit, mit der Familie oder mit Freunden zu unseren besten Preisen. Genie\u00dfen Sie einen Moment der Zweisamkeit in unserem Wellnessbereich mit herrlichem Blick auf die Freiberge und einem Komfortzimmer in einer Oase der Ruhe. Unser Wellness-Paket umfasst die folgenden Leistungen: 190.- f\u00fcr eine Person290.- f\u00fcr zwei Personen [&hellip;]","og_url":"https:\/\/dev.jura-resort.ch\/de\/hospitality\/unsere-pauschale\/","og_site_name":"Jura Resort","article_publisher":"https:\/\/www.facebook.com\/clfm.centredeloisirsdesfranchesmontagnes","article_modified_time":"2025-12-26T13:02:32+00:00","og_image":[{"width":1000,"height":667,"url":"https:\/\/dev.jura-resort.ch\/wp-content\/uploads\/2024\/12\/Wellness-Pauschale-1-Erwaschene.jpg","type":"image\/jpeg"}],"twitter_card":"summary_large_image","schema":{"@context":"https:\/\/schema.org","@graph":[{"@type":"WebPage","@id":"https:\/\/dev.jura-resort.ch\/de\/hospitality\/unsere-pauschale\/","url":"https:\/\/dev.jura-resort.ch\/de\/hospitality\/unsere-pauschale\/","name":"All-Inclusive-Pakete | Jura Resort","isPartOf":{"@id":"https:\/\/dev.jura-resort.ch\/de\/#website"},"primaryImageOfPage":{"@id":"https:\/\/dev.jura-resort.ch\/de\/hospitality\/unsere-pauschale\/#primaryimage"},"image":{"@id":"https:\/\/dev.jura-resort.ch\/de\/hospitality\/unsere-pauschale\/#primaryimage"},"thumbnailUrl":"https:\/\/dev.jura-resort.ch\/wp-content\/uploads\/2024\/12\/Wellness-Pauschale-1-Erwaschene.jpg","datePublished":"2023-10-26T15:15:56+00:00","dateModified":"2025-12-26T13:02:32+00:00","breadcrumb":{"@id":"https:\/\/dev.jura-resort.ch\/de\/hospitality\/unsere-pauschale\/#breadcrumb"},"inLanguage":"de","potentialAction":[{"@type":"ReadAction","target":["https:\/\/dev.jura-resort.ch\/de\/hospitality\/unsere-pauschale\/"]}]},{"@type":"ImageObject","inLanguage":"de","@id":"https:\/\/dev.jura-resort.ch\/de\/hospitality\/unsere-pauschale\/#primaryimage","url":"https:\/\/dev.jura-resort.ch\/wp-content\/uploads\/2024\/12\/Wellness-Pauschale-1-Erwaschene.jpg","contentUrl":"https:\/\/dev.jura-resort.ch\/wp-content\/uploads\/2024\/12\/Wellness-Pauschale-1-Erwaschene.jpg"},{"@type":"BreadcrumbList","@id":"https:\/\/dev.jura-resort.ch\/de\/hospitality\/unsere-pauschale\/#breadcrumb","itemListElement":[{"@type":"ListItem","position":1,"name":"Home","item":"https:\/\/dev.jura-resort.ch\/de\/homepage\/"},{"@type":"ListItem","position":2,"name":"Hospitality","item":"https:\/\/dev.jura-resort.ch\/de\/hospitality\/"},{"@type":"ListItem","position":3,"name":"All-Inclusive-Pakete"}]},{"@type":"WebSite","@id":"https:\/\/dev.jura-resort.ch\/de\/#website","url":"https:\/\/dev.jura-resort.ch\/de\/","name":"Jura Resort","description":"Jura Resort","publisher":{"@id":"https:\/\/dev.jura-resort.ch\/de\/#organization"},"potentialAction":[{"@type":"SearchAction","target":{"@type":"EntryPoint","urlTemplate":"https:\/\/dev.jura-resort.ch\/de\/?s={search_term_string}"},"query-input":{"@type":"PropertyValueSpecification","valueRequired":true,"valueName":"search_term_string"}}],"inLanguage":"de"},{"@type":"Organization","@id":"https:\/\/dev.jura-resort.ch\/de\/#organization","name":"Jura Resort","alternateName":"Jura Resort - Centre de loisirs des Franches-Montagnes","url":"https:\/\/dev.jura-resort.ch\/de\/","logo":{"@type":"ImageObject","inLanguage":"de","@id":"https:\/\/dev.jura-resort.ch\/de\/#\/schema\/logo\/image\/","url":"https:\/\/dev.jura-resort.ch\/wp-content\/uploads\/2023\/12\/logo.png","contentUrl":"https:\/\/dev.jura-resort.ch\/wp-content\/uploads\/2023\/12\/logo.png","width":120,"height":135,"caption":"Jura Resort"},"image":{"@id":"https:\/\/dev.jura-resort.ch\/de\/#\/schema\/logo\/image\/"},"sameAs":["https:\/\/www.facebook.com\/clfm.centredeloisirsdesfranchesmontagnes","https:\/\/www.instagram.com\/jura_resort\/","https:\/\/www.linkedin.com\/company\/jura-sport-spa-resort\/","https:\/\/fr.tripadvisor.ch\/Hotel_Review-g1068933-d2618195-Reviews-Hotel_Cristal-Saignelegier_Canton_of_Jura.html"]}]}},"_links":{"self":[{"href":"https:\/\/dev.jura-resort.ch\/de\/wp-json\/wp\/v2\/pages\/7555","targetHints":{"allow":["GET"]}}],"collection":[{"href":"https:\/\/dev.jura-resort.ch\/de\/wp-json\/wp\/v2\/pages"}],"about":[{"href":"https:\/\/dev.jura-resort.ch\/de\/wp-json\/wp\/v2\/types\/page"}],"author":[{"embeddable":true,"href":"https:\/\/dev.jura-resort.ch\/de\/wp-json\/wp\/v2\/users\/5"}],"replies":[{"embeddable":true,"href":"https:\/\/dev.jura-resort.ch\/de\/wp-json\/wp\/v2\/comments?post=7555"}],"version-history":[{"count":0,"href":"https:\/\/dev.jura-resort.ch\/de\/wp-json\/wp\/v2\/pages\/7555\/revisions"}],"up":[{"embeddable":true,"href":"https:\/\/dev.jura-resort.ch\/de\/wp-json\/wp\/v2\/pages\/1587"}],"wp:attachment":[{"href":"https:\/\/dev.jura-resort.ch\/de\/wp-json\/wp\/v2\/media?parent=7555"}],"curies":[{"name":"wp","href":"https:\/\/api.w.org\/{rel}","templated":true}]}}