{"id":7551,"date":"2023-10-23T13:24:26","date_gmt":"2023-10-23T13:24:26","guid":{"rendered":"https:\/\/dev.jura-resort.ch\/hospitality\/jugendherberge\/"},"modified":"2025-12-17T13:37:56","modified_gmt":"2025-12-17T13:37:56","slug":"jugendherberge","status":"publish","type":"page","link":"https:\/\/dev.jura-resort.ch\/de\/hospitality\/jugendherberge\/","title":{"rendered":"Jugendherberge"},"content":{"rendered":"\t\t<div data-elementor-type=\"wp-page\" data-elementor-id=\"7551\" class=\"elementor elementor-7551 elementor-71\" data-elementor-post-type=\"page\">\n\t\t\t\t<div class=\"elementor-element elementor-element-cbb3af5 e-flex e-con-boxed e-con e-parent\" data-id=\"cbb3af5\" data-element_type=\"container\">\n\t\t\t\t\t<div class=\"e-con-inner\">\n\t\t\t\t<div class=\"elementor-element elementor-element-c40d7f3 elementor-widget elementor-widget-text-editor\" data-id=\"c40d7f3\" data-element_type=\"widget\" data-widget_type=\"text-editor.default\">\n\t\t\t\t<div class=\"elementor-widget-container\">\n\t\t\t\t\t\t\t\t\t<p><strong>F\u00fcr Buchungen nach 18.00 Uhr am selben Tag kontaktieren Sie uns bitte direkt unter 032 951 24 74.<\/strong><\/p>\t\t\t\t\t\t\t\t<\/div>\n\t\t\t\t<\/div>\n\t\t\t\t<div class=\"elementor-element elementor-element-3d3eb6d9 elementor-widget elementor-widget-text-editor\" data-id=\"3d3eb6d9\" data-element_type=\"widget\" data-widget_type=\"text-editor.default\">\n\t\t\t\t<div class=\"elementor-widget-container\">\n\t\t\t\t\t\t\t\t\t<p>Die einzige Jugendherberge in den Freibergen befindet sich im Herzen des Bezirks, in Saignel\u00e9gier, genauer gesagt im Jura Sport &amp; Spa Resort.<\/p><p>Unsere schlichten Mehrbettzimmer bieten einen qualitativ hochwertigen Aufenthalt f\u00fcr Gruppen und Reisende, die in einer erschwinglichen Gruppenunterkunft inmitten der Natur \u00fcbernachten m\u00f6chten.<\/p>\t\t\t\t\t\t\t\t<\/div>\n\t\t\t\t<\/div>\n\t\t\t\t<div class=\"elementor-element elementor-element-53dbcd2 elementor-align-left distributor elementor-widget elementor-widget-button\" data-id=\"53dbcd2\" data-element_type=\"widget\" data-widget_type=\"button.default\">\n\t\t\t\t<div class=\"elementor-widget-container\">\n\t\t\t\t\t\t\t\t\t<div class=\"elementor-button-wrapper\">\n\t\t\t\t\t<a class=\"elementor-button elementor-button-link elementor-size-md\" href=\"#\">\n\t\t\t\t\t\t<span class=\"elementor-button-content-wrapper\">\n\t\t\t\t\t\t\t\t\t<span class=\"elementor-button-text\">Buchen Sie Ihren Aufenthalt<\/span>\n\t\t\t\t\t<\/span>\n\t\t\t\t\t<\/a>\n\t\t\t\t<\/div>\n\t\t\t\t\t\t\t\t<\/div>\n\t\t\t\t<\/div>\n\t\t<div class=\"elementor-element elementor-element-5a39401d e-con-full e-flex e-con e-child\" data-id=\"5a39401d\" data-element_type=\"container\">\n\t\t\t\t<div class=\"elementor-element elementor-element-a7145da elementor-arrows-position-inside elementor-widget elementor-widget-image-carousel\" data-id=\"a7145da\" data-element_type=\"widget\" data-settings=\"{&quot;slides_to_show&quot;:&quot;1&quot;,&quot;navigation&quot;:&quot;arrows&quot;,&quot;infinite&quot;:&quot;yes&quot;,&quot;effect&quot;:&quot;slide&quot;,&quot;speed&quot;:500}\" data-widget_type=\"image-carousel.default\">\n\t\t\t\t<div class=\"elementor-widget-container\">\n\t\t\t\t\t\t\t<div class=\"elementor-image-carousel-wrapper swiper\" role=\"region\" aria-roledescription=\"carousel\" aria-label=\"Carrousel d\u2019images\" dir=\"ltr\">\n\t\t\t<div class=\"elementor-image-carousel swiper-wrapper\" aria-live=\"polite\">\n\t\t\t\t\t\t\t\t<div class=\"swiper-slide\" role=\"group\" aria-roledescription=\"slide\" aria-label=\"1 von 3\"><figure class=\"swiper-slide-inner\"><img decoding=\"async\" class=\"swiper-slide-image\" src=\"https:\/\/dev.jura-resort.ch\/wp-content\/uploads\/2025\/12\/auberge-jeunesse-dortoir-768x512.jpeg\" alt=\"auberge-jeunesse-dortoir\" \/><\/figure><\/div><div class=\"swiper-slide\" role=\"group\" aria-roledescription=\"slide\" aria-label=\"2 von 3\"><figure class=\"swiper-slide-inner\"><img decoding=\"async\" class=\"swiper-slide-image\" src=\"https:\/\/dev.jura-resort.ch\/wp-content\/uploads\/2025\/12\/auberge-jeunesse-chambre-768x512.jpeg\" alt=\"auberge-jeunesse-chambre\" \/><\/figure><\/div><div class=\"swiper-slide\" role=\"group\" aria-roledescription=\"slide\" aria-label=\"3 von 3\"><figure class=\"swiper-slide-inner\"><img decoding=\"async\" class=\"swiper-slide-image\" src=\"https:\/\/dev.jura-resort.ch\/wp-content\/uploads\/2025\/12\/auberge-jeunesse-sdb-768x512.jpeg\" alt=\"auberge-jeunesse-sdb\" \/><\/figure><\/div>\t\t\t<\/div>\n\t\t\t\t\t\t\t\t\t\t\t\t<div class=\"elementor-swiper-button elementor-swiper-button-prev\" role=\"button\" tabindex=\"0\">\n\t\t\t\t\t\t<i aria-hidden=\"true\" class=\"eicon-chevron-left\"><\/i>\t\t\t\t\t<\/div>\n\t\t\t\t\t<div class=\"elementor-swiper-button elementor-swiper-button-next\" role=\"button\" tabindex=\"0\">\n\t\t\t\t\t\t<i aria-hidden=\"true\" class=\"eicon-chevron-right\"><\/i>\t\t\t\t\t<\/div>\n\t\t\t\t\n\t\t\t\t\t\t\t\t\t<\/div>\n\t\t\t\t\t\t<\/div>\n\t\t\t\t<\/div>\n\t\t<div class=\"elementor-element elementor-element-66ecbaf e-flex e-con-boxed e-con e-child\" data-id=\"66ecbaf\" data-element_type=\"container\">\n\t\t\t\t\t<div class=\"e-con-inner\">\n\t\t\t\t<div class=\"elementor-element elementor-element-43a78044 elementor-widget elementor-widget-text-editor\" data-id=\"43a78044\" data-element_type=\"widget\" data-widget_type=\"text-editor.default\">\n\t\t\t\t<div class=\"elementor-widget-container\">\n\t\t\t\t\t\t\t\t\t<p>Die Jugendherberge kann bis zu 30 Personen beherbergen, die sich wie folgt verteilen:<\/p><p>- 4 Zimmer mit einer Kapazit\u00e4t f\u00fcr 4 Personen<\/p><p>- 2 Schlafzimmer mit einer Kapazit\u00e4t von 2 Personen<\/p><p>- 2 Schlafzimmer mit einer Kapazit\u00e4t f\u00fcr 5 Personen<\/p><p>Einige unserer Zimmer sind mit Einzelbetten ausgestattet.<\/p><p>In jedem Zimmer gibt es eine Dusche und ein separates WC.<\/p><p>Ein gemeinsamer Speisesaal f\u00fcr alle Schlafs\u00e4le steht ebenfalls zur Verf\u00fcgung. Dies ist der ideale Ort zum Ausruhen, Spielen oder Kochen (Sp\u00fcle, K\u00fchlschrank und Mikrowelle).<\/p><p>Zur Verf\u00fcgung gestellt werden :<\/p><p>- Kopfkissen mit Bezug<br>- Duvets<br>- Bettlaken<\/p><p><span style=\"text-decoration: underline;\"><strong>ACHTUNG<\/strong> <\/span>WIR SIND EIN FRANCHISE-UNTERNEHMEN, DAHER WERDEN YOUTHOSTEL-GUTSCHEINE IN UNSERER EINRICHTUNG NICHT AKZEPTIERT.<\/p><p>Wenn Sie Mitglied einer Jugendherberge sind, bitten wir Sie, Ihre Mitgliedskarte beim Einchecken vorzulegen, damit Sie von den Rabatten profitieren k\u00f6nnen.<\/p><p>Das Fr\u00fchst\u00fcck und der Eintritt in das Hallenbad sind im \u00dcbernachtungspreis enthalten.<\/p><p>Unser Wellnessbereich ist zum Vorzugspreis von CHF 17.00 zug\u00e4nglich.<\/p>\t\t\t\t\t\t\t\t<\/div>\n\t\t\t\t<\/div>\n\t\t\t\t<div class=\"elementor-element elementor-element-4b9d11d elementor-align-justify distributor elementor-widget elementor-widget-button\" data-id=\"4b9d11d\" data-element_type=\"widget\" data-widget_type=\"button.default\">\n\t\t\t\t<div class=\"elementor-widget-container\">\n\t\t\t\t\t\t\t\t\t<div class=\"elementor-button-wrapper\">\n\t\t\t\t\t<a class=\"elementor-button elementor-button-link elementor-size-md\" href=\"#\">\n\t\t\t\t\t\t<span class=\"elementor-button-content-wrapper\">\n\t\t\t\t\t\t\t\t\t<span class=\"elementor-button-text\">Buchen Sie<\/span>\n\t\t\t\t\t<\/span>\n\t\t\t\t\t<\/a>\n\t\t\t\t<\/div>\n\t\t\t\t\t\t\t\t<\/div>\n\t\t\t\t<\/div>\n\t\t\t\t\t<\/div>\n\t\t\t\t<\/div>\n\t\t\t\t<\/div>\n\t\t\t\t\t<\/div>\n\t\t\t\t<\/div>\n\t\t\t\t<\/div>\n\t\t","protected":false},"excerpt":{"rendered":"<p>F\u00fcr Buchungen nach 18.00 Uhr am selben Tag kontaktieren Sie uns bitte direkt unter 032 951 24 74. Die einzige Jugendherberge in den Freibergen befindet sich im Herzen des Bezirks, in Saignel\u00e9gier, genauer gesagt im Jura Sport &amp; Spa Resort. Unsere schlichten Mehrbettzimmer bieten einen qualitativ hochwertigen Aufenthalt f\u00fcr Gruppen und Reisende, die in einer [&hellip;]<\/p>\n","protected":false},"author":5,"featured_media":0,"parent":1587,"menu_order":2,"comment_status":"closed","ping_status":"closed","template":"","meta":{"_acf_changed":false,"footnotes":""},"class_list":["post-7551","page","type-page","status-publish","hentry"],"acf":[],"yoast_head":"<!-- This site is optimized with the Yoast SEO plugin v26.9 - https:\/\/yoast.com\/product\/yoast-seo-wordpress\/ -->\n<title>Jugendherberge | Jura Resort<\/title>\n<meta name=\"robots\" content=\"index, follow, max-snippet:-1, max-image-preview:large, max-video-preview:-1\" \/>\n<link rel=\"canonical\" href=\"https:\/\/dev.jura-resort.ch\/de\/hospitality\/jugendherberge\/\" \/>\n<meta property=\"og:locale\" content=\"de_DE\" \/>\n<meta property=\"og:type\" content=\"article\" \/>\n<meta property=\"og:title\" content=\"Jugendherberge | Jura Resort\" \/>\n<meta property=\"og:description\" content=\"F\u00fcr Buchungen nach 18.00 Uhr am selben Tag kontaktieren Sie uns bitte direkt unter 032 951 24 74. Die einzige Jugendherberge in den Freibergen befindet sich im Herzen des Bezirks, in Saignel\u00e9gier, genauer gesagt im Jura Sport &amp; Spa Resort. Unsere schlichten Mehrbettzimmer bieten einen qualitativ hochwertigen Aufenthalt f\u00fcr Gruppen und Reisende, die in einer [&hellip;]\" \/>\n<meta property=\"og:url\" content=\"https:\/\/dev.jura-resort.ch\/de\/hospitality\/jugendherberge\/\" \/>\n<meta property=\"og:site_name\" content=\"Jura Resort\" \/>\n<meta property=\"article:publisher\" content=\"https:\/\/www.facebook.com\/clfm.centredeloisirsdesfranchesmontagnes\" \/>\n<meta property=\"article:modified_time\" content=\"2025-12-17T13:37:56+00:00\" \/>\n<meta property=\"og:image\" content=\"https:\/\/dev.jura-resort.ch\/wp-content\/uploads\/2025\/12\/auberge-jeunesse-dortoir-768x512.jpeg\" \/>\n<meta name=\"twitter:card\" content=\"summary_large_image\" \/>\n<script type=\"application\/ld+json\" class=\"yoast-schema-graph\">{\"@context\":\"https:\/\/schema.org\",\"@graph\":[{\"@type\":\"WebPage\",\"@id\":\"https:\/\/dev.jura-resort.ch\/de\/hospitality\/jugendherberge\/\",\"url\":\"https:\/\/dev.jura-resort.ch\/de\/hospitality\/jugendherberge\/\",\"name\":\"Jugendherberge | Jura Resort\",\"isPartOf\":{\"@id\":\"https:\/\/dev.jura-resort.ch\/de\/#website\"},\"primaryImageOfPage\":{\"@id\":\"https:\/\/dev.jura-resort.ch\/de\/hospitality\/jugendherberge\/#primaryimage\"},\"image\":{\"@id\":\"https:\/\/dev.jura-resort.ch\/de\/hospitality\/jugendherberge\/#primaryimage\"},\"thumbnailUrl\":\"https:\/\/dev.jura-resort.ch\/wp-content\/uploads\/2025\/12\/auberge-jeunesse-dortoir-768x512.jpeg\",\"datePublished\":\"2023-10-23T13:24:26+00:00\",\"dateModified\":\"2025-12-17T13:37:56+00:00\",\"breadcrumb\":{\"@id\":\"https:\/\/dev.jura-resort.ch\/de\/hospitality\/jugendherberge\/#breadcrumb\"},\"inLanguage\":\"de\",\"potentialAction\":[{\"@type\":\"ReadAction\",\"target\":[\"https:\/\/dev.jura-resort.ch\/de\/hospitality\/jugendherberge\/\"]}]},{\"@type\":\"ImageObject\",\"inLanguage\":\"de\",\"@id\":\"https:\/\/dev.jura-resort.ch\/de\/hospitality\/jugendherberge\/#primaryimage\",\"url\":\"https:\/\/dev.jura-resort.ch\/wp-content\/uploads\/2025\/12\/auberge-jeunesse-dortoir-768x512.jpeg\",\"contentUrl\":\"https:\/\/dev.jura-resort.ch\/wp-content\/uploads\/2025\/12\/auberge-jeunesse-dortoir-768x512.jpeg\"},{\"@type\":\"BreadcrumbList\",\"@id\":\"https:\/\/dev.jura-resort.ch\/de\/hospitality\/jugendherberge\/#breadcrumb\",\"itemListElement\":[{\"@type\":\"ListItem\",\"position\":1,\"name\":\"Home\",\"item\":\"https:\/\/dev.jura-resort.ch\/de\/homepage\/\"},{\"@type\":\"ListItem\",\"position\":2,\"name\":\"Hospitality\",\"item\":\"https:\/\/dev.jura-resort.ch\/de\/hospitality\/\"},{\"@type\":\"ListItem\",\"position\":3,\"name\":\"Jugendherberge\"}]},{\"@type\":\"WebSite\",\"@id\":\"https:\/\/dev.jura-resort.ch\/de\/#website\",\"url\":\"https:\/\/dev.jura-resort.ch\/de\/\",\"name\":\"Jura Resort\",\"description\":\"Jura Resort\",\"publisher\":{\"@id\":\"https:\/\/dev.jura-resort.ch\/de\/#organization\"},\"potentialAction\":[{\"@type\":\"SearchAction\",\"target\":{\"@type\":\"EntryPoint\",\"urlTemplate\":\"https:\/\/dev.jura-resort.ch\/de\/?s={search_term_string}\"},\"query-input\":{\"@type\":\"PropertyValueSpecification\",\"valueRequired\":true,\"valueName\":\"search_term_string\"}}],\"inLanguage\":\"de\"},{\"@type\":\"Organization\",\"@id\":\"https:\/\/dev.jura-resort.ch\/de\/#organization\",\"name\":\"Jura Resort\",\"alternateName\":\"Jura Resort - Centre de loisirs des Franches-Montagnes\",\"url\":\"https:\/\/dev.jura-resort.ch\/de\/\",\"logo\":{\"@type\":\"ImageObject\",\"inLanguage\":\"de\",\"@id\":\"https:\/\/dev.jura-resort.ch\/de\/#\/schema\/logo\/image\/\",\"url\":\"https:\/\/dev.jura-resort.ch\/wp-content\/uploads\/2023\/12\/logo.png\",\"contentUrl\":\"https:\/\/dev.jura-resort.ch\/wp-content\/uploads\/2023\/12\/logo.png\",\"width\":120,\"height\":135,\"caption\":\"Jura Resort\"},\"image\":{\"@id\":\"https:\/\/dev.jura-resort.ch\/de\/#\/schema\/logo\/image\/\"},\"sameAs\":[\"https:\/\/www.facebook.com\/clfm.centredeloisirsdesfranchesmontagnes\",\"https:\/\/www.instagram.com\/jura_resort\/\",\"https:\/\/www.linkedin.com\/company\/jura-sport-spa-resort\/\",\"https:\/\/fr.tripadvisor.ch\/Hotel_Review-g1068933-d2618195-Reviews-Hotel_Cristal-Saignelegier_Canton_of_Jura.html\"]}]}<\/script>\n<!-- \/ Yoast SEO plugin. -->","yoast_head_json":{"title":"Jugendherberge | Jura Resort","robots":{"index":"index","follow":"follow","max-snippet":"max-snippet:-1","max-image-preview":"max-image-preview:large","max-video-preview":"max-video-preview:-1"},"canonical":"https:\/\/dev.jura-resort.ch\/de\/hospitality\/jugendherberge\/","og_locale":"de_DE","og_type":"article","og_title":"Jugendherberge | Jura Resort","og_description":"F\u00fcr Buchungen nach 18.00 Uhr am selben Tag kontaktieren Sie uns bitte direkt unter 032 951 24 74. Die einzige Jugendherberge in den Freibergen befindet sich im Herzen des Bezirks, in Saignel\u00e9gier, genauer gesagt im Jura Sport &amp; Spa Resort. Unsere schlichten Mehrbettzimmer bieten einen qualitativ hochwertigen Aufenthalt f\u00fcr Gruppen und Reisende, die in einer [&hellip;]","og_url":"https:\/\/dev.jura-resort.ch\/de\/hospitality\/jugendherberge\/","og_site_name":"Jura Resort","article_publisher":"https:\/\/www.facebook.com\/clfm.centredeloisirsdesfranchesmontagnes","article_modified_time":"2025-12-17T13:37:56+00:00","og_image":[{"url":"https:\/\/dev.jura-resort.ch\/wp-content\/uploads\/2025\/12\/auberge-jeunesse-dortoir-768x512.jpeg","type":"","width":"","height":""}],"twitter_card":"summary_large_image","schema":{"@context":"https:\/\/schema.org","@graph":[{"@type":"WebPage","@id":"https:\/\/dev.jura-resort.ch\/de\/hospitality\/jugendherberge\/","url":"https:\/\/dev.jura-resort.ch\/de\/hospitality\/jugendherberge\/","name":"Jugendherberge | Jura Resort","isPartOf":{"@id":"https:\/\/dev.jura-resort.ch\/de\/#website"},"primaryImageOfPage":{"@id":"https:\/\/dev.jura-resort.ch\/de\/hospitality\/jugendherberge\/#primaryimage"},"image":{"@id":"https:\/\/dev.jura-resort.ch\/de\/hospitality\/jugendherberge\/#primaryimage"},"thumbnailUrl":"https:\/\/dev.jura-resort.ch\/wp-content\/uploads\/2025\/12\/auberge-jeunesse-dortoir-768x512.jpeg","datePublished":"2023-10-23T13:24:26+00:00","dateModified":"2025-12-17T13:37:56+00:00","breadcrumb":{"@id":"https:\/\/dev.jura-resort.ch\/de\/hospitality\/jugendherberge\/#breadcrumb"},"inLanguage":"de","potentialAction":[{"@type":"ReadAction","target":["https:\/\/dev.jura-resort.ch\/de\/hospitality\/jugendherberge\/"]}]},{"@type":"ImageObject","inLanguage":"de","@id":"https:\/\/dev.jura-resort.ch\/de\/hospitality\/jugendherberge\/#primaryimage","url":"https:\/\/dev.jura-resort.ch\/wp-content\/uploads\/2025\/12\/auberge-jeunesse-dortoir-768x512.jpeg","contentUrl":"https:\/\/dev.jura-resort.ch\/wp-content\/uploads\/2025\/12\/auberge-jeunesse-dortoir-768x512.jpeg"},{"@type":"BreadcrumbList","@id":"https:\/\/dev.jura-resort.ch\/de\/hospitality\/jugendherberge\/#breadcrumb","itemListElement":[{"@type":"ListItem","position":1,"name":"Home","item":"https:\/\/dev.jura-resort.ch\/de\/homepage\/"},{"@type":"ListItem","position":2,"name":"Hospitality","item":"https:\/\/dev.jura-resort.ch\/de\/hospitality\/"},{"@type":"ListItem","position":3,"name":"Jugendherberge"}]},{"@type":"WebSite","@id":"https:\/\/dev.jura-resort.ch\/de\/#website","url":"https:\/\/dev.jura-resort.ch\/de\/","name":"Jura Resort","description":"Jura Resort","publisher":{"@id":"https:\/\/dev.jura-resort.ch\/de\/#organization"},"potentialAction":[{"@type":"SearchAction","target":{"@type":"EntryPoint","urlTemplate":"https:\/\/dev.jura-resort.ch\/de\/?s={search_term_string}"},"query-input":{"@type":"PropertyValueSpecification","valueRequired":true,"valueName":"search_term_string"}}],"inLanguage":"de"},{"@type":"Organization","@id":"https:\/\/dev.jura-resort.ch\/de\/#organization","name":"Jura Resort","alternateName":"Jura Resort - Centre de loisirs des Franches-Montagnes","url":"https:\/\/dev.jura-resort.ch\/de\/","logo":{"@type":"ImageObject","inLanguage":"de","@id":"https:\/\/dev.jura-resort.ch\/de\/#\/schema\/logo\/image\/","url":"https:\/\/dev.jura-resort.ch\/wp-content\/uploads\/2023\/12\/logo.png","contentUrl":"https:\/\/dev.jura-resort.ch\/wp-content\/uploads\/2023\/12\/logo.png","width":120,"height":135,"caption":"Jura Resort"},"image":{"@id":"https:\/\/dev.jura-resort.ch\/de\/#\/schema\/logo\/image\/"},"sameAs":["https:\/\/www.facebook.com\/clfm.centredeloisirsdesfranchesmontagnes","https:\/\/www.instagram.com\/jura_resort\/","https:\/\/www.linkedin.com\/company\/jura-sport-spa-resort\/","https:\/\/fr.tripadvisor.ch\/Hotel_Review-g1068933-d2618195-Reviews-Hotel_Cristal-Saignelegier_Canton_of_Jura.html"]}]}},"_links":{"self":[{"href":"https:\/\/dev.jura-resort.ch\/de\/wp-json\/wp\/v2\/pages\/7551","targetHints":{"allow":["GET"]}}],"collection":[{"href":"https:\/\/dev.jura-resort.ch\/de\/wp-json\/wp\/v2\/pages"}],"about":[{"href":"https:\/\/dev.jura-resort.ch\/de\/wp-json\/wp\/v2\/types\/page"}],"author":[{"embeddable":true,"href":"https:\/\/dev.jura-resort.ch\/de\/wp-json\/wp\/v2\/users\/5"}],"replies":[{"embeddable":true,"href":"https:\/\/dev.jura-resort.ch\/de\/wp-json\/wp\/v2\/comments?post=7551"}],"version-history":[{"count":0,"href":"https:\/\/dev.jura-resort.ch\/de\/wp-json\/wp\/v2\/pages\/7551\/revisions"}],"up":[{"embeddable":true,"href":"https:\/\/dev.jura-resort.ch\/de\/wp-json\/wp\/v2\/pages\/1587"}],"wp:attachment":[{"href":"https:\/\/dev.jura-resort.ch\/de\/wp-json\/wp\/v2\/media?parent=7551"}],"curies":[{"name":"wp","href":"https:\/\/api.w.org\/{rel}","templated":true}]}}