{"id":1630,"date":"2023-10-23T13:24:26","date_gmt":"2023-10-23T13:24:26","guid":{"rendered":"https:\/\/jura.bandula.org\/?page_id=1630"},"modified":"2025-11-27T06:31:47","modified_gmt":"2025-11-27T06:31:47","slug":"der-umgebung","status":"publish","type":"page","link":"https:\/\/dev.jura-resort.ch\/de\/sports-freizeit\/der-umgebung\/","title":{"rendered":"In der Umgebung"},"content":{"rendered":"\t\t<div data-elementor-type=\"wp-page\" data-elementor-id=\"1630\" class=\"elementor elementor-1630 elementor-85\" data-elementor-post-type=\"page\">\n\t\t\t\t<div class=\"elementor-element elementor-element-f87059e e-flex e-con-boxed e-con e-parent\" data-id=\"f87059e\" data-element_type=\"container\">\n\t\t\t\t\t<div class=\"e-con-inner\">\n\t\t\t\t<div class=\"elementor-element elementor-element-28c71729 elementor-widget elementor-widget-text-editor\" data-id=\"28c71729\" data-element_type=\"widget\" data-widget_type=\"text-editor.default\">\n\t\t\t\t<div class=\"elementor-widget-container\">\n\t\t\t\t\t\t\t\t\t<p>Das Jura Resort l\u00e4dt Sie dazu ein, die vielen Aktivit\u00e4ten in der Umgebung des Resorts zu genie\u00dfen.<\/p><p>Lassen Sie sich von der Authentizit\u00e4t des Schweizer Jura verf\u00fchren. Erleben Sie den Nervenkitzel und verwandeln Sie Momente der Entdeckung in unvergessliche Erinnerungen.<\/p>\t\t\t\t\t\t\t\t<\/div>\n\t\t\t\t<\/div>\n\t\t<div class=\"elementor-element elementor-element-5dbc6198 e-con-full e-flex e-con e-child\" data-id=\"5dbc6198\" data-element_type=\"container\">\n\t\t\t\t<div class=\"elementor-element elementor-element-3bb3dbba elementor-widget elementor-widget-text-editor\" data-id=\"3bb3dbba\" data-element_type=\"widget\" data-widget_type=\"text-editor.default\">\n\t\t\t\t<div class=\"elementor-widget-container\">\n\t\t\t\t\t\t\t\t\t<p><strong>Aktivit\u00e4ten<\/strong><\/p><ul><li>Chocolaterie Camille Bloch, Courtelary (24 km)<\/li><li>Stiftung f\u00fcr das Pferd (Roselet, Les Bois, Jeanbrenin)<\/li><li>Historische K\u00e4serei von Bellelay (T\u00eate de Moine)<\/li><li>K\u00e4serei Saignel\u00e9gier (T\u00eate de Moine)<\/li><li>Fromagerie des Franches-Montagnes, Le Noirmont (T\u00eate de Moine)<\/li><li>Uhrenschachtelmuseum, Le Noirmont<\/li><li>Tennis 2 Hallenpl\u00e4tze und 2 Au\u00dfenpl\u00e4tze (800m)<\/li><li>Skimuseum, Les Bois (11km)<\/li><li>Golf Club les Bois 18 L\u00f6cher (13 km)<\/li><li>Kanufahren auf dem Doubs (8 km)<\/li><li>Klettersteig an den Rochers des Somm\u00eatres (3 km)<\/li><li>Alpinski in Les Breuleux, Les Genevez, Tramelan, Savagni\u00e8res-Bugnenets (8 bis 25 km)<\/li><li>Spielpl\u00e4tze und Leichtathletikanlagen<\/li><li>Fu\u00dfballpl\u00e4tze<\/li><li>Zahlreiche Wanderrouten<\/li><li>Stra\u00dfenfahrr\u00e4der und Mountainbikes (k\u00f6nnen am Bahnhof CJ gemietet werden)<\/li><li>Tretroller (kann am CJ-Bahnhof gemietet werden)<\/li><li>Langlauf (Verleih im Gesch\u00e4ft Sportissimo, Saignel\u00e9gier, Vignette im B\u00fcro von Jura Tourisme oder online erh\u00e4ltlich)<\/li><li>Schneeschuhe (f\u00fcr Gruppen Mietm\u00f6glichkeit am CJ-Bahnhof, f\u00fcr Privatpersonen Mietm\u00f6glichkeit im Gesch\u00e4ft Sportissimo, Saignel\u00e9gier)<\/li><li>Reithalle (500m vom Jura Resort entfernt)<\/li><li>Reitaktivit\u00e4ten, Reiterpfade<\/li><li>Regionaler Naturpark Doubs (ein Gebiet von 388 km L\u00e4nge)<\/li><li>Kino, Le Noirmont (7km)<\/li><li>Kino, Les Breuleux (8km)<\/li><\/ul><p><strong><br>Praxis<\/strong><\/p><ul><li><a href=\"https:\/\/www.sbb.ch\/fr\" target=\"_blank\" rel=\"noopener\" data-saferedirecturl=\"https:\/\/www.google.com\/url?q=https:\/\/www.sbb.ch\/fr&amp;source=gmail&amp;ust=1764251286019000&amp;usg=AOvVaw0h0gN8T_4_zQ135c1CrBgi\">Online-Portal der SBB f\u00fcr Fahrpl\u00e4ne, Z\u00fcge und \u00f6ffentliche Verkehrsmittel<\/a><\/li><li><a href=\"https:\/\/free.oevplus.ch\/monitor\/?viewType=splitView&amp;layout=1&amp;showClock=true&amp;showPerron=true&amp;stationGroup1Title=Saignel%C3%A9gier,%20gare&amp;stationGroup2Title=Saignel%C3%A9gier,%20Centre%20Loisirs&amp;station_1_id=85:71934&amp;station_1_name=Saignel%C3%A9gier,%20gare&amp;station_1_quantity=1&amp;station_1_group=1&amp;station_2_id=85:191&amp;station_2_name=Saignel%C3%A9gier&amp;station_2_quantity=5&amp;station_2_group=1&amp;station_3_id=85:71933&amp;station_3_name=Saignel%C3%A9gier,%20Centre%20Loisirs&amp;station_3_quantity=3&amp;station_3_group=2\" target=\"_blank\" rel=\"noopener\">N\u00e4chste Abfahrten der \u00f6ffentlichen Verkehrsmittel<\/a><\/li><\/ul><p><br>F\u00fcr weitere Informationen wenden Sie sich bitte an Jura Tourisme unter Tel.: (+352) 02051-25201. +41 32 432 41 60 oder besuchen Sie die Website <a href=\"https:\/\/www.j3l.ch\/fr\/\" target=\"_blank\" rel=\"noopener\">www.j3l.ch\/fr\/<\/a>.<\/p>\t\t\t\t\t\t\t\t<\/div>\n\t\t\t\t<\/div>\n\t\t\t\t<\/div>\n\t\t\t\t<div class=\"elementor-element elementor-element-f6ff28d elementor-grid-4 elementor-grid-tablet-2 elementor-grid-mobile-1 elementor-widget elementor-widget-pp-logo-grid\" data-id=\"f6ff28d\" data-element_type=\"widget\" data-settings=\"{&quot;columns&quot;:&quot;4&quot;,&quot;columns_tablet&quot;:&quot;2&quot;,&quot;columns_mobile&quot;:&quot;1&quot;}\" data-widget_type=\"pp-logo-grid.default\">\n\t\t\t\t<div class=\"elementor-widget-container\">\n\t\t\t\t\t\t\t<div class=\"pp-logo-grid elementor-grid\">\n\t\t\t\t\t\t\t\t<div class=\"pp-grid-item-wrap elementor-grid-item elementor-repeater-item-36828d6\">\n\t\t\t\t\t\t<div class=\"pp-grid-item\">\n\t\t\t\t\t\t\t\t\t\t\t\t\t<a href=\"https:\/\/www.mobiju.ch\/\" target=\"_blank\">\n\t\t\t\t\t\t\t<img decoding=\"async\" src=\"https:\/\/dev.jura-resort.ch\/wp-content\/uploads\/2025\/11\/mobiju.svg\" alt=\"mobiju\" \/>\t\t\t\t\t\t\t<\/a>\n\t\t\t\t\t\t\t\t\t\t\t\t\t<\/div>\n\t\t\t\t\t\t\t\t\t\t\t<\/div>\n\t\t\t\t\t\t\t\t\t\t<div class=\"pp-grid-item-wrap elementor-grid-item elementor-repeater-item-1d509bb\">\n\t\t\t\t\t\t<div class=\"pp-grid-item\">\n\t\t\t\t\t\t\t\t\t\t\t\t\t<a href=\"https:\/\/esprit-mobile.ch\/\" target=\"_blank\">\n\t\t\t\t\t\t\t<img decoding=\"async\" src=\"https:\/\/dev.jura-resort.ch\/wp-content\/uploads\/2025\/11\/les-transports-publics-jurassiens-scaled.png\" alt=\"les-transports-publics-jurassiens\" \/>\t\t\t\t\t\t\t<\/a>\n\t\t\t\t\t\t\t\t\t\t\t\t\t<\/div>\n\t\t\t\t\t\t\t\t\t\t\t<\/div>\n\t\t\t\t\t\t\t\t\t\t<div class=\"pp-grid-item-wrap elementor-grid-item elementor-repeater-item-09dc6b1\">\n\t\t\t\t\t\t<div class=\"pp-grid-item\">\n\t\t\t\t\t\t\t\t\t\t\t\t\t<a href=\"https:\/\/www.sportissimo.ch\/\" target=\"_blank\">\n\t\t\t\t\t\t\t<img decoding=\"async\" src=\"https:\/\/dev.jura-resort.ch\/wp-content\/uploads\/2025\/11\/sportissimo-1.jpg\" alt=\"sportissimo\" \/>\t\t\t\t\t\t\t<\/a>\n\t\t\t\t\t\t\t\t\t\t\t\t\t<\/div>\n\t\t\t\t\t\t\t\t\t\t\t<\/div>\n\t\t\t\t\t\t\t\t\t\t<div class=\"pp-grid-item-wrap elementor-grid-item elementor-repeater-item-6394f78\">\n\t\t\t\t\t\t<div class=\"pp-grid-item\">\n\t\t\t\t\t\t\t\t\t\t\t\t\t<a href=\"https:\/\/les-cj.ch\">\n\t\t\t\t\t\t\t<img decoding=\"async\" src=\"https:\/\/dev.jura-resort.ch\/wp-content\/uploads\/2025\/11\/cj.png\" alt=\"cj\" \/>\t\t\t\t\t\t\t<\/a>\n\t\t\t\t\t\t\t\t\t\t\t\t\t<\/div>\n\t\t\t\t\t\t\t\t\t\t\t<\/div>\n\t\t\t\t\t\t\t<\/div>\n\t\t\t\t\t\t<\/div>\n\t\t\t\t<\/div>\n\t\t\t\t<div class=\"elementor-element elementor-element-b0c26b3 elementor-widget elementor-widget-template\" data-id=\"b0c26b3\" data-element_type=\"widget\" data-widget_type=\"template.default\">\n\t\t\t\t<div class=\"elementor-widget-container\">\n\t\t\t\t\t\t\t<div class=\"elementor-template\">\n\t\t\t\t\t<div data-elementor-type=\"container\" data-elementor-id=\"7688\" class=\"elementor elementor-7688 elementor-7374\" data-elementor-post-type=\"elementor_library\">\n\t\t\t\t<div class=\"elementor-element elementor-element-c81b731 e-con-full e-flex e-con e-child\" data-id=\"c81b731\" data-element_type=\"container\">\n\t\t\t\t<div class=\"elementor-element elementor-element-3e8399c elementor-widget-divider--view-line elementor-widget elementor-widget-divider\" data-id=\"3e8399c\" data-element_type=\"widget\" data-widget_type=\"divider.default\">\n\t\t\t\t<div class=\"elementor-widget-container\">\n\t\t\t\t\t\t\t<div class=\"elementor-divider\">\n\t\t\t<span class=\"elementor-divider-separator\">\n\t\t\t\t\t\t<\/span>\n\t\t<\/div>\n\t\t\t\t\t\t<\/div>\n\t\t\t\t<\/div>\n\t\t\t\t<div class=\"elementor-element elementor-element-c1355a6 elementor-widget elementor-widget-heading\" data-id=\"c1355a6\" data-element_type=\"widget\" data-widget_type=\"heading.default\">\n\t\t\t\t<div class=\"elementor-widget-container\">\n\t\t\t\t\t<h2 class=\"elementor-heading-title elementor-size-default\">Unsere Angebote<\/h2>\t\t\t\t<\/div>\n\t\t\t\t<\/div>\n\t\t<div class=\"elementor-element elementor-element-933640d e-grid e-con-boxed e-con e-child\" data-id=\"933640d\" data-element_type=\"container\">\n\t\t\t\t\t<div class=\"e-con-inner\">\n\t\t\t\t<div class=\"elementor-element elementor-element-430fa82 elementor-position-top elementor-widget elementor-widget-image-box\" data-id=\"430fa82\" data-element_type=\"widget\" data-widget_type=\"image-box.default\">\n\t\t\t\t<div class=\"elementor-widget-container\">\n\t\t\t\t\t<div class=\"elementor-image-box-wrapper\"><figure class=\"elementor-image-box-img\"><a href=\"https:\/\/dev.jura-resort.ch\/de\/geschenkgutscheine\/\" tabindex=\"-1\"><img fetchpriority=\"high\" decoding=\"async\" width=\"1024\" height=\"683\" src=\"https:\/\/dev.jura-resort.ch\/wp-content\/uploads\/2025\/12\/accueil-bons-cadeaux.jpg\" class=\"attachment-full size-full wp-image-8614\" alt=\"\" srcset=\"https:\/\/dev.jura-resort.ch\/wp-content\/uploads\/2025\/12\/accueil-bons-cadeaux.jpg 1024w, https:\/\/dev.jura-resort.ch\/wp-content\/uploads\/2025\/12\/accueil-bons-cadeaux-300x200.jpg 300w, https:\/\/dev.jura-resort.ch\/wp-content\/uploads\/2025\/12\/accueil-bons-cadeaux-768x512.jpg 768w\" sizes=\"(max-width: 1024px) 100vw, 1024px\" \/><\/a><\/figure><div class=\"elementor-image-box-content\"><p class=\"elementor-image-box-title\"><a href=\"https:\/\/dev.jura-resort.ch\/de\/geschenkgutscheine\/\">Geschenkgutscheine<\/a><\/p><\/div><\/div>\t\t\t\t<\/div>\n\t\t\t\t<\/div>\n\t\t\t\t<div class=\"elementor-element elementor-element-5850ef1 elementor-position-top elementor-widget elementor-widget-image-box\" data-id=\"5850ef1\" data-element_type=\"widget\" data-widget_type=\"image-box.default\">\n\t\t\t\t<div class=\"elementor-widget-container\">\n\t\t\t\t\t<div class=\"elementor-image-box-wrapper\"><figure class=\"elementor-image-box-img\"><a href=\"https:\/\/dev.jura-resort.ch\/reservation-entrees-wellness\" tabindex=\"-1\"><img decoding=\"async\" width=\"1000\" height=\"667\" src=\"https:\/\/dev.jura-resort.ch\/wp-content\/uploads\/2024\/12\/Forfait-Wellness-Confort-1-adulte.jpg\" class=\"attachment-full size-full wp-image-5949\" alt=\"\" srcset=\"https:\/\/dev.jura-resort.ch\/wp-content\/uploads\/2024\/12\/Forfait-Wellness-Confort-1-adulte.jpg 1000w, https:\/\/dev.jura-resort.ch\/wp-content\/uploads\/2024\/12\/Forfait-Wellness-Confort-1-adulte-300x200.jpg 300w, https:\/\/dev.jura-resort.ch\/wp-content\/uploads\/2024\/12\/Forfait-Wellness-Confort-1-adulte-768x512.jpg 768w, https:\/\/dev.jura-resort.ch\/wp-content\/uploads\/2024\/12\/Forfait-Wellness-Confort-1-adulte-600x400.jpg 600w\" sizes=\"(max-width: 1000px) 100vw, 1000px\" \/><\/a><\/figure><div class=\"elementor-image-box-content\"><p class=\"elementor-image-box-title\"><a href=\"https:\/\/dev.jura-resort.ch\/reservation-entrees-wellness\">Eintr\u00e4ge Wellness<\/a><\/p><\/div><\/div>\t\t\t\t<\/div>\n\t\t\t\t<\/div>\n\t\t\t\t<div class=\"elementor-element elementor-element-ebd281e elementor-position-top elementor-widget elementor-widget-image-box\" data-id=\"ebd281e\" data-element_type=\"widget\" data-widget_type=\"image-box.default\">\n\t\t\t\t<div class=\"elementor-widget-container\">\n\t\t\t\t\t<div class=\"elementor-image-box-wrapper\"><figure class=\"elementor-image-box-img\"><a href=\"https:\/\/dev.jura-resort.ch\/de\/hospitality\/3-hotel\/\" tabindex=\"-1\"><img decoding=\"async\" width=\"1024\" height=\"1280\" src=\"https:\/\/dev.jura-resort.ch\/wp-content\/uploads\/2025\/12\/accueil-hotel.jpg\" class=\"attachment-full size-full wp-image-8618\" alt=\"\" srcset=\"https:\/\/dev.jura-resort.ch\/wp-content\/uploads\/2025\/12\/accueil-hotel.jpg 1024w, https:\/\/dev.jura-resort.ch\/wp-content\/uploads\/2025\/12\/accueil-hotel-240x300.jpg 240w, https:\/\/dev.jura-resort.ch\/wp-content\/uploads\/2025\/12\/accueil-hotel-819x1024.jpg 819w, https:\/\/dev.jura-resort.ch\/wp-content\/uploads\/2025\/12\/accueil-hotel-768x960.jpg 768w\" sizes=\"(max-width: 1024px) 100vw, 1024px\" \/><\/a><\/figure><div class=\"elementor-image-box-content\"><p class=\"elementor-image-box-title\"><a href=\"https:\/\/dev.jura-resort.ch\/de\/hospitality\/3-hotel\/\">Buchen Sie ein Zimmer<\/a><\/p><\/div><\/div>\t\t\t\t<\/div>\n\t\t\t\t<\/div>\n\t\t\t\t\t<\/div>\n\t\t\t\t<\/div>\n\t\t<div class=\"elementor-element elementor-element-2a99413 e-flex e-con-boxed e-con e-child\" data-id=\"2a99413\" data-element_type=\"container\">\n\t\t\t\t\t<div class=\"e-con-inner\">\n\t\t\t\t<div class=\"elementor-element elementor-element-4484174 elementor-grid-5 elementor-grid-mobile-2 elementor-grid-tablet-5 elementor-widget elementor-widget-pp-logo-grid\" data-id=\"4484174\" data-element_type=\"widget\" data-settings=\"{&quot;columns&quot;:&quot;5&quot;,&quot;columns_mobile&quot;:&quot;2&quot;,&quot;columns_tablet&quot;:&quot;5&quot;}\" data-widget_type=\"pp-logo-grid.default\">\n\t\t\t\t<div class=\"elementor-widget-container\">\n\t\t\t\t\t\t\t<div class=\"pp-logo-grid elementor-grid\">\n\t\t\t\t\t\t\t\t<div class=\"pp-grid-item-wrap elementor-grid-item elementor-repeater-item-8d85b28\">\n\t\t\t\t\t\t<div class=\"pp-grid-item\">\n\t\t\t\t\t\t<img decoding=\"async\" src=\"https:\/\/dev.jura-resort.ch\/wp-content\/uploads\/2025\/12\/Bike-Hotel.jpg\" alt=\"Bike-Hotel.jpg\" \/>\t\t\t\t\t\t<\/div>\n\t\t\t\t\t\t\t\t\t\t\t<\/div>\n\t\t\t\t\t\t\t\t\t\t<div class=\"pp-grid-item-wrap elementor-grid-item elementor-repeater-item-c3e63b1\">\n\t\t\t\t\t\t<div class=\"pp-grid-item\">\n\t\t\t\t\t\t<img decoding=\"async\" src=\"https:\/\/dev.jura-resort.ch\/wp-content\/uploads\/2025\/12\/Wellness-Hotel-HotellerieSuisse.jpg\" alt=\"Wellness-Hotel-HotellerieSuisse.jpg\" \/>\t\t\t\t\t\t<\/div>\n\t\t\t\t\t\t\t\t\t\t\t<\/div>\n\t\t\t\t\t\t\t\t\t\t<div class=\"pp-grid-item-wrap elementor-grid-item elementor-repeater-item-2cc589f\">\n\t\t\t\t\t\t<div class=\"pp-grid-item\">\n\t\t\t\t\t\t<img decoding=\"async\" src=\"https:\/\/dev.jura-resort.ch\/wp-content\/uploads\/2025\/12\/logo-hotellerie-suisse.png\" alt=\"logo-hotellerie-suisse.png\" \/>\t\t\t\t\t\t<\/div>\n\t\t\t\t\t\t\t\t\t\t\t<\/div>\n\t\t\t\t\t\t\t\t\t\t<div class=\"pp-grid-item-wrap elementor-grid-item elementor-repeater-item-03669cd\">\n\t\t\t\t\t\t<div class=\"pp-grid-item\">\n\t\t\t\t\t\t<img decoding=\"async\" src=\"https:\/\/dev.jura-resort.ch\/wp-content\/uploads\/2025\/12\/logo-jura-pass.png\" alt=\"logo-jura-pass.png\" \/>\t\t\t\t\t\t<\/div>\n\t\t\t\t\t\t\t\t\t\t\t<\/div>\n\t\t\t\t\t\t\t\t\t\t<div class=\"pp-grid-item-wrap elementor-grid-item elementor-repeater-item-eb1ce5a\">\n\t\t\t\t\t\t<div class=\"pp-grid-item\">\n\t\t\t\t\t\t<img decoding=\"async\" src=\"https:\/\/dev.jura-resort.ch\/wp-content\/uploads\/2025\/07\/jura-cadeau.jpg\" alt=\"jura-cadeau\" \/>\t\t\t\t\t\t<\/div>\n\t\t\t\t\t\t\t\t\t\t\t<\/div>\n\t\t\t\t\t\t\t<\/div>\n\t\t\t\t\t\t<\/div>\n\t\t\t\t<\/div>\n\t\t\t\t\t<\/div>\n\t\t\t\t<\/div>\n\t\t\t\t<\/div>\n\t\t\t\t<\/div>\n\t\t\t\t<\/div>\n\t\t\t\t\t\t<\/div>\n\t\t\t\t<\/div>\n\t\t\t\t\t<\/div>\n\t\t\t\t<\/div>\n\t\t\t\t<\/div>\n\t\t","protected":false},"excerpt":{"rendered":"<p>Das Jura Resort l\u00e4dt Sie dazu ein, die vielen Aktivit\u00e4ten in der Umgebung des Resorts zu genie\u00dfen. Lassen Sie sich von der Authentizit\u00e4t des Schweizer Jura verf\u00fchren. Erleben Sie den Nervenkitzel und verwandeln Sie Momente der Entdeckung in unvergessliche Erinnerungen. Aktivit\u00e4ten Chocolaterie Camille Bloch, Courtelary (24 km) Stiftung f\u00fcr das Pferd (Roselet, Les Bois, Jeanbrenin) [&hellip;]<\/p>\n","protected":false},"author":5,"featured_media":0,"parent":1589,"menu_order":10,"comment_status":"closed","ping_status":"closed","template":"","meta":{"_acf_changed":false,"footnotes":""},"class_list":["post-1630","page","type-page","status-publish","hentry"],"acf":[],"yoast_head":"<!-- This site is optimized with the Yoast SEO plugin v26.9 - https:\/\/yoast.com\/product\/yoast-seo-wordpress\/ -->\n<title>Unvergessliche Erinnerungen und starke Gef\u00fchle f\u00fcr alle | Jura Resort%<\/title>\n<meta name=\"description\" content=\"Genie\u00dfen Sie die vielen Aktivit\u00e4ten in der Umgebung des Jura Resorts und lassen Sie sich von der Authentizit\u00e4t des Schweizer Jura verf\u00fchren.\" \/>\n<meta name=\"robots\" content=\"index, follow, max-snippet:-1, max-image-preview:large, max-video-preview:-1\" \/>\n<link rel=\"canonical\" href=\"https:\/\/dev.jura-resort.ch\/de\/sports-freizeit\/der-umgebung\/\" \/>\n<meta property=\"og:locale\" content=\"de_DE\" \/>\n<meta property=\"og:type\" content=\"article\" \/>\n<meta property=\"og:title\" content=\"Unvergessliche Erinnerungen und starke Gef\u00fchle f\u00fcr alle | Jura Resort%\" \/>\n<meta property=\"og:description\" content=\"Genie\u00dfen Sie die vielen Aktivit\u00e4ten in der Umgebung des Jura Resorts und lassen Sie sich von der Authentizit\u00e4t des Schweizer Jura verf\u00fchren.\" \/>\n<meta property=\"og:url\" content=\"https:\/\/dev.jura-resort.ch\/de\/sports-freizeit\/der-umgebung\/\" \/>\n<meta property=\"og:site_name\" content=\"Jura Resort\" \/>\n<meta property=\"article:publisher\" content=\"https:\/\/www.facebook.com\/clfm.centredeloisirsdesfranchesmontagnes\" \/>\n<meta property=\"article:modified_time\" content=\"2025-11-27T06:31:47+00:00\" \/>\n<meta property=\"og:image\" content=\"https:\/\/dev.jura-resort.ch\/wp-content\/uploads\/2025\/11\/mobiju.svg\" \/>\n<meta name=\"twitter:card\" content=\"summary_large_image\" \/>\n<script type=\"application\/ld+json\" class=\"yoast-schema-graph\">{\"@context\":\"https:\/\/schema.org\",\"@graph\":[{\"@type\":\"WebPage\",\"@id\":\"https:\/\/dev.jura-resort.ch\/de\/sports-freizeit\/der-umgebung\/\",\"url\":\"https:\/\/dev.jura-resort.ch\/de\/sports-freizeit\/der-umgebung\/\",\"name\":\"Unvergessliche Erinnerungen und starke Gef\u00fchle f\u00fcr alle | Jura Resort%\",\"isPartOf\":{\"@id\":\"https:\/\/dev.jura-resort.ch\/de\/#website\"},\"primaryImageOfPage\":{\"@id\":\"https:\/\/dev.jura-resort.ch\/de\/sports-freizeit\/der-umgebung\/#primaryimage\"},\"image\":{\"@id\":\"https:\/\/dev.jura-resort.ch\/de\/sports-freizeit\/der-umgebung\/#primaryimage\"},\"thumbnailUrl\":\"https:\/\/dev.jura-resort.ch\/wp-content\/uploads\/2025\/11\/mobiju.svg\",\"datePublished\":\"2023-10-23T13:24:26+00:00\",\"dateModified\":\"2025-11-27T06:31:47+00:00\",\"description\":\"Genie\u00dfen Sie die vielen Aktivit\u00e4ten in der Umgebung des Jura Resorts und lassen Sie sich von der Authentizit\u00e4t des Schweizer Jura verf\u00fchren.\",\"breadcrumb\":{\"@id\":\"https:\/\/dev.jura-resort.ch\/de\/sports-freizeit\/der-umgebung\/#breadcrumb\"},\"inLanguage\":\"de\",\"potentialAction\":[{\"@type\":\"ReadAction\",\"target\":[\"https:\/\/dev.jura-resort.ch\/de\/sports-freizeit\/der-umgebung\/\"]}]},{\"@type\":\"ImageObject\",\"inLanguage\":\"de\",\"@id\":\"https:\/\/dev.jura-resort.ch\/de\/sports-freizeit\/der-umgebung\/#primaryimage\",\"url\":\"https:\/\/dev.jura-resort.ch\/wp-content\/uploads\/2025\/11\/mobiju.svg\",\"contentUrl\":\"https:\/\/dev.jura-resort.ch\/wp-content\/uploads\/2025\/11\/mobiju.svg\"},{\"@type\":\"BreadcrumbList\",\"@id\":\"https:\/\/dev.jura-resort.ch\/de\/sports-freizeit\/der-umgebung\/#breadcrumb\",\"itemListElement\":[{\"@type\":\"ListItem\",\"position\":1,\"name\":\"Home\",\"item\":\"https:\/\/dev.jura-resort.ch\/de\/homepage\/\"},{\"@type\":\"ListItem\",\"position\":2,\"name\":\"Sport &amp; Freizeit\",\"item\":\"https:\/\/dev.jura-resort.ch\/de\/sports-freizeit\/\"},{\"@type\":\"ListItem\",\"position\":3,\"name\":\"In der Umgebung\"}]},{\"@type\":\"WebSite\",\"@id\":\"https:\/\/dev.jura-resort.ch\/de\/#website\",\"url\":\"https:\/\/dev.jura-resort.ch\/de\/\",\"name\":\"Jura Resort\",\"description\":\"Jura Resort\",\"publisher\":{\"@id\":\"https:\/\/dev.jura-resort.ch\/de\/#organization\"},\"potentialAction\":[{\"@type\":\"SearchAction\",\"target\":{\"@type\":\"EntryPoint\",\"urlTemplate\":\"https:\/\/dev.jura-resort.ch\/de\/?s={search_term_string}\"},\"query-input\":{\"@type\":\"PropertyValueSpecification\",\"valueRequired\":true,\"valueName\":\"search_term_string\"}}],\"inLanguage\":\"de\"},{\"@type\":\"Organization\",\"@id\":\"https:\/\/dev.jura-resort.ch\/de\/#organization\",\"name\":\"Jura Resort\",\"alternateName\":\"Jura Resort - Centre de loisirs des Franches-Montagnes\",\"url\":\"https:\/\/dev.jura-resort.ch\/de\/\",\"logo\":{\"@type\":\"ImageObject\",\"inLanguage\":\"de\",\"@id\":\"https:\/\/dev.jura-resort.ch\/de\/#\/schema\/logo\/image\/\",\"url\":\"https:\/\/dev.jura-resort.ch\/wp-content\/uploads\/2023\/12\/logo.png\",\"contentUrl\":\"https:\/\/dev.jura-resort.ch\/wp-content\/uploads\/2023\/12\/logo.png\",\"width\":120,\"height\":135,\"caption\":\"Jura Resort\"},\"image\":{\"@id\":\"https:\/\/dev.jura-resort.ch\/de\/#\/schema\/logo\/image\/\"},\"sameAs\":[\"https:\/\/www.facebook.com\/clfm.centredeloisirsdesfranchesmontagnes\",\"https:\/\/www.instagram.com\/jura_resort\/\",\"https:\/\/www.linkedin.com\/company\/jura-sport-spa-resort\/\",\"https:\/\/fr.tripadvisor.ch\/Hotel_Review-g1068933-d2618195-Reviews-Hotel_Cristal-Saignelegier_Canton_of_Jura.html\"]}]}<\/script>\n<!-- \/ Yoast SEO plugin. -->","yoast_head_json":{"title":"Unvergessliche Erinnerungen und starke Gef\u00fchle f\u00fcr alle | Jura Resort%","description":"Genie\u00dfen Sie die vielen Aktivit\u00e4ten in der Umgebung des Jura Resorts und lassen Sie sich von der Authentizit\u00e4t des Schweizer Jura verf\u00fchren.","robots":{"index":"index","follow":"follow","max-snippet":"max-snippet:-1","max-image-preview":"max-image-preview:large","max-video-preview":"max-video-preview:-1"},"canonical":"https:\/\/dev.jura-resort.ch\/de\/sports-freizeit\/der-umgebung\/","og_locale":"de_DE","og_type":"article","og_title":"Unvergessliche Erinnerungen und starke Gef\u00fchle f\u00fcr alle | Jura Resort%","og_description":"Genie\u00dfen Sie die vielen Aktivit\u00e4ten in der Umgebung des Jura Resorts und lassen Sie sich von der Authentizit\u00e4t des Schweizer Jura verf\u00fchren.","og_url":"https:\/\/dev.jura-resort.ch\/de\/sports-freizeit\/der-umgebung\/","og_site_name":"Jura Resort","article_publisher":"https:\/\/www.facebook.com\/clfm.centredeloisirsdesfranchesmontagnes","article_modified_time":"2025-11-27T06:31:47+00:00","og_image":[{"url":"https:\/\/dev.jura-resort.ch\/wp-content\/uploads\/2025\/11\/mobiju.svg","type":"","width":"","height":""}],"twitter_card":"summary_large_image","schema":{"@context":"https:\/\/schema.org","@graph":[{"@type":"WebPage","@id":"https:\/\/dev.jura-resort.ch\/de\/sports-freizeit\/der-umgebung\/","url":"https:\/\/dev.jura-resort.ch\/de\/sports-freizeit\/der-umgebung\/","name":"Unvergessliche Erinnerungen und starke Gef\u00fchle f\u00fcr alle | Jura Resort%","isPartOf":{"@id":"https:\/\/dev.jura-resort.ch\/de\/#website"},"primaryImageOfPage":{"@id":"https:\/\/dev.jura-resort.ch\/de\/sports-freizeit\/der-umgebung\/#primaryimage"},"image":{"@id":"https:\/\/dev.jura-resort.ch\/de\/sports-freizeit\/der-umgebung\/#primaryimage"},"thumbnailUrl":"https:\/\/dev.jura-resort.ch\/wp-content\/uploads\/2025\/11\/mobiju.svg","datePublished":"2023-10-23T13:24:26+00:00","dateModified":"2025-11-27T06:31:47+00:00","description":"Genie\u00dfen Sie die vielen Aktivit\u00e4ten in der Umgebung des Jura Resorts und lassen Sie sich von der Authentizit\u00e4t des Schweizer Jura verf\u00fchren.","breadcrumb":{"@id":"https:\/\/dev.jura-resort.ch\/de\/sports-freizeit\/der-umgebung\/#breadcrumb"},"inLanguage":"de","potentialAction":[{"@type":"ReadAction","target":["https:\/\/dev.jura-resort.ch\/de\/sports-freizeit\/der-umgebung\/"]}]},{"@type":"ImageObject","inLanguage":"de","@id":"https:\/\/dev.jura-resort.ch\/de\/sports-freizeit\/der-umgebung\/#primaryimage","url":"https:\/\/dev.jura-resort.ch\/wp-content\/uploads\/2025\/11\/mobiju.svg","contentUrl":"https:\/\/dev.jura-resort.ch\/wp-content\/uploads\/2025\/11\/mobiju.svg"},{"@type":"BreadcrumbList","@id":"https:\/\/dev.jura-resort.ch\/de\/sports-freizeit\/der-umgebung\/#breadcrumb","itemListElement":[{"@type":"ListItem","position":1,"name":"Home","item":"https:\/\/dev.jura-resort.ch\/de\/homepage\/"},{"@type":"ListItem","position":2,"name":"Sport &amp; Freizeit","item":"https:\/\/dev.jura-resort.ch\/de\/sports-freizeit\/"},{"@type":"ListItem","position":3,"name":"In der Umgebung"}]},{"@type":"WebSite","@id":"https:\/\/dev.jura-resort.ch\/de\/#website","url":"https:\/\/dev.jura-resort.ch\/de\/","name":"Jura Resort","description":"Jura Resort","publisher":{"@id":"https:\/\/dev.jura-resort.ch\/de\/#organization"},"potentialAction":[{"@type":"SearchAction","target":{"@type":"EntryPoint","urlTemplate":"https:\/\/dev.jura-resort.ch\/de\/?s={search_term_string}"},"query-input":{"@type":"PropertyValueSpecification","valueRequired":true,"valueName":"search_term_string"}}],"inLanguage":"de"},{"@type":"Organization","@id":"https:\/\/dev.jura-resort.ch\/de\/#organization","name":"Jura Resort","alternateName":"Jura Resort - Centre de loisirs des Franches-Montagnes","url":"https:\/\/dev.jura-resort.ch\/de\/","logo":{"@type":"ImageObject","inLanguage":"de","@id":"https:\/\/dev.jura-resort.ch\/de\/#\/schema\/logo\/image\/","url":"https:\/\/dev.jura-resort.ch\/wp-content\/uploads\/2023\/12\/logo.png","contentUrl":"https:\/\/dev.jura-resort.ch\/wp-content\/uploads\/2023\/12\/logo.png","width":120,"height":135,"caption":"Jura Resort"},"image":{"@id":"https:\/\/dev.jura-resort.ch\/de\/#\/schema\/logo\/image\/"},"sameAs":["https:\/\/www.facebook.com\/clfm.centredeloisirsdesfranchesmontagnes","https:\/\/www.instagram.com\/jura_resort\/","https:\/\/www.linkedin.com\/company\/jura-sport-spa-resort\/","https:\/\/fr.tripadvisor.ch\/Hotel_Review-g1068933-d2618195-Reviews-Hotel_Cristal-Saignelegier_Canton_of_Jura.html"]}]}},"_links":{"self":[{"href":"https:\/\/dev.jura-resort.ch\/de\/wp-json\/wp\/v2\/pages\/1630","targetHints":{"allow":["GET"]}}],"collection":[{"href":"https:\/\/dev.jura-resort.ch\/de\/wp-json\/wp\/v2\/pages"}],"about":[{"href":"https:\/\/dev.jura-resort.ch\/de\/wp-json\/wp\/v2\/types\/page"}],"author":[{"embeddable":true,"href":"https:\/\/dev.jura-resort.ch\/de\/wp-json\/wp\/v2\/users\/5"}],"replies":[{"embeddable":true,"href":"https:\/\/dev.jura-resort.ch\/de\/wp-json\/wp\/v2\/comments?post=1630"}],"version-history":[{"count":0,"href":"https:\/\/dev.jura-resort.ch\/de\/wp-json\/wp\/v2\/pages\/1630\/revisions"}],"up":[{"embeddable":true,"href":"https:\/\/dev.jura-resort.ch\/de\/wp-json\/wp\/v2\/pages\/1589"}],"wp:attachment":[{"href":"https:\/\/dev.jura-resort.ch\/de\/wp-json\/wp\/v2\/media?parent=1630"}],"curies":[{"name":"wp","href":"https:\/\/api.w.org\/{rel}","templated":true}]}}