{"id":1624,"date":"2023-11-07T14:27:03","date_gmt":"2023-11-07T14:27:03","guid":{"rendered":"https:\/\/jura.bandula.org\/?page_id=1624"},"modified":"2026-01-08T09:21:07","modified_gmt":"2026-01-08T09:21:07","slug":"datenschutzerklaerung","status":"publish","type":"page","link":"https:\/\/dev.jura-resort.ch\/de\/datenschutzerklaerung\/","title":{"rendered":"DATENSCHUTZPOLITIK"},"content":{"rendered":"\t\t<div data-elementor-type=\"wp-page\" data-elementor-id=\"1624\" class=\"elementor elementor-1624 elementor-806\" data-elementor-post-type=\"page\">\n\t\t\t\t<div class=\"elementor-element elementor-element-3e9bc469 e-grid e-con-full pagegrid e-con e-parent\" data-id=\"3e9bc469\" data-element_type=\"container\">\n\t\t<a class=\"elementor-element elementor-element-48f82211 elementor-hidden-mobile e-flex e-con-boxed e-con e-child\" data-id=\"48f82211\" data-element_type=\"container\" data-settings=\"{&quot;background_background&quot;:&quot;classic&quot;}\" href=\"\/\">\n\t\t\t\t\t<div class=\"e-con-inner\">\n\t\t\t\t\t<\/div>\n\t\t\t\t<\/a>\n\t\t<div class=\"elementor-element elementor-element-3a70a6b9 content-box e-flex e-con-boxed e-con e-child\" data-id=\"3a70a6b9\" data-element_type=\"container\" data-settings=\"{&quot;background_background&quot;:&quot;classic&quot;}\">\n\t\t\t\t\t<div class=\"e-con-inner\">\n\t\t\t\t<div class=\"elementor-element elementor-element-1ca9ead2 elementor-widget elementor-widget-heading\" data-id=\"1ca9ead2\" data-element_type=\"widget\" data-widget_type=\"heading.default\">\n\t\t\t\t<div class=\"elementor-widget-container\">\n\t\t\t\t\t<h1 class=\"elementor-heading-title elementor-size-default\">DATENSCHUTZPOLITIK<\/h1>\t\t\t\t<\/div>\n\t\t\t\t<\/div>\n\t\t\t\t<div class=\"elementor-element elementor-element-653d70c6 elementor-widget elementor-widget-text-editor\" data-id=\"653d70c6\" data-element_type=\"widget\" data-widget_type=\"text-editor.default\">\n\t\t\t\t<div class=\"elementor-widget-container\">\n\t\t\t\t\t\t\t\t\t<p>In \u00dcbereinstimmung mit dem europ\u00e4ischen Gesetz der Allgemeinen Datenschutzverordnung, das am 25. Mai 2018 in Kraft getreten ist, wird auf dieser Seite die Datenverarbeitungspolitik der Jura Resort-Website erl\u00e4utert. Hier finden Sie Einzelheiten zu den verwendeten personenbezogenen Daten, deren Verarbeitung und die Art der Speicherung. <\/p><h2>VERWENDUNG VON COOKIES<\/h2><p>Die Website des Jura Resorts verwendet Cookies, um Informationen \u00fcber die Besuche der Benutzer zu speichern. Die Cookies haben standardm\u00e4\u00dfig eine Lebensdauer von 6 Monaten und k\u00f6nnen jederzeit in Ihrem Browser gel\u00f6scht werden. Sie k\u00f6nnen die Website auch besuchen, indem Sie die Cookie-Funktion Ihres Browsers deaktivieren oder die Website im privaten Modus* besuchen. Einige Funktionen sind m\u00f6glicherweise nicht mehr aktiv, wenn Sie diese Website besuchen, ohne Cookies zuzulassen.   <\/p><p>Jedes Cookie auf der Jura Resort-Website enth\u00e4lt eine eindeutige Benutzer-ID, die dazu dient, die Navigation auf der Website \u00fcber das Google Analytics-Tool zu verfolgen. Die Navigationsdaten erm\u00f6glichen es dem Team, das Verhalten auf der Website besser zu verstehen und die Website zu optimieren, um das Surfen f\u00fcr die Nutzer angenehmer zu machen. Es werden keine pers\u00f6nlichen Daten an Google weitergegeben.  <\/p><p><a href=\"https:\/\/support.google.com\/chrome\/answer\/95464?co=GENIE.Platform%3DDesktop&amp;hl=fr\"><em>* GoogleChrome Private Navigation<\/em><\/a><br><a href=\"https:\/\/support.mozilla.org\/fr\/kb\/navigation-privee-naviguer-avec-firefox-sans-enregistrer-historique\"><em>* FireFox Private Navigation<\/em><\/a><\/p><p> <\/p><h2>Meta (Facebook &amp; Instagram)<\/h2><p>Facebook Ireland Limited, 4 Grand Canal Square, Dublin 2, Ireland, eine Tochtergesellschaft von Facebook Inc, 1601 S. California Ave, Palo Alto, CA 94304, USA.<\/p><p>Weitere Informationen \u00fcber interessenbezogene Werbung auf Facebook und \u00fcber den Datenschutz von Facebook finden Sie hier: https:\/\/de-de.facebook.com\/legal\/terms\/ und <a href=\"https:\/\/www.facebook.com\/about\/privacy\/update\">https:\/\/www.facebook.com\/about\/privacy\/update<\/a> und <a href=\"https:\/\/www.facebook.com\/policies\/cookies\/\">https:\/\/www.facebook.com\/policies\/cookies\/<\/a>.<\/p><h2>Custom Audience Meta durch Pixel<\/h2><p>Auf unserer Website verwenden wir Meta Custom Audiences von Meta Platforms Ireland Limited, 4 Grand Canal Square, Dublin 2, Irland (nachstehend &#8222;Meta&#8220; genannt). Dieser Marketingdienst erm\u00f6glicht es uns, gezielte und interessenbasierte Werbung f\u00fcr bestimmte pseudonymisierte Besuchergruppen unserer Website anzuzeigen, die ebenfalls Meta nutzen. <\/p><p>Auf unserer Website ist ein Meta-Pixel-Tag integriert. Dabei handelt es sich um einen JavaScript-Code, der pers\u00f6nliche Daten \u00fcber die Nutzung der Website aufzeichnet, wie z.B. Ihre IP-Adresse, den verwendeten Browser sowie die Start- und Zielseiten. Diese Informationen werden an die Server von Meta in den USA \u00fcbertragen. Es wird automatisch \u00fcberpr\u00fcft, ob Sie ein Meta-Cookie gespeichert haben. Mit Hilfe dieses Cookies kann festgestellt werden, ob Sie zu unserer relevanten Zielgruppe geh\u00f6ren. Wenn dies der Fall ist, wird Meta Ihnen entsprechende Anzeigen von uns anzeigen. Weder Jura Resort noch Meta identifizieren Sie durch diesen Datenabgleich pers\u00f6nlich. Sie k\u00f6nnen Ihre Einwilligung jederzeit mit Wirkung f\u00fcr die Zukunft widerrufen. Ebenso k\u00f6nnen Sie Ihre Zustimmung gegen\u00fcber Meta jederzeit widerrufen.        <\/p><p>Nachdem Sie sich in Ihr Meta-Konto eingeloggt haben, gelangen Sie zu den Einstellungen f\u00fcr Meta-Werbeanzeigen. Weitere Informationen zum Datenschutz bei Meta finden Sie in der Datenschutzrichtlinie von Meta. <\/p><p><a href=\"https:\/\/support.google.com\/chrome\/answer\/95464?co=GENIE.Platform%3DDesktop&amp;hl=fr\">* Inkognito-Modus von GoogleChrome<\/a><br><a href=\"https:\/\/support.mozilla.org\/fr\/kb\/navigation-privee-naviguer-avec-firefox-sans-enregistrer-historique\">* FireFox Privater Modus<\/a><\/p><p> <\/p><h2>NEWSLETTERS<\/h2><p>Das Jura Resort nutzt ein Newsletter-System, um mit einem Adressbuch von Personen in Kontakt zu bleiben, die sich bereit erkl\u00e4rt haben, regelm\u00e4\u00dfige Informationen vom Unternehmen zu erhalten. Um die Newsletter zu versenden, sammelt und speichert das Jura Resort die folgenden pers\u00f6nlichen Daten: die E-Mail-Adresse des Kontakts, den Namen des Kontakts und den Vornamen des Kontakts. Die beiden letztgenannten Daten werden verwendet, um die Kommunikation mit den Abonnenten so gut wie m\u00f6glich zu personalisieren und so eine engere Beziehung zu pflegen. Die pers\u00f6nlichen Daten werden \u00fcber die E-Mailing-Plattform von Infomaniak, einem Unternehmen mit Sitz in der Schweiz, gespeichert.   <\/p><h2>KONTAKTFORMULAR UND DATENHOSTING<\/h2><p>Um den Nutzern die M\u00f6glichkeit zu geben, sich direkt mit dem Team von Jura Resort in Verbindung zu setzen, verf\u00fcgt die Website von Jura Resort \u00fcber ein Kontaktformular. In diesem Formular werden die folgenden pers\u00f6nlichen Daten abgefragt: E-Mail-Adresse, Vor- und Nachname des Nutzers. Diese Daten erm\u00f6glichen es dem Team, die Anfragen zu bearbeiten und den Personen zu antworten. Die Daten werden auf dem Speicherserver der Website und in der pers\u00f6nlichen E-Mail-Box des Mitarbeiters des Jura Resort gespeichert, der die Anfrage beantworten kann.   <\/p><p>Der Anbieter von Serverraum f\u00fcr das Jura Resort ist das Unternehmen <a href=\"https:\/\/news.infomaniak.com\/rgpd-politique-confidentialite\/\">Infomaniak SA<\/a>, das die Sicherheit der gespeicherten Daten garantiert. Die auf diese Weise gespeicherten Daten werden dann automatisch alle 30 Tage gel\u00f6scht.<\/p><h2>RECHTE DES KUNDEN<\/h2><p>Jeder Kunde hat jederzeit das Recht, auf seine Daten zuzugreifen, sie zu korrigieren, zu l\u00f6schen und zu \u00fcbertragen. Als Eigent\u00fcmer seiner Daten hat der Kunde das Recht, die Verarbeitung dieser Daten einzuschr\u00e4nken.<\/p><p>F\u00fcr Anfragen bez\u00fcglich Ihrer Rechte auf Zugang, \u00c4nderung oder L\u00f6schung von Daten k\u00f6nnen Sie uns unter der folgenden Adresse kontaktieren: <a href=\"mailto:info@clfm.ch\">info@clfm.ch<\/a>.<\/p>\t\t\t\t\t\t\t\t<\/div>\n\t\t\t\t<\/div>\n\t\t\t\t\t<\/div>\n\t\t\t\t<\/div>\n\t\t<div class=\"elementor-element elementor-element-130f7a34 elementor-hidden-mobile pagenavcol e-flex e-con-boxed e-con e-child\" data-id=\"130f7a34\" data-element_type=\"container\" data-settings=\"{&quot;background_background&quot;:&quot;classic&quot;}\">\n\t\t\t\t\t<div class=\"e-con-inner\">\n\t\t\t\t<div class=\"elementor-element elementor-element-3cd8bdac elementor-widget elementor-widget-html\" data-id=\"3cd8bdac\" data-element_type=\"widget\" data-widget_type=\"html.default\">\n\t\t\t\t<div class=\"elementor-widget-container\">\n\t\t\t\t\t<div class=\"pagegreenmenu-box\">\n    <a href=\"https:\/\/dev.jura-resort.ch\/de\/kredite\/\" class=\"pagegreenmenu-item\">CREDITS<\/a>\n    <a href=\"#\" class=\"pagegreenmenu-item currentpage\">DATENSCHUTZRICHTLINIE<\/a>\n    <a href=\"\/wp-content\/uploads\/2023\/11\/CGV.pdf\" class=\"pagegreenmenu-item\" target=\"_blank\">Allgemeine Verkaufsbedingungen<\/a>\n<\/div>\t\t\t\t<\/div>\n\t\t\t\t<\/div>\n\t\t\t\t\t<\/div>\n\t\t\t\t<\/div>\n\t\t\t\t<\/div>\n\t\t<div class=\"elementor-element elementor-element-b084fc5 pagefooterfloat elementor-hidden-desktop elementor-hidden-tablet e-flex e-con-boxed e-con e-parent\" data-id=\"b084fc5\" data-element_type=\"container\" data-settings=\"{&quot;background_background&quot;:&quot;classic&quot;}\">\n\t\t\t\t\t<div class=\"e-con-inner\">\n\t\t<div class=\"elementor-element elementor-element-55773b3 e-con-full e-flex e-con e-child\" data-id=\"55773b3\" data-element_type=\"container\">\n\t\t\t\t<div class=\"elementor-element elementor-element-6d472e1 elementor-view-default elementor-widget elementor-widget-icon\" data-id=\"6d472e1\" data-element_type=\"widget\" data-widget_type=\"icon.default\">\n\t\t\t\t<div class=\"elementor-widget-container\">\n\t\t\t\t\t\t\t<div class=\"elementor-icon-wrapper\">\n\t\t\t<a class=\"elementor-icon\" href=\"https:\/\/dev.jura-resort.ch\/de\/buchung\/\">\n\t\t\t<svg xmlns=\"http:\/\/www.w3.org\/2000\/svg\" width=\"23.78\" height=\"26.423\" viewBox=\"0 0 23.78 26.423\"><path id=\"calendar\" d=\"M131.89-864.146a1.278,1.278,0,0,1-.941-.38,1.278,1.278,0,0,1-.38-.941,1.278,1.278,0,0,1,.38-.941,1.278,1.278,0,0,1,.941-.38,1.278,1.278,0,0,1,.941.38,1.278,1.278,0,0,1,.38.941,1.278,1.278,0,0,1-.38.941A1.278,1.278,0,0,1,131.89-864.146Zm-5.285,0a1.278,1.278,0,0,1-.941-.38,1.278,1.278,0,0,1-.38-.941,1.278,1.278,0,0,1,.38-.941,1.278,1.278,0,0,1,.941-.38,1.278,1.278,0,0,1,.941.38,1.278,1.278,0,0,1,.38.941,1.278,1.278,0,0,1-.38.941A1.278,1.278,0,0,1,126.606-864.146Zm10.569,0a1.278,1.278,0,0,1-.941-.38,1.278,1.278,0,0,1-.38-.941,1.278,1.278,0,0,1,.38-.941,1.278,1.278,0,0,1,.941-.38,1.278,1.278,0,0,1,.941.38,1.278,1.278,0,0,1,.38.941,1.278,1.278,0,0,1-.38.941A1.278,1.278,0,0,1,137.175-864.146Zm-5.285,5.284a1.278,1.278,0,0,1-.941-.38,1.278,1.278,0,0,1-.38-.941,1.278,1.278,0,0,1,.38-.941,1.278,1.278,0,0,1,.941-.38,1.278,1.278,0,0,1,.941.38,1.278,1.278,0,0,1,.38.941,1.278,1.278,0,0,1-.38.941A1.278,1.278,0,0,1,131.89-858.862Zm-5.285,0a1.278,1.278,0,0,1-.941-.38,1.278,1.278,0,0,1-.38-.941,1.278,1.278,0,0,1,.38-.941,1.278,1.278,0,0,1,.941-.38,1.278,1.278,0,0,1,.941.38,1.278,1.278,0,0,1,.38.941,1.278,1.278,0,0,1-.38.941A1.278,1.278,0,0,1,126.606-858.862Zm10.569,0a1.278,1.278,0,0,1-.941-.38,1.278,1.278,0,0,1-.38-.941,1.278,1.278,0,0,1,.38-.941,1.278,1.278,0,0,1,.941-.38,1.278,1.278,0,0,1,.941.38,1.278,1.278,0,0,1,.38.941,1.278,1.278,0,0,1-.38.941A1.278,1.278,0,0,1,137.175-858.862Zm-15.193,5.285a1.9,1.9,0,0,1-1.387-.594,1.9,1.9,0,0,1-.595-1.387v-20.478a1.9,1.9,0,0,1,.595-1.387,1.9,1.9,0,0,1,1.387-.595h2.147V-880h2.147v1.982h11.23V-880h2.147v1.982H141.8a1.9,1.9,0,0,1,1.387.595,1.9,1.9,0,0,1,.595,1.387v20.478a1.9,1.9,0,0,1-.595,1.387,1.9,1.9,0,0,1-1.387.594Zm0-1.982H141.8v-14.2H121.982Z\" transform=\"translate(-120 880)\" fill=\"#fff\"><\/path><\/svg>\t\t\t<\/a>\n\t\t<\/div>\n\t\t\t\t\t\t<\/div>\n\t\t\t\t<\/div>\n\t\t\t\t<div class=\"elementor-element elementor-element-8019337 mobilefooterlinks elementor-widget elementor-widget-heading\" data-id=\"8019337\" data-element_type=\"widget\" data-widget_type=\"heading.default\">\n\t\t\t\t<div class=\"elementor-widget-container\">\n\t\t\t\t\t<span class=\"elementor-heading-title elementor-size-default\"><a href=\"https:\/\/dev.jura-resort.ch\/de\/buchung\/\">BUCHEN<\/a><\/span>\t\t\t\t<\/div>\n\t\t\t\t<\/div>\n\t\t\t\t<div class=\"elementor-element elementor-element-75fd793 elementor-view-default elementor-widget elementor-widget-icon\" data-id=\"75fd793\" data-element_type=\"widget\" data-widget_type=\"icon.default\">\n\t\t\t\t<div class=\"elementor-widget-container\">\n\t\t\t\t\t\t\t<div class=\"elementor-icon-wrapper\">\n\t\t\t<a class=\"elementor-icon\" href=\"\/chambres\/nos-offres\/\">\n\t\t\t<svg xmlns=\"http:\/\/www.w3.org\/2000\/svg\" width=\"25\" height=\"20\" viewBox=\"0 0 25 20\"><path id=\"local_activity_FILL1_wght400_GRAD0_opsz48\" d=\"M89.25-784.937l3.25-2.531,3.25,2.531-1.25-4,3.063-2.562h-3.75L92.5-795.312,91.188-791.5h-3.75l3.063,2.563ZM81.875-780a1.808,1.808,0,0,1-1.328-.547A1.808,1.808,0,0,1,80-781.875V-786a.9.9,0,0,1,.172-.547.9.9,0,0,1,.453-.328,2.853,2.853,0,0,0,1.516-1.234A3.554,3.554,0,0,0,82.688-790a3.582,3.582,0,0,0-.547-1.875,2.835,2.835,0,0,0-1.516-1.25.9.9,0,0,1-.453-.328A.9.9,0,0,1,80-794v-4.125a1.808,1.808,0,0,1,.547-1.328A1.808,1.808,0,0,1,81.875-800h21.25a1.808,1.808,0,0,1,1.328.547,1.808,1.808,0,0,1,.547,1.328V-794a.9.9,0,0,1-.172.547.9.9,0,0,1-.453.328,2.835,2.835,0,0,0-1.516,1.25,3.582,3.582,0,0,0-.547,1.875,3.554,3.554,0,0,0,.547,1.891,2.853,2.853,0,0,0,1.516,1.234.9.9,0,0,1,.453.328A.9.9,0,0,1,105-786v4.125a1.808,1.808,0,0,1-.547,1.328,1.808,1.808,0,0,1-1.328.547Z\" transform=\"translate(-80 800)\" fill=\"#fff\"><\/path><\/svg>\t\t\t<\/a>\n\t\t<\/div>\n\t\t\t\t\t\t<\/div>\n\t\t\t\t<\/div>\n\t\t\t\t<div class=\"elementor-element elementor-element-b97e5c9 mobilefooterlinks elementor-widget elementor-widget-heading\" data-id=\"b97e5c9\" data-element_type=\"widget\" data-widget_type=\"heading.default\">\n\t\t\t\t<div class=\"elementor-widget-container\">\n\t\t\t\t\t<span class=\"elementor-heading-title elementor-size-default\"><a href=\"\/chambres\/nos-offres\/\">Unsere Angebote<\/a><\/span>\t\t\t\t<\/div>\n\t\t\t\t<\/div>\n\t\t\t\t<\/div>\n\t\t<a class=\"elementor-element elementor-element-4fa46b2 e-con-full e-flex e-con e-child\" data-id=\"4fa46b2\" data-element_type=\"container\" href=\"https:\/\/dev.jura-resort.ch\/de\/restaurant\/unser-restaurant\/\">\n\t\t\t\t<div class=\"elementor-element elementor-element-710aceb elementor-view-default elementor-widget elementor-widget-icon\" data-id=\"710aceb\" data-element_type=\"widget\" data-widget_type=\"icon.default\">\n\t\t\t\t<div class=\"elementor-widget-container\">\n\t\t\t\t\t\t\t<div class=\"elementor-icon-wrapper\">\n\t\t\t<a class=\"elementor-icon\" href=\"#top\">\n\t\t\t<i aria-hidden=\"true\" class=\"fas fa-arrow-circle-up\"><\/i>\t\t\t<\/a>\n\t\t<\/div>\n\t\t\t\t\t\t<\/div>\n\t\t\t\t<\/div>\n\t\t\t\t<\/a>\n\t\t\t\t\t<\/div>\n\t\t\t\t<\/div>\n\t\t\t\t<\/div>\n\t\t","protected":false},"excerpt":{"rendered":"<p>DATENSCHUTZPOLITIK In \u00dcbereinstimmung mit dem europ\u00e4ischen Gesetz der Allgemeinen Datenschutzverordnung, das am 25. Mai 2018 in Kraft getreten ist, wird auf dieser Seite die Datenverarbeitungspolitik der Jura Resort-Website erl\u00e4utert. Hier finden Sie Einzelheiten zu den verwendeten personenbezogenen Daten, deren Verarbeitung und die Art der Speicherung. VERWENDUNG VON COOKIES Die Website des Jura Resorts verwendet Cookies, [&hellip;]<\/p>\n","protected":false},"author":5,"featured_media":0,"parent":0,"menu_order":0,"comment_status":"closed","ping_status":"closed","template":"","meta":{"_acf_changed":false,"footnotes":""},"class_list":["post-1624","page","type-page","status-publish","hentry"],"acf":[],"yoast_head":"<!-- This site is optimized with the Yoast SEO plugin v26.9 - https:\/\/yoast.com\/product\/yoast-seo-wordpress\/ -->\n<title>DATENSCHUTZPOLITIK | Jura Resort<\/title>\n<meta name=\"robots\" content=\"index, follow, max-snippet:-1, max-image-preview:large, max-video-preview:-1\" \/>\n<link rel=\"canonical\" href=\"https:\/\/dev.jura-resort.ch\/de\/datenschutzerklaerung\/\" \/>\n<meta property=\"og:locale\" content=\"de_DE\" \/>\n<meta property=\"og:type\" content=\"article\" \/>\n<meta property=\"og:title\" content=\"DATENSCHUTZPOLITIK | Jura Resort\" \/>\n<meta property=\"og:description\" content=\"DATENSCHUTZPOLITIK In \u00dcbereinstimmung mit dem europ\u00e4ischen Gesetz der Allgemeinen Datenschutzverordnung, das am 25. Mai 2018 in Kraft getreten ist, wird auf dieser Seite die Datenverarbeitungspolitik der Jura Resort-Website erl\u00e4utert. Hier finden Sie Einzelheiten zu den verwendeten personenbezogenen Daten, deren Verarbeitung und die Art der Speicherung. VERWENDUNG VON COOKIES Die Website des Jura Resorts verwendet Cookies, [&hellip;]\" \/>\n<meta property=\"og:url\" content=\"https:\/\/dev.jura-resort.ch\/de\/datenschutzerklaerung\/\" \/>\n<meta property=\"og:site_name\" content=\"Jura Resort\" \/>\n<meta property=\"article:publisher\" content=\"https:\/\/www.facebook.com\/clfm.centredeloisirsdesfranchesmontagnes\" \/>\n<meta property=\"article:modified_time\" content=\"2026-01-08T09:21:07+00:00\" \/>\n<meta name=\"twitter:card\" content=\"summary_large_image\" \/>\n<script type=\"application\/ld+json\" class=\"yoast-schema-graph\">{\"@context\":\"https:\/\/schema.org\",\"@graph\":[{\"@type\":\"WebPage\",\"@id\":\"https:\/\/dev.jura-resort.ch\/de\/datenschutzerklaerung\/\",\"url\":\"https:\/\/dev.jura-resort.ch\/de\/datenschutzerklaerung\/\",\"name\":\"DATENSCHUTZPOLITIK | Jura Resort\",\"isPartOf\":{\"@id\":\"https:\/\/dev.jura-resort.ch\/de\/#website\"},\"datePublished\":\"2023-11-07T14:27:03+00:00\",\"dateModified\":\"2026-01-08T09:21:07+00:00\",\"breadcrumb\":{\"@id\":\"https:\/\/dev.jura-resort.ch\/de\/datenschutzerklaerung\/#breadcrumb\"},\"inLanguage\":\"de\",\"potentialAction\":[{\"@type\":\"ReadAction\",\"target\":[\"https:\/\/dev.jura-resort.ch\/de\/datenschutzerklaerung\/\"]}]},{\"@type\":\"BreadcrumbList\",\"@id\":\"https:\/\/dev.jura-resort.ch\/de\/datenschutzerklaerung\/#breadcrumb\",\"itemListElement\":[{\"@type\":\"ListItem\",\"position\":1,\"name\":\"Home\",\"item\":\"https:\/\/dev.jura-resort.ch\/de\/homepage\/\"},{\"@type\":\"ListItem\",\"position\":2,\"name\":\"DATENSCHUTZPOLITIK\"}]},{\"@type\":\"WebSite\",\"@id\":\"https:\/\/dev.jura-resort.ch\/de\/#website\",\"url\":\"https:\/\/dev.jura-resort.ch\/de\/\",\"name\":\"Jura Resort\",\"description\":\"Jura Resort\",\"publisher\":{\"@id\":\"https:\/\/dev.jura-resort.ch\/de\/#organization\"},\"potentialAction\":[{\"@type\":\"SearchAction\",\"target\":{\"@type\":\"EntryPoint\",\"urlTemplate\":\"https:\/\/dev.jura-resort.ch\/de\/?s={search_term_string}\"},\"query-input\":{\"@type\":\"PropertyValueSpecification\",\"valueRequired\":true,\"valueName\":\"search_term_string\"}}],\"inLanguage\":\"de\"},{\"@type\":\"Organization\",\"@id\":\"https:\/\/dev.jura-resort.ch\/de\/#organization\",\"name\":\"Jura Resort\",\"alternateName\":\"Jura Resort - Centre de loisirs des Franches-Montagnes\",\"url\":\"https:\/\/dev.jura-resort.ch\/de\/\",\"logo\":{\"@type\":\"ImageObject\",\"inLanguage\":\"de\",\"@id\":\"https:\/\/dev.jura-resort.ch\/de\/#\/schema\/logo\/image\/\",\"url\":\"https:\/\/dev.jura-resort.ch\/wp-content\/uploads\/2023\/12\/logo.png\",\"contentUrl\":\"https:\/\/dev.jura-resort.ch\/wp-content\/uploads\/2023\/12\/logo.png\",\"width\":120,\"height\":135,\"caption\":\"Jura Resort\"},\"image\":{\"@id\":\"https:\/\/dev.jura-resort.ch\/de\/#\/schema\/logo\/image\/\"},\"sameAs\":[\"https:\/\/www.facebook.com\/clfm.centredeloisirsdesfranchesmontagnes\",\"https:\/\/www.instagram.com\/jura_resort\/\",\"https:\/\/www.linkedin.com\/company\/jura-sport-spa-resort\/\",\"https:\/\/fr.tripadvisor.ch\/Hotel_Review-g1068933-d2618195-Reviews-Hotel_Cristal-Saignelegier_Canton_of_Jura.html\"]}]}<\/script>\n<!-- \/ Yoast SEO plugin. -->","yoast_head_json":{"title":"DATENSCHUTZPOLITIK | Jura Resort","robots":{"index":"index","follow":"follow","max-snippet":"max-snippet:-1","max-image-preview":"max-image-preview:large","max-video-preview":"max-video-preview:-1"},"canonical":"https:\/\/dev.jura-resort.ch\/de\/datenschutzerklaerung\/","og_locale":"de_DE","og_type":"article","og_title":"DATENSCHUTZPOLITIK | Jura Resort","og_description":"DATENSCHUTZPOLITIK In \u00dcbereinstimmung mit dem europ\u00e4ischen Gesetz der Allgemeinen Datenschutzverordnung, das am 25. Mai 2018 in Kraft getreten ist, wird auf dieser Seite die Datenverarbeitungspolitik der Jura Resort-Website erl\u00e4utert. Hier finden Sie Einzelheiten zu den verwendeten personenbezogenen Daten, deren Verarbeitung und die Art der Speicherung. VERWENDUNG VON COOKIES Die Website des Jura Resorts verwendet Cookies, [&hellip;]","og_url":"https:\/\/dev.jura-resort.ch\/de\/datenschutzerklaerung\/","og_site_name":"Jura Resort","article_publisher":"https:\/\/www.facebook.com\/clfm.centredeloisirsdesfranchesmontagnes","article_modified_time":"2026-01-08T09:21:07+00:00","twitter_card":"summary_large_image","schema":{"@context":"https:\/\/schema.org","@graph":[{"@type":"WebPage","@id":"https:\/\/dev.jura-resort.ch\/de\/datenschutzerklaerung\/","url":"https:\/\/dev.jura-resort.ch\/de\/datenschutzerklaerung\/","name":"DATENSCHUTZPOLITIK | Jura Resort","isPartOf":{"@id":"https:\/\/dev.jura-resort.ch\/de\/#website"},"datePublished":"2023-11-07T14:27:03+00:00","dateModified":"2026-01-08T09:21:07+00:00","breadcrumb":{"@id":"https:\/\/dev.jura-resort.ch\/de\/datenschutzerklaerung\/#breadcrumb"},"inLanguage":"de","potentialAction":[{"@type":"ReadAction","target":["https:\/\/dev.jura-resort.ch\/de\/datenschutzerklaerung\/"]}]},{"@type":"BreadcrumbList","@id":"https:\/\/dev.jura-resort.ch\/de\/datenschutzerklaerung\/#breadcrumb","itemListElement":[{"@type":"ListItem","position":1,"name":"Home","item":"https:\/\/dev.jura-resort.ch\/de\/homepage\/"},{"@type":"ListItem","position":2,"name":"DATENSCHUTZPOLITIK"}]},{"@type":"WebSite","@id":"https:\/\/dev.jura-resort.ch\/de\/#website","url":"https:\/\/dev.jura-resort.ch\/de\/","name":"Jura Resort","description":"Jura Resort","publisher":{"@id":"https:\/\/dev.jura-resort.ch\/de\/#organization"},"potentialAction":[{"@type":"SearchAction","target":{"@type":"EntryPoint","urlTemplate":"https:\/\/dev.jura-resort.ch\/de\/?s={search_term_string}"},"query-input":{"@type":"PropertyValueSpecification","valueRequired":true,"valueName":"search_term_string"}}],"inLanguage":"de"},{"@type":"Organization","@id":"https:\/\/dev.jura-resort.ch\/de\/#organization","name":"Jura Resort","alternateName":"Jura Resort - Centre de loisirs des Franches-Montagnes","url":"https:\/\/dev.jura-resort.ch\/de\/","logo":{"@type":"ImageObject","inLanguage":"de","@id":"https:\/\/dev.jura-resort.ch\/de\/#\/schema\/logo\/image\/","url":"https:\/\/dev.jura-resort.ch\/wp-content\/uploads\/2023\/12\/logo.png","contentUrl":"https:\/\/dev.jura-resort.ch\/wp-content\/uploads\/2023\/12\/logo.png","width":120,"height":135,"caption":"Jura Resort"},"image":{"@id":"https:\/\/dev.jura-resort.ch\/de\/#\/schema\/logo\/image\/"},"sameAs":["https:\/\/www.facebook.com\/clfm.centredeloisirsdesfranchesmontagnes","https:\/\/www.instagram.com\/jura_resort\/","https:\/\/www.linkedin.com\/company\/jura-sport-spa-resort\/","https:\/\/fr.tripadvisor.ch\/Hotel_Review-g1068933-d2618195-Reviews-Hotel_Cristal-Saignelegier_Canton_of_Jura.html"]}]}},"_links":{"self":[{"href":"https:\/\/dev.jura-resort.ch\/de\/wp-json\/wp\/v2\/pages\/1624","targetHints":{"allow":["GET"]}}],"collection":[{"href":"https:\/\/dev.jura-resort.ch\/de\/wp-json\/wp\/v2\/pages"}],"about":[{"href":"https:\/\/dev.jura-resort.ch\/de\/wp-json\/wp\/v2\/types\/page"}],"author":[{"embeddable":true,"href":"https:\/\/dev.jura-resort.ch\/de\/wp-json\/wp\/v2\/users\/5"}],"replies":[{"embeddable":true,"href":"https:\/\/dev.jura-resort.ch\/de\/wp-json\/wp\/v2\/comments?post=1624"}],"version-history":[{"count":0,"href":"https:\/\/dev.jura-resort.ch\/de\/wp-json\/wp\/v2\/pages\/1624\/revisions"}],"wp:attachment":[{"href":"https:\/\/dev.jura-resort.ch\/de\/wp-json\/wp\/v2\/media?parent=1624"}],"curies":[{"name":"wp","href":"https:\/\/api.w.org\/{rel}","templated":true}]}}