{"id":1487,"date":"2023-10-23T13:24:25","date_gmt":"2023-10-23T13:24:25","guid":{"rendered":"https:\/\/jura.bandula.org\/homepage\/"},"modified":"2025-12-24T14:10:59","modified_gmt":"2025-12-24T14:10:59","slug":"homepage","status":"publish","type":"page","link":"https:\/\/dev.jura-resort.ch\/de\/","title":{"rendered":"Homepage"},"content":{"rendered":"\t\t<div data-elementor-type=\"wp-page\" data-elementor-id=\"1487\" class=\"elementor elementor-1487 elementor-64\" data-elementor-post-type=\"page\">\n\t\t\t\t<div class=\"elementor-element elementor-element-e0bb524 e-grid hpbox e-con-boxed e-con e-parent\" data-id=\"e0bb524\" data-element_type=\"container\" data-settings=\"{&quot;background_background&quot;:&quot;classic&quot;}\">\n\t\t\t\t\t<div class=\"e-con-inner\">\n\t\t<a class=\"elementor-element elementor-element-24c8e7f hplogocol e-flex e-con-boxed e-con e-child\" data-id=\"24c8e7f\" data-element_type=\"container\" data-settings=\"{&quot;background_background&quot;:&quot;classic&quot;}\" href=\"\/\">\n\t\t\t\t\t<div class=\"e-con-inner\">\n\t\t\t\t\t<\/div>\n\t\t\t\t<\/a>\n\t\t<a class=\"elementor-element elementor-element-c670c40 hoverbox spa e-con-full e-flex e-con e-child\" data-id=\"c670c40\" data-element_type=\"container\" data-settings=\"{&quot;background_background&quot;:&quot;classic&quot;}\" href=\"https:\/\/dev.jura-resort.ch\/de\/spa-wellness\/spa-wellness\/\">\n\t\t\t\t<div class=\"elementor-element elementor-element-f69b222 elementor-widget elementor-widget-heading\" data-id=\"f69b222\" data-element_type=\"widget\" data-widget_type=\"heading.default\">\n\t\t\t\t<div class=\"elementor-widget-container\">\n\t\t\t\t\t<h2 class=\"elementor-heading-title elementor-size-default\">SPA &amp; Wellness<\/h2>\t\t\t\t<\/div>\n\t\t\t\t<\/div>\n\t\t\t\t<\/a>\n\t\t<a class=\"elementor-element elementor-element-3ebee01 hoverbox spa-entrees e-con-full e-flex e-con e-child\" data-id=\"3ebee01\" data-element_type=\"container\" data-settings=\"{&quot;background_background&quot;:&quot;classic&quot;}\" href=\"https:\/\/dev.jura-resort.ch\/reservation-entrees-wellness\">\n\t\t\t\t<div class=\"elementor-element elementor-element-8a675e8 elementor-widget elementor-widget-heading\" data-id=\"8a675e8\" data-element_type=\"widget\" data-widget_type=\"heading.default\">\n\t\t\t\t<div class=\"elementor-widget-container\">\n\t\t\t\t\t<h2 class=\"elementor-heading-title elementor-size-default\">Wellness-Zugang<\/h2>\t\t\t\t<\/div>\n\t\t\t\t<\/div>\n\t\t\t\t<\/a>\n\t\t<a class=\"elementor-element elementor-element-95eedc4 hoverbox bons-cadeaux e-flex e-con-boxed e-con e-child\" data-id=\"95eedc4\" data-element_type=\"container\" data-settings=\"{&quot;background_background&quot;:&quot;classic&quot;}\" href=\"https:\/\/dev.jura-resort.ch\/de\/geschenkgutscheine\/\">\n\t\t\t\t\t<div class=\"e-con-inner\">\n\t\t\t\t<div class=\"elementor-element elementor-element-be4f5f4 elementor-widget elementor-widget-heading\" data-id=\"be4f5f4\" data-element_type=\"widget\" data-widget_type=\"heading.default\">\n\t\t\t\t<div class=\"elementor-widget-container\">\n\t\t\t\t\t<h2 class=\"elementor-heading-title elementor-size-default\">Geschenkgutscheine<\/h2>\t\t\t\t<\/div>\n\t\t\t\t<\/div>\n\t\t\t\t\t<\/div>\n\t\t\t\t<\/a>\n\t\t<a class=\"elementor-element elementor-element-0fd3e84 hoverbox massages e-con-full e-flex e-con e-child\" data-id=\"0fd3e84\" data-element_type=\"container\" data-settings=\"{&quot;background_background&quot;:&quot;classic&quot;}\" href=\"https:\/\/dev.jura-resort.ch\/de\/spa-wellness\/massagen-pflegebehandlungen\/\">\n\t\t\t\t<div class=\"elementor-element elementor-element-626dcfa elementor-widget elementor-widget-heading\" data-id=\"626dcfa\" data-element_type=\"widget\" data-widget_type=\"heading.default\">\n\t\t\t\t<div class=\"elementor-widget-container\">\n\t\t\t\t\t<h2 class=\"elementor-heading-title elementor-size-default\">Massage &amp; Pflege<\/h2>\t\t\t\t<\/div>\n\t\t\t\t<\/div>\n\t\t\t\t<\/a>\n\t\t<a class=\"elementor-element elementor-element-7a8a3c2 hoverbox hospitality e-flex e-con-boxed e-con e-child\" data-id=\"7a8a3c2\" data-element_type=\"container\" data-settings=\"{&quot;background_background&quot;:&quot;classic&quot;}\" href=\"https:\/\/dev.jura-resort.ch\/de\/hospitality\/3-hotel\/\">\n\t\t\t\t\t<div class=\"e-con-inner\">\n\t\t\t\t<div class=\"elementor-element elementor-element-017c8c3 elementor-widget elementor-widget-heading\" data-id=\"017c8c3\" data-element_type=\"widget\" data-widget_type=\"heading.default\">\n\t\t\t\t<div class=\"elementor-widget-container\">\n\t\t\t\t\t<h2 class=\"elementor-heading-title elementor-size-default\">3* Hotel &amp; Jugendherberge<\/h2>\t\t\t\t<\/div>\n\t\t\t\t<\/div>\n\t\t\t\t\t<\/div>\n\t\t\t\t<\/a>\n\t\t<a class=\"elementor-element elementor-element-eb85bb2 hoverbox sports e-con-full e-flex e-con e-child\" data-id=\"eb85bb2\" data-element_type=\"container\" data-settings=\"{&quot;background_background&quot;:&quot;classic&quot;}\" href=\"https:\/\/dev.jura-resort.ch\/de\/sports-freizeit\/\">\n\t\t\t\t<div class=\"elementor-element elementor-element-4886e54 elementor-widget elementor-widget-heading\" data-id=\"4886e54\" data-element_type=\"widget\" data-widget_type=\"heading.default\">\n\t\t\t\t<div class=\"elementor-widget-container\">\n\t\t\t\t\t<h2 class=\"elementor-heading-title elementor-size-default\">Sport &amp; Freizeit<\/h2>\t\t\t\t<\/div>\n\t\t\t\t<\/div>\n\t\t\t\t<\/a>\n\t\t<a class=\"elementor-element elementor-element-10983f6 hoverbox seminaires e-flex e-con-boxed e-con e-child\" data-id=\"10983f6\" data-element_type=\"container\" data-settings=\"{&quot;background_background&quot;:&quot;classic&quot;}\" href=\"https:\/\/dev.jura-resort.ch\/de\/seminare-veranstaltungen\/\">\n\t\t\t\t\t<div class=\"e-con-inner\">\n\t\t\t\t<div class=\"elementor-element elementor-element-68526c6 elementor-widget elementor-widget-heading\" data-id=\"68526c6\" data-element_type=\"widget\" data-widget_type=\"heading.default\">\n\t\t\t\t<div class=\"elementor-widget-container\">\n\t\t\t\t\t<h2 class=\"elementor-heading-title elementor-size-default\">Seminare &amp; Veranstaltungen<\/h2>\t\t\t\t<\/div>\n\t\t\t\t<\/div>\n\t\t\t\t\t<\/div>\n\t\t\t\t<\/a>\n\t\t<a class=\"elementor-element elementor-element-7f49960 hoverbox restaurant e-con-full e-flex e-con e-child\" data-id=\"7f49960\" data-element_type=\"container\" data-settings=\"{&quot;background_background&quot;:&quot;classic&quot;}\" href=\"https:\/\/restaurant-bar-des-sports.ch\/\" target=\"_blank\">\n\t\t\t\t<div class=\"elementor-element elementor-element-a0795f6 elementor-widget elementor-widget-heading\" data-id=\"a0795f6\" data-element_type=\"widget\" data-widget_type=\"heading.default\">\n\t\t\t\t<div class=\"elementor-widget-container\">\n\t\t\t\t\t<h2 class=\"elementor-heading-title elementor-size-default\">Restaurant<\/h2>\t\t\t\t<\/div>\n\t\t\t\t<\/div>\n\t\t\t\t<\/a>\n\t\t\t\t\t<\/div>\n\t\t\t\t<\/div>\n\t\t<div class=\"elementor-element elementor-element-7baeb8c hpmobilefooter elementor-hidden-desktop elementor-hidden-tablet e-flex e-con-boxed e-con e-parent\" data-id=\"7baeb8c\" data-element_type=\"container\" data-settings=\"{&quot;background_background&quot;:&quot;classic&quot;}\">\n\t\t\t\t\t<div class=\"e-con-inner\">\n\t\t\t\t<div class=\"elementor-element elementor-element-a72e1b4 elementor-view-default elementor-widget elementor-widget-icon\" data-id=\"a72e1b4\" data-element_type=\"widget\" data-widget_type=\"icon.default\">\n\t\t\t\t<div class=\"elementor-widget-container\">\n\t\t\t\t\t\t\t<div class=\"elementor-icon-wrapper\">\n\t\t\t<a class=\"elementor-icon\" href=\"https:\/\/dev.jura-resort.ch\/de\/buchung\/\">\n\t\t\t<svg xmlns=\"http:\/\/www.w3.org\/2000\/svg\" width=\"23.78\" height=\"26.423\" viewBox=\"0 0 23.78 26.423\"><path id=\"calendar\" d=\"M131.89-864.146a1.278,1.278,0,0,1-.941-.38,1.278,1.278,0,0,1-.38-.941,1.278,1.278,0,0,1,.38-.941,1.278,1.278,0,0,1,.941-.38,1.278,1.278,0,0,1,.941.38,1.278,1.278,0,0,1,.38.941,1.278,1.278,0,0,1-.38.941A1.278,1.278,0,0,1,131.89-864.146Zm-5.285,0a1.278,1.278,0,0,1-.941-.38,1.278,1.278,0,0,1-.38-.941,1.278,1.278,0,0,1,.38-.941,1.278,1.278,0,0,1,.941-.38,1.278,1.278,0,0,1,.941.38,1.278,1.278,0,0,1,.38.941,1.278,1.278,0,0,1-.38.941A1.278,1.278,0,0,1,126.606-864.146Zm10.569,0a1.278,1.278,0,0,1-.941-.38,1.278,1.278,0,0,1-.38-.941,1.278,1.278,0,0,1,.38-.941,1.278,1.278,0,0,1,.941-.38,1.278,1.278,0,0,1,.941.38,1.278,1.278,0,0,1,.38.941,1.278,1.278,0,0,1-.38.941A1.278,1.278,0,0,1,137.175-864.146Zm-5.285,5.284a1.278,1.278,0,0,1-.941-.38,1.278,1.278,0,0,1-.38-.941,1.278,1.278,0,0,1,.38-.941,1.278,1.278,0,0,1,.941-.38,1.278,1.278,0,0,1,.941.38,1.278,1.278,0,0,1,.38.941,1.278,1.278,0,0,1-.38.941A1.278,1.278,0,0,1,131.89-858.862Zm-5.285,0a1.278,1.278,0,0,1-.941-.38,1.278,1.278,0,0,1-.38-.941,1.278,1.278,0,0,1,.38-.941,1.278,1.278,0,0,1,.941-.38,1.278,1.278,0,0,1,.941.38,1.278,1.278,0,0,1,.38.941,1.278,1.278,0,0,1-.38.941A1.278,1.278,0,0,1,126.606-858.862Zm10.569,0a1.278,1.278,0,0,1-.941-.38,1.278,1.278,0,0,1-.38-.941,1.278,1.278,0,0,1,.38-.941,1.278,1.278,0,0,1,.941-.38,1.278,1.278,0,0,1,.941.38,1.278,1.278,0,0,1,.38.941,1.278,1.278,0,0,1-.38.941A1.278,1.278,0,0,1,137.175-858.862Zm-15.193,5.285a1.9,1.9,0,0,1-1.387-.594,1.9,1.9,0,0,1-.595-1.387v-20.478a1.9,1.9,0,0,1,.595-1.387,1.9,1.9,0,0,1,1.387-.595h2.147V-880h2.147v1.982h11.23V-880h2.147v1.982H141.8a1.9,1.9,0,0,1,1.387.595,1.9,1.9,0,0,1,.595,1.387v20.478a1.9,1.9,0,0,1-.595,1.387,1.9,1.9,0,0,1-1.387.594Zm0-1.982H141.8v-14.2H121.982Z\" transform=\"translate(-120 880)\" fill=\"#fff\"><\/path><\/svg>\t\t\t<\/a>\n\t\t<\/div>\n\t\t\t\t\t\t<\/div>\n\t\t\t\t<\/div>\n\t\t\t\t<div class=\"elementor-element elementor-element-6a65de0 mobilefooterlinks elementor-widget elementor-widget-heading\" data-id=\"6a65de0\" data-element_type=\"widget\" data-widget_type=\"heading.default\">\n\t\t\t\t<div class=\"elementor-widget-container\">\n\t\t\t\t\t<span class=\"elementor-heading-title elementor-size-default\"><a href=\"https:\/\/dev.jura-resort.ch\/de\/buchung\/\">BUCHEN<\/a><\/span>\t\t\t\t<\/div>\n\t\t\t\t<\/div>\n\t\t\t\t<div class=\"elementor-element elementor-element-4d0c341 elementor-view-default elementor-widget elementor-widget-icon\" data-id=\"4d0c341\" data-element_type=\"widget\" data-widget_type=\"icon.default\">\n\t\t\t\t<div class=\"elementor-widget-container\">\n\t\t\t\t\t\t\t<div class=\"elementor-icon-wrapper\">\n\t\t\t<a class=\"elementor-icon\" href=\"\/chambres\/nos-offres\/\">\n\t\t\t<svg xmlns=\"http:\/\/www.w3.org\/2000\/svg\" width=\"25\" height=\"20\" viewBox=\"0 0 25 20\"><path id=\"local_activity_FILL1_wght400_GRAD0_opsz48\" d=\"M89.25-784.937l3.25-2.531,3.25,2.531-1.25-4,3.063-2.562h-3.75L92.5-795.312,91.188-791.5h-3.75l3.063,2.563ZM81.875-780a1.808,1.808,0,0,1-1.328-.547A1.808,1.808,0,0,1,80-781.875V-786a.9.9,0,0,1,.172-.547.9.9,0,0,1,.453-.328,2.853,2.853,0,0,0,1.516-1.234A3.554,3.554,0,0,0,82.688-790a3.582,3.582,0,0,0-.547-1.875,2.835,2.835,0,0,0-1.516-1.25.9.9,0,0,1-.453-.328A.9.9,0,0,1,80-794v-4.125a1.808,1.808,0,0,1,.547-1.328A1.808,1.808,0,0,1,81.875-800h21.25a1.808,1.808,0,0,1,1.328.547,1.808,1.808,0,0,1,.547,1.328V-794a.9.9,0,0,1-.172.547.9.9,0,0,1-.453.328,2.835,2.835,0,0,0-1.516,1.25,3.582,3.582,0,0,0-.547,1.875,3.554,3.554,0,0,0,.547,1.891,2.853,2.853,0,0,0,1.516,1.234.9.9,0,0,1,.453.328A.9.9,0,0,1,105-786v4.125a1.808,1.808,0,0,1-.547,1.328,1.808,1.808,0,0,1-1.328.547Z\" transform=\"translate(-80 800)\" fill=\"#fff\"><\/path><\/svg>\t\t\t<\/a>\n\t\t<\/div>\n\t\t\t\t\t\t<\/div>\n\t\t\t\t<\/div>\n\t\t\t\t<div class=\"elementor-element elementor-element-08e3251 mobilefooterlinks elementor-widget elementor-widget-heading\" data-id=\"08e3251\" data-element_type=\"widget\" data-widget_type=\"heading.default\">\n\t\t\t\t<div class=\"elementor-widget-container\">\n\t\t\t\t\t<span class=\"elementor-heading-title elementor-size-default\"><a href=\"\/chambres\/nos-offres\/\">UNSERE ANGEBOTE<\/a><\/span>\t\t\t\t<\/div>\n\t\t\t\t<\/div>\n\t\t\t\t<div class=\"elementor-element elementor-element-79cf863 elementor-view-default elementor-widget elementor-widget-icon\" data-id=\"79cf863\" data-element_type=\"widget\" data-widget_type=\"icon.default\">\n\t\t\t\t<div class=\"elementor-widget-container\">\n\t\t\t\t\t\t\t<div class=\"elementor-icon-wrapper\">\n\t\t\t<a class=\"elementor-icon\" href=\"https:\/\/dev.jura-resort.ch\/de\/preise-und-zeiten\/\">\n\t\t\t<i aria-hidden=\"true\" class=\"fas fa-clock\"><\/i>\t\t\t<\/a>\n\t\t<\/div>\n\t\t\t\t\t\t<\/div>\n\t\t\t\t<\/div>\n\t\t\t\t<div class=\"elementor-element elementor-element-0394b0d mobilefooterlinks elementor-widget elementor-widget-heading\" data-id=\"0394b0d\" data-element_type=\"widget\" data-widget_type=\"heading.default\">\n\t\t\t\t<div class=\"elementor-widget-container\">\n\t\t\t\t\t<span class=\"elementor-heading-title elementor-size-default\"><a href=\"https:\/\/dev.jura-resort.ch\/de\/preise-und-zeiten\/\">\u00d6FFNUNGSZEITEN<\/a><\/span>\t\t\t\t<\/div>\n\t\t\t\t<\/div>\n\t\t\t\t\t<\/div>\n\t\t\t\t<\/div>\n\t\t\t\t<\/div>\n\t\t","protected":false},"excerpt":{"rendered":"<p>SPA &amp; Wellness Wellness-Zugang Geschenkgutscheine Massage &amp; Pflege 3* Hotel &amp; Jugendherberge Sport &amp; Freizeit Seminare &amp; Veranstaltungen Restaurant BUCHEN UNSERE ANGEBOTE \u00d6FFNUNGSZEITEN<\/p>\n","protected":false},"author":5,"featured_media":0,"parent":0,"menu_order":0,"comment_status":"closed","ping_status":"closed","template":"","meta":{"_acf_changed":false,"footnotes":""},"class_list":["post-1487","page","type-page","status-publish","hentry"],"acf":[],"yoast_head":"<!-- This site is optimized with the Yoast SEO plugin v26.9 - https:\/\/yoast.com\/product\/yoast-seo-wordpress\/ -->\n<title>Jura Resort - Wandern, Wellness &amp; Familienurlaub<\/title>\n<meta name=\"description\" content=\"Entdecken Sie das Schweizer Jura: Wanderungen, Wellness und Aktivit\u00e4ten f\u00fcr die ganze Familie. Authentische Aufenthalte f\u00fcr Gro\u00df und Klein im Herzen des Jura.\" \/>\n<meta name=\"robots\" content=\"index, follow, max-snippet:-1, max-image-preview:large, max-video-preview:-1\" \/>\n<link rel=\"canonical\" href=\"https:\/\/dev.jura-resort.ch\/de\/\" \/>\n<meta property=\"og:locale\" content=\"de_DE\" \/>\n<meta property=\"og:type\" content=\"article\" \/>\n<meta property=\"og:title\" content=\"Jura Resort - Wandern, Wellness &amp; Familienurlaub\" \/>\n<meta property=\"og:description\" content=\"Entdecken Sie das Schweizer Jura: Wanderungen, Wellness und Aktivit\u00e4ten f\u00fcr die ganze Familie. Authentische Aufenthalte f\u00fcr Gro\u00df und Klein im Herzen des Jura.\" \/>\n<meta property=\"og:url\" content=\"https:\/\/dev.jura-resort.ch\/de\/\" \/>\n<meta property=\"og:site_name\" content=\"Jura Resort\" \/>\n<meta property=\"article:publisher\" content=\"https:\/\/www.facebook.com\/clfm.centredeloisirsdesfranchesmontagnes\" \/>\n<meta property=\"article:modified_time\" content=\"2025-12-24T14:10:59+00:00\" \/>\n<meta name=\"twitter:card\" content=\"summary_large_image\" \/>\n<script type=\"application\/ld+json\" class=\"yoast-schema-graph\">{\"@context\":\"https:\/\/schema.org\",\"@graph\":[{\"@type\":\"WebPage\",\"@id\":\"https:\/\/dev.jura-resort.ch\/de\/\",\"url\":\"https:\/\/dev.jura-resort.ch\/de\/\",\"name\":\"Jura Resort - Wandern, Wellness & Familienurlaub\",\"isPartOf\":{\"@id\":\"https:\/\/dev.jura-resort.ch\/de\/#website\"},\"datePublished\":\"2023-10-23T13:24:25+00:00\",\"dateModified\":\"2025-12-24T14:10:59+00:00\",\"description\":\"Entdecken Sie das Schweizer Jura: Wanderungen, Wellness und Aktivit\u00e4ten f\u00fcr die ganze Familie. Authentische Aufenthalte f\u00fcr Gro\u00df und Klein im Herzen des Jura.\",\"breadcrumb\":{\"@id\":\"https:\/\/dev.jura-resort.ch\/de\/#breadcrumb\"},\"inLanguage\":\"de\",\"potentialAction\":[{\"@type\":\"ReadAction\",\"target\":[\"https:\/\/dev.jura-resort.ch\/de\/\"]}]},{\"@type\":\"BreadcrumbList\",\"@id\":\"https:\/\/dev.jura-resort.ch\/de\/#breadcrumb\",\"itemListElement\":[{\"@type\":\"ListItem\",\"position\":1,\"name\":\"Home\",\"item\":\"https:\/\/dev.jura-resort.ch\/de\/homepage\/\"},{\"@type\":\"ListItem\",\"position\":2,\"name\":\"Homepage\"}]},{\"@type\":\"WebSite\",\"@id\":\"https:\/\/dev.jura-resort.ch\/de\/#website\",\"url\":\"https:\/\/dev.jura-resort.ch\/de\/\",\"name\":\"Jura Resort\",\"description\":\"Jura Resort\",\"publisher\":{\"@id\":\"https:\/\/dev.jura-resort.ch\/de\/#organization\"},\"potentialAction\":[{\"@type\":\"SearchAction\",\"target\":{\"@type\":\"EntryPoint\",\"urlTemplate\":\"https:\/\/dev.jura-resort.ch\/de\/?s={search_term_string}\"},\"query-input\":{\"@type\":\"PropertyValueSpecification\",\"valueRequired\":true,\"valueName\":\"search_term_string\"}}],\"inLanguage\":\"de\"},{\"@type\":\"Organization\",\"@id\":\"https:\/\/dev.jura-resort.ch\/de\/#organization\",\"name\":\"Jura Resort\",\"alternateName\":\"Jura Resort - Centre de loisirs des Franches-Montagnes\",\"url\":\"https:\/\/dev.jura-resort.ch\/de\/\",\"logo\":{\"@type\":\"ImageObject\",\"inLanguage\":\"de\",\"@id\":\"https:\/\/dev.jura-resort.ch\/de\/#\/schema\/logo\/image\/\",\"url\":\"https:\/\/dev.jura-resort.ch\/wp-content\/uploads\/2023\/12\/logo.png\",\"contentUrl\":\"https:\/\/dev.jura-resort.ch\/wp-content\/uploads\/2023\/12\/logo.png\",\"width\":120,\"height\":135,\"caption\":\"Jura Resort\"},\"image\":{\"@id\":\"https:\/\/dev.jura-resort.ch\/de\/#\/schema\/logo\/image\/\"},\"sameAs\":[\"https:\/\/www.facebook.com\/clfm.centredeloisirsdesfranchesmontagnes\",\"https:\/\/www.instagram.com\/jura_resort\/\",\"https:\/\/www.linkedin.com\/company\/jura-sport-spa-resort\/\",\"https:\/\/fr.tripadvisor.ch\/Hotel_Review-g1068933-d2618195-Reviews-Hotel_Cristal-Saignelegier_Canton_of_Jura.html\"]}]}<\/script>\n<!-- \/ Yoast SEO plugin. -->","yoast_head_json":{"title":"Jura Resort - Wandern, Wellness & Familienurlaub","description":"Entdecken Sie das Schweizer Jura: Wanderungen, Wellness und Aktivit\u00e4ten f\u00fcr die ganze Familie. Authentische Aufenthalte f\u00fcr Gro\u00df und Klein im Herzen des Jura.","robots":{"index":"index","follow":"follow","max-snippet":"max-snippet:-1","max-image-preview":"max-image-preview:large","max-video-preview":"max-video-preview:-1"},"canonical":"https:\/\/dev.jura-resort.ch\/de\/","og_locale":"de_DE","og_type":"article","og_title":"Jura Resort - Wandern, Wellness & Familienurlaub","og_description":"Entdecken Sie das Schweizer Jura: Wanderungen, Wellness und Aktivit\u00e4ten f\u00fcr die ganze Familie. Authentische Aufenthalte f\u00fcr Gro\u00df und Klein im Herzen des Jura.","og_url":"https:\/\/dev.jura-resort.ch\/de\/","og_site_name":"Jura Resort","article_publisher":"https:\/\/www.facebook.com\/clfm.centredeloisirsdesfranchesmontagnes","article_modified_time":"2025-12-24T14:10:59+00:00","twitter_card":"summary_large_image","schema":{"@context":"https:\/\/schema.org","@graph":[{"@type":"WebPage","@id":"https:\/\/dev.jura-resort.ch\/de\/","url":"https:\/\/dev.jura-resort.ch\/de\/","name":"Jura Resort - Wandern, Wellness & Familienurlaub","isPartOf":{"@id":"https:\/\/dev.jura-resort.ch\/de\/#website"},"datePublished":"2023-10-23T13:24:25+00:00","dateModified":"2025-12-24T14:10:59+00:00","description":"Entdecken Sie das Schweizer Jura: Wanderungen, Wellness und Aktivit\u00e4ten f\u00fcr die ganze Familie. Authentische Aufenthalte f\u00fcr Gro\u00df und Klein im Herzen des Jura.","breadcrumb":{"@id":"https:\/\/dev.jura-resort.ch\/de\/#breadcrumb"},"inLanguage":"de","potentialAction":[{"@type":"ReadAction","target":["https:\/\/dev.jura-resort.ch\/de\/"]}]},{"@type":"BreadcrumbList","@id":"https:\/\/dev.jura-resort.ch\/de\/#breadcrumb","itemListElement":[{"@type":"ListItem","position":1,"name":"Home","item":"https:\/\/dev.jura-resort.ch\/de\/homepage\/"},{"@type":"ListItem","position":2,"name":"Homepage"}]},{"@type":"WebSite","@id":"https:\/\/dev.jura-resort.ch\/de\/#website","url":"https:\/\/dev.jura-resort.ch\/de\/","name":"Jura Resort","description":"Jura Resort","publisher":{"@id":"https:\/\/dev.jura-resort.ch\/de\/#organization"},"potentialAction":[{"@type":"SearchAction","target":{"@type":"EntryPoint","urlTemplate":"https:\/\/dev.jura-resort.ch\/de\/?s={search_term_string}"},"query-input":{"@type":"PropertyValueSpecification","valueRequired":true,"valueName":"search_term_string"}}],"inLanguage":"de"},{"@type":"Organization","@id":"https:\/\/dev.jura-resort.ch\/de\/#organization","name":"Jura Resort","alternateName":"Jura Resort - Centre de loisirs des Franches-Montagnes","url":"https:\/\/dev.jura-resort.ch\/de\/","logo":{"@type":"ImageObject","inLanguage":"de","@id":"https:\/\/dev.jura-resort.ch\/de\/#\/schema\/logo\/image\/","url":"https:\/\/dev.jura-resort.ch\/wp-content\/uploads\/2023\/12\/logo.png","contentUrl":"https:\/\/dev.jura-resort.ch\/wp-content\/uploads\/2023\/12\/logo.png","width":120,"height":135,"caption":"Jura Resort"},"image":{"@id":"https:\/\/dev.jura-resort.ch\/de\/#\/schema\/logo\/image\/"},"sameAs":["https:\/\/www.facebook.com\/clfm.centredeloisirsdesfranchesmontagnes","https:\/\/www.instagram.com\/jura_resort\/","https:\/\/www.linkedin.com\/company\/jura-sport-spa-resort\/","https:\/\/fr.tripadvisor.ch\/Hotel_Review-g1068933-d2618195-Reviews-Hotel_Cristal-Saignelegier_Canton_of_Jura.html"]}]}},"_links":{"self":[{"href":"https:\/\/dev.jura-resort.ch\/de\/wp-json\/wp\/v2\/pages\/1487","targetHints":{"allow":["GET"]}}],"collection":[{"href":"https:\/\/dev.jura-resort.ch\/de\/wp-json\/wp\/v2\/pages"}],"about":[{"href":"https:\/\/dev.jura-resort.ch\/de\/wp-json\/wp\/v2\/types\/page"}],"author":[{"embeddable":true,"href":"https:\/\/dev.jura-resort.ch\/de\/wp-json\/wp\/v2\/users\/5"}],"replies":[{"embeddable":true,"href":"https:\/\/dev.jura-resort.ch\/de\/wp-json\/wp\/v2\/comments?post=1487"}],"version-history":[{"count":0,"href":"https:\/\/dev.jura-resort.ch\/de\/wp-json\/wp\/v2\/pages\/1487\/revisions"}],"wp:attachment":[{"href":"https:\/\/dev.jura-resort.ch\/de\/wp-json\/wp\/v2\/media?parent=1487"}],"curies":[{"name":"wp","href":"https:\/\/api.w.org\/{rel}","templated":true}]}}